{"id":4627,"date":"2021-02-26T08:56:35","date_gmt":"2021-02-26T06:56:35","guid":{"rendered":"https:\/\/vestelli.kansleri.fi\/experiences\/"},"modified":"2021-02-26T09:18:40","modified_gmt":"2021-02-26T07:18:40","slug":"experiences","status":"publish","type":"page","link":"https:\/\/vestelli.kansleri.fi\/en\/experiences\/","title":{"rendered":"Experiences"},"content":{"rendered":"<h1>Experiences<\/h1>\n<h2>Experiences<\/h2>\n<p>\t\t\t\t\t\t\t\t\t\t<img decoding=\"async\" width=\"2621\" height=\"137\" src=\"http:\/\/vestelli.kansleri.fi\/wp-content\/uploads\/2020\/03\/element_wave_01_fat.png\" alt=\"\" loading=\"lazy\" srcset=\"http:\/\/vestelli.kansleri.fi\/wp-content\/uploads\/2020\/03\/element_wave_01_fat.png 2621w, http:\/\/vestelli.kansleri.fi\/wp-content\/uploads\/2020\/03\/element_wave_01_fat-300x16.png 300w, http:\/\/vestelli.kansleri.fi\/wp-content\/uploads\/2020\/03\/element_wave_01_fat-1024x54.png 1024w, http:\/\/vestelli.kansleri.fi\/wp-content\/uploads\/2020\/03\/element_wave_01_fat-768x40.png 768w, http:\/\/vestelli.kansleri.fi\/wp-content\/uploads\/2020\/03\/element_wave_01_fat-1536x80.png 1536w, http:\/\/vestelli.kansleri.fi\/wp-content\/uploads\/2020\/03\/element_wave_01_fat-2048x107.png 2048w, http:\/\/vestelli.kansleri.fi\/wp-content\/uploads\/2020\/03\/element_wave_01_fat-1920x100.png 1920w, http:\/\/vestelli.kansleri.fi\/wp-content\/uploads\/2020\/03\/element_wave_01_fat-760x40.png 760w, http:\/\/vestelli.kansleri.fi\/wp-content\/uploads\/2020\/03\/element_wave_01_fat-160x8.png 160w\" sizes=\"auto, (max-width: 2621px) 100vw, 2621px\" \/><br \/>\n\t\t\t\t\t\t\t\t\t\t<img decoding=\"async\" width=\"548\" height=\"783\" src=\"http:\/\/vestelli.kansleri.fi\/wp-content\/uploads\/2020\/04\/avainlippu-nelio.png\" alt=\"\" loading=\"lazy\" srcset=\"http:\/\/vestelli.kansleri.fi\/wp-content\/uploads\/2020\/04\/avainlippu-nelio.png 548w, http:\/\/vestelli.kansleri.fi\/wp-content\/uploads\/2020\/04\/avainlippu-nelio-210x300.png 210w, http:\/\/vestelli.kansleri.fi\/wp-content\/uploads\/2020\/04\/avainlippu-nelio-532x760.png 532w, http:\/\/vestelli.kansleri.fi\/wp-content\/uploads\/2020\/04\/avainlippu-nelio-112x160.png 112w\" sizes=\"auto, (max-width: 548px) 100vw, 548px\" \/><br \/>\n\t\t\t\t0<br \/>\n\t\t\t\t%<\/p>\n<p>MANUFACTURED<\/p>\n<p>IN FINLAND<\/p>\n<p>\t\t\t\t\t\t\t\t\t\t<img decoding=\"async\" width=\"421\" height=\"421\" src=\"http:\/\/vestelli.kansleri.fi\/wp-content\/uploads\/2020\/04\/handshake1.png\" alt=\"\" loading=\"lazy\" srcset=\"http:\/\/vestelli.kansleri.fi\/wp-content\/uploads\/2020\/04\/handshake1.png 421w, http:\/\/vestelli.kansleri.fi\/wp-content\/uploads\/2020\/04\/handshake1-300x300.png 300w, http:\/\/vestelli.kansleri.fi\/wp-content\/uploads\/2020\/04\/handshake1-150x150.png 150w, http:\/\/vestelli.kansleri.fi\/wp-content\/uploads\/2020\/04\/handshake1-800x800.png 800w, http:\/\/vestelli.kansleri.fi\/wp-content\/uploads\/2020\/04\/handshake1-160x160.png 160w\" sizes=\"auto, (max-width: 421px) 100vw, 421px\" \/><br \/>\n\t\t\t\t+<br \/>\n\t\t\t\t0<\/p>\n<p>SOLD<\/p>\n<p>PRODUCTS<\/p>\n<p>\t\t\t\t\t\t\t\t\t\t<img decoding=\"async\" width=\"640\" height=\"640\" src=\"http:\/\/vestelli.kansleri.fi\/wp-content\/uploads\/2020\/04\/hymynaama1-1024x1024.png\" alt=\"\" loading=\"lazy\" srcset=\"http:\/\/vestelli.kansleri.fi\/wp-content\/uploads\/2020\/04\/hymynaama1-1024x1024.png 1024w, http:\/\/vestelli.kansleri.fi\/wp-content\/uploads\/2020\/04\/hymynaama1-300x300.png 300w, http:\/\/vestelli.kansleri.fi\/wp-content\/uploads\/2020\/04\/hymynaama1-150x150.png 150w, http:\/\/vestelli.kansleri.fi\/wp-content\/uploads\/2020\/04\/hymynaama1-768x768.png 768w, http:\/\/vestelli.kansleri.fi\/wp-content\/uploads\/2020\/04\/hymynaama1-876x876.png 876w, http:\/\/vestelli.kansleri.fi\/wp-content\/uploads\/2020\/04\/hymynaama1-800x800.png 800w, http:\/\/vestelli.kansleri.fi\/wp-content\/uploads\/2020\/04\/hymynaama1-760x760.png 760w, http:\/\/vestelli.kansleri.fi\/wp-content\/uploads\/2020\/04\/hymynaama1-160x160.png 160w, http:\/\/vestelli.kansleri.fi\/wp-content\/uploads\/2020\/04\/hymynaama1.png 1458w\" sizes=\"auto, (max-width: 640px) 100vw, 640px\" \/><br \/>\n\t\t\t\t0<br \/>\n\t\t\t\t%<\/p>\n<p>OF CUSTOMERS<\/p>\n<p>RECOMMEND<\/p>\n<h2>Are you buying a wastewater treatment system?<\/h2>\n<p>\t\t\t\t\t\t\t\t\t\t<img decoding=\"async\" width=\"2621\" height=\"137\" src=\"http:\/\/vestelli.kansleri.fi\/wp-content\/uploads\/2020\/03\/element_wave_01_fat.png\" alt=\"\" loading=\"lazy\" srcset=\"http:\/\/vestelli.kansleri.fi\/wp-content\/uploads\/2020\/03\/element_wave_01_fat.png 2621w, http:\/\/vestelli.kansleri.fi\/wp-content\/uploads\/2020\/03\/element_wave_01_fat-300x16.png 300w, http:\/\/vestelli.kansleri.fi\/wp-content\/uploads\/2020\/03\/element_wave_01_fat-1024x54.png 1024w, http:\/\/vestelli.kansleri.fi\/wp-content\/uploads\/2020\/03\/element_wave_01_fat-768x40.png 768w, http:\/\/vestelli.kansleri.fi\/wp-content\/uploads\/2020\/03\/element_wave_01_fat-1536x80.png 1536w, http:\/\/vestelli.kansleri.fi\/wp-content\/uploads\/2020\/03\/element_wave_01_fat-2048x107.png 2048w, http:\/\/vestelli.kansleri.fi\/wp-content\/uploads\/2020\/03\/element_wave_01_fat-1920x100.png 1920w, http:\/\/vestelli.kansleri.fi\/wp-content\/uploads\/2020\/03\/element_wave_01_fat-760x40.png 760w, http:\/\/vestelli.kansleri.fi\/wp-content\/uploads\/2020\/03\/element_wave_01_fat-160x8.png 160w\" sizes=\"auto, (max-width: 2621px) 100vw, 2621px\" \/>\t\t\t\t\t\t\t\t\t\t\t<\/p>\n<p>Vestelli is known for its comprehensive wastewater expertise and the development work of several innovative treatment methods.<\/p>\n<p>\t\t\t<a href=\"\/en\/contact-us\/\" role=\"button\"><br \/>\n\t\t\t\t\t\tContact us<br \/>\n\t\t\t\t\t<\/a><\/p>\n","protected":false},"excerpt":{"rendered":"<p>Experiences Experiences 0 % MANUFACTURED IN FINLAND + 0 SOLD PRODUCTS 0 % OF CUSTOMERS RECOMMEND Are you buying a wastewater treatment system? Vestelli is known for its comprehensive wastewater expertise and the development work of several innovative treatment methods. Contact us<\/p>\n","protected":false},"author":33,"featured_media":0,"parent":0,"menu_order":0,"comment_status":"closed","ping_status":"closed","template":"elementor_header_footer","meta":{"_acf_changed":false,"footnotes":""},"class_list":["post-4627","page","type-page","status-publish","hentry"],"acf":[],"yoast_head":"<!-- This site is optimized with the Yoast SEO plugin v27.2 - https:\/\/yoast.com\/product\/yoast-seo-wordpress\/ -->\n<title>Experiences | Vestelli.fi<\/title>\n<meta name=\"description\" content=\"Vestelli on vakuuttanut vuosien saatossa jo yli 5 000 asiakasta laadukkaalla toiminnallaan.\" \/>\n<meta name=\"robots\" content=\"noindex, follow, max-snippet:-1, max-image-preview:large, max-video-preview:-1\" \/>\n<meta property=\"og:locale\" content=\"en_US\" \/>\n<meta property=\"og:type\" content=\"article\" \/>\n<meta property=\"og:title\" content=\"Experiences | Vestelli.fi\" \/>\n<meta property=\"og:description\" content=\"Vestelli on vakuuttanut vuosien saatossa jo yli 5 000 asiakasta laadukkaalla toiminnallaan.\" \/>\n<meta property=\"og:url\" content=\"https:\/\/vestelli.kansleri.fi\/en\/experiences\/\" \/>\n<meta property=\"og:site_name\" content=\"Vestelli.fi\" \/>\n<meta property=\"article:modified_time\" content=\"2021-02-26T07:18:40+00:00\" \/>\n<meta property=\"og:image\" content=\"http:\/\/vestelli.kansleri.fi\/wp-content\/uploads\/2020\/03\/element_wave_01_fat.png\" \/>\n<meta name=\"twitter:card\" content=\"summary_large_image\" \/>\n<meta name=\"twitter:label1\" content=\"Est. reading time\" \/>\n\t<meta name=\"twitter:data1\" content=\"2 minutes\" \/>\n<script type=\"application\/ld+json\" class=\"yoast-schema-graph\">{\"@context\":\"https:\/\/schema.org\",\"@graph\":[{\"@type\":\"WebPage\",\"@id\":\"https:\/\/vestelli.kansleri.fi\/en\/experiences\/\",\"url\":\"https:\/\/vestelli.kansleri.fi\/en\/experiences\/\",\"name\":\"Experiences | Vestelli.fi\",\"isPartOf\":{\"@id\":\"https:\/\/vestelli.kansleri.fi\/en\/#website\"},\"primaryImageOfPage\":{\"@id\":\"https:\/\/vestelli.kansleri.fi\/en\/experiences\/#primaryimage\"},\"image\":{\"@id\":\"https:\/\/vestelli.kansleri.fi\/en\/experiences\/#primaryimage\"},\"thumbnailUrl\":\"http:\/\/vestelli.kansleri.fi\/wp-content\/uploads\/2020\/03\/element_wave_01_fat.png\",\"datePublished\":\"2021-02-26T06:56:35+00:00\",\"dateModified\":\"2021-02-26T07:18:40+00:00\",\"description\":\"Vestelli on vakuuttanut vuosien saatossa jo yli 5 000 asiakasta laadukkaalla toiminnallaan.\",\"breadcrumb\":{\"@id\":\"https:\/\/vestelli.kansleri.fi\/en\/experiences\/#breadcrumb\"},\"inLanguage\":\"en-US\",\"potentialAction\":[{\"@type\":\"ReadAction\",\"target\":[\"https:\/\/vestelli.kansleri.fi\/en\/experiences\/\"]}]},{\"@type\":\"ImageObject\",\"inLanguage\":\"en-US\",\"@id\":\"https:\/\/vestelli.kansleri.fi\/en\/experiences\/#primaryimage\",\"url\":\"http:\/\/vestelli.kansleri.fi\/wp-content\/uploads\/2020\/03\/element_wave_01_fat.png\",\"contentUrl\":\"http:\/\/vestelli.kansleri.fi\/wp-content\/uploads\/2020\/03\/element_wave_01_fat.png\"},{\"@type\":\"BreadcrumbList\",\"@id\":\"https:\/\/vestelli.kansleri.fi\/en\/experiences\/#breadcrumb\",\"itemListElement\":[{\"@type\":\"ListItem\",\"position\":1,\"name\":\"Home\",\"item\":\"https:\/\/vestelli.kansleri.fi\/en\/home\/\"},{\"@type\":\"ListItem\",\"position\":2,\"name\":\"Experiences\"}]},{\"@type\":\"WebSite\",\"@id\":\"https:\/\/vestelli.kansleri.fi\/en\/#website\",\"url\":\"https:\/\/vestelli.kansleri.fi\/en\/\",\"name\":\"Vestelli.fi\",\"description\":\"Puhtaiden vesien puolesta \u2013 tehokkaat j\u00e4tevesij\u00e4rjestelm\u00e4t\",\"publisher\":{\"@id\":\"https:\/\/vestelli.kansleri.fi\/en\/#organization\"},\"potentialAction\":[{\"@type\":\"SearchAction\",\"target\":{\"@type\":\"EntryPoint\",\"urlTemplate\":\"https:\/\/vestelli.kansleri.fi\/en\/?s={search_term_string}\"},\"query-input\":{\"@type\":\"PropertyValueSpecification\",\"valueRequired\":true,\"valueName\":\"search_term_string\"}}],\"inLanguage\":\"en-US\"},{\"@type\":\"Organization\",\"@id\":\"https:\/\/vestelli.kansleri.fi\/en\/#organization\",\"name\":\"Vestelli Oy\",\"url\":\"https:\/\/vestelli.kansleri.fi\/en\/\",\"logo\":{\"@type\":\"ImageObject\",\"inLanguage\":\"en-US\",\"@id\":\"https:\/\/vestelli.kansleri.fi\/en\/#\/schema\/logo\/image\/\",\"url\":\"http:\/\/vestelli.kansleri.fi\/wp-content\/uploads\/2018\/05\/vestelli_logo-e1577697076704.png\",\"contentUrl\":\"http:\/\/vestelli.kansleri.fi\/wp-content\/uploads\/2018\/05\/vestelli_logo-e1577697076704.png\",\"width\":200,\"height\":72,\"caption\":\"Vestelli Oy\"},\"image\":{\"@id\":\"https:\/\/vestelli.kansleri.fi\/en\/#\/schema\/logo\/image\/\"}}]}<\/script>\n<!-- \/ Yoast SEO plugin. -->","yoast_head_json":{"title":"Experiences | Vestelli.fi","description":"Vestelli on vakuuttanut vuosien saatossa jo yli 5 000 asiakasta laadukkaalla toiminnallaan.","robots":{"index":"noindex","follow":"follow","max-snippet":"max-snippet:-1","max-image-preview":"max-image-preview:large","max-video-preview":"max-video-preview:-1"},"og_locale":"en_US","og_type":"article","og_title":"Experiences | Vestelli.fi","og_description":"Vestelli on vakuuttanut vuosien saatossa jo yli 5 000 asiakasta laadukkaalla toiminnallaan.","og_url":"https:\/\/vestelli.kansleri.fi\/en\/experiences\/","og_site_name":"Vestelli.fi","article_modified_time":"2021-02-26T07:18:40+00:00","og_image":[{"url":"http:\/\/vestelli.kansleri.fi\/wp-content\/uploads\/2020\/03\/element_wave_01_fat.png","type":"","width":"","height":""}],"twitter_card":"summary_large_image","twitter_misc":{"Est. reading time":"2 minutes"},"schema":{"@context":"https:\/\/schema.org","@graph":[{"@type":"WebPage","@id":"https:\/\/vestelli.kansleri.fi\/en\/experiences\/","url":"https:\/\/vestelli.kansleri.fi\/en\/experiences\/","name":"Experiences | Vestelli.fi","isPartOf":{"@id":"https:\/\/vestelli.kansleri.fi\/en\/#website"},"primaryImageOfPage":{"@id":"https:\/\/vestelli.kansleri.fi\/en\/experiences\/#primaryimage"},"image":{"@id":"https:\/\/vestelli.kansleri.fi\/en\/experiences\/#primaryimage"},"thumbnailUrl":"http:\/\/vestelli.kansleri.fi\/wp-content\/uploads\/2020\/03\/element_wave_01_fat.png","datePublished":"2021-02-26T06:56:35+00:00","dateModified":"2021-02-26T07:18:40+00:00","description":"Vestelli on vakuuttanut vuosien saatossa jo yli 5 000 asiakasta laadukkaalla toiminnallaan.","breadcrumb":{"@id":"https:\/\/vestelli.kansleri.fi\/en\/experiences\/#breadcrumb"},"inLanguage":"en-US","potentialAction":[{"@type":"ReadAction","target":["https:\/\/vestelli.kansleri.fi\/en\/experiences\/"]}]},{"@type":"ImageObject","inLanguage":"en-US","@id":"https:\/\/vestelli.kansleri.fi\/en\/experiences\/#primaryimage","url":"http:\/\/vestelli.kansleri.fi\/wp-content\/uploads\/2020\/03\/element_wave_01_fat.png","contentUrl":"http:\/\/vestelli.kansleri.fi\/wp-content\/uploads\/2020\/03\/element_wave_01_fat.png"},{"@type":"BreadcrumbList","@id":"https:\/\/vestelli.kansleri.fi\/en\/experiences\/#breadcrumb","itemListElement":[{"@type":"ListItem","position":1,"name":"Home","item":"https:\/\/vestelli.kansleri.fi\/en\/home\/"},{"@type":"ListItem","position":2,"name":"Experiences"}]},{"@type":"WebSite","@id":"https:\/\/vestelli.kansleri.fi\/en\/#website","url":"https:\/\/vestelli.kansleri.fi\/en\/","name":"Vestelli.fi","description":"Puhtaiden vesien puolesta \u2013 tehokkaat j\u00e4tevesij\u00e4rjestelm\u00e4t","publisher":{"@id":"https:\/\/vestelli.kansleri.fi\/en\/#organization"},"potentialAction":[{"@type":"SearchAction","target":{"@type":"EntryPoint","urlTemplate":"https:\/\/vestelli.kansleri.fi\/en\/?s={search_term_string}"},"query-input":{"@type":"PropertyValueSpecification","valueRequired":true,"valueName":"search_term_string"}}],"inLanguage":"en-US"},{"@type":"Organization","@id":"https:\/\/vestelli.kansleri.fi\/en\/#organization","name":"Vestelli Oy","url":"https:\/\/vestelli.kansleri.fi\/en\/","logo":{"@type":"ImageObject","inLanguage":"en-US","@id":"https:\/\/vestelli.kansleri.fi\/en\/#\/schema\/logo\/image\/","url":"http:\/\/vestelli.kansleri.fi\/wp-content\/uploads\/2018\/05\/vestelli_logo-e1577697076704.png","contentUrl":"http:\/\/vestelli.kansleri.fi\/wp-content\/uploads\/2018\/05\/vestelli_logo-e1577697076704.png","width":200,"height":72,"caption":"Vestelli Oy"},"image":{"@id":"https:\/\/vestelli.kansleri.fi\/en\/#\/schema\/logo\/image\/"}}]}},"_links":{"self":[{"href":"https:\/\/vestelli.kansleri.fi\/en\/wp-json\/wp\/v2\/pages\/4627","targetHints":{"allow":["GET"]}}],"collection":[{"href":"https:\/\/vestelli.kansleri.fi\/en\/wp-json\/wp\/v2\/pages"}],"about":[{"href":"https:\/\/vestelli.kansleri.fi\/en\/wp-json\/wp\/v2\/types\/page"}],"author":[{"embeddable":true,"href":"https:\/\/vestelli.kansleri.fi\/en\/wp-json\/wp\/v2\/users\/33"}],"replies":[{"embeddable":true,"href":"https:\/\/vestelli.kansleri.fi\/en\/wp-json\/wp\/v2\/comments?post=4627"}],"version-history":[{"count":8,"href":"https:\/\/vestelli.kansleri.fi\/en\/wp-json\/wp\/v2\/pages\/4627\/revisions"}],"predecessor-version":[{"id":4647,"href":"https:\/\/vestelli.kansleri.fi\/en\/wp-json\/wp\/v2\/pages\/4627\/revisions\/4647"}],"wp:attachment":[{"href":"https:\/\/vestelli.kansleri.fi\/en\/wp-json\/wp\/v2\/media?parent=4627"}],"curies":[{"name":"wp","href":"https:\/\/api.w.org\/{rel}","templated":true}]}}