{"id":4648,"date":"2021-02-26T09:55:57","date_gmt":"2021-02-26T07:55:57","guid":{"rendered":"https:\/\/vestelli.kansleri.fi\/?page_id=4648"},"modified":"2022-01-11T11:21:32","modified_gmt":"2022-01-11T09:21:32","slug":"products","status":"publish","type":"page","link":"https:\/\/vestelli.kansleri.fi\/en\/products\/","title":{"rendered":"Products"},"content":{"rendered":"<h1>Products<\/h1>\n<h2>For clean water<br \/>\n<\/h2>\n<p>\t\t\t\t\t\t\t\t\t\t\t\t<img decoding=\"async\" width=\"2621\" height=\"137\" src=\"http:\/\/vestelli.kansleri.fi\/wp-content\/uploads\/2020\/03\/element_wave_01_fat.png\" alt=\"\" loading=\"lazy\" srcset=\"http:\/\/vestelli.kansleri.fi\/wp-content\/uploads\/2020\/03\/element_wave_01_fat.png 2621w, http:\/\/vestelli.kansleri.fi\/wp-content\/uploads\/2020\/03\/element_wave_01_fat-300x16.png 300w, http:\/\/vestelli.kansleri.fi\/wp-content\/uploads\/2020\/03\/element_wave_01_fat-1024x54.png 1024w, http:\/\/vestelli.kansleri.fi\/wp-content\/uploads\/2020\/03\/element_wave_01_fat-768x40.png 768w, http:\/\/vestelli.kansleri.fi\/wp-content\/uploads\/2020\/03\/element_wave_01_fat-1536x80.png 1536w, http:\/\/vestelli.kansleri.fi\/wp-content\/uploads\/2020\/03\/element_wave_01_fat-2048x107.png 2048w, http:\/\/vestelli.kansleri.fi\/wp-content\/uploads\/2020\/03\/element_wave_01_fat-1920x100.png 1920w, http:\/\/vestelli.kansleri.fi\/wp-content\/uploads\/2020\/03\/element_wave_01_fat-760x40.png 760w, http:\/\/vestelli.kansleri.fi\/wp-content\/uploads\/2020\/03\/element_wave_01_fat-160x8.png 160w\" sizes=\"auto, (max-width: 2621px) 100vw, 2621px\" \/>\t\t\t\t\t\t\t\t\t\t\t\t\t\t<\/p>\n<p>Vestelli provides you with efficient and tested wastewater treatment systems. Vestelli\u2019s long-lasting and no-fuss treatment solutions are a pro-environment act.<\/p>\n<p>\t\t\t<a href=\"\/en\/contact-us\/\" role=\"button\"><br \/>\n\t\t\t\t\t\tBook a 15-minute phone appointment<br \/>\n\t\t\t\t\t<\/a><br \/>\n\t\t\t\t\t\t\t\t\t\t\t\t<img decoding=\"async\" width=\"544\" height=\"760\" src=\"http:\/\/vestelli.kansleri.fi\/wp-content\/uploads\/2020\/04\/Biopuhdistaja-2.png\" alt=\"\" loading=\"lazy\" srcset=\"http:\/\/vestelli.kansleri.fi\/wp-content\/uploads\/2020\/04\/Biopuhdistaja-2.png 544w, http:\/\/vestelli.kansleri.fi\/wp-content\/uploads\/2020\/04\/Biopuhdistaja-2-215x300.png 215w, http:\/\/vestelli.kansleri.fi\/wp-content\/uploads\/2020\/04\/Biopuhdistaja-2-115x160.png 115w\" sizes=\"auto, (max-width: 544px) 100vw, 544px\" \/>\t\t\t\t\t\t\t\t\t\t\t\t\t\t<\/p>\n<h2>Bioreactor 2<\/h2>\n<p>\t\t\t\t\t\t\t\t\t\t\t\t<img decoding=\"async\" width=\"2621\" height=\"137\" src=\"http:\/\/vestelli.kansleri.fi\/wp-content\/uploads\/2020\/03\/element_wave_01_fat.png\" alt=\"\" loading=\"lazy\" srcset=\"http:\/\/vestelli.kansleri.fi\/wp-content\/uploads\/2020\/03\/element_wave_01_fat.png 2621w, http:\/\/vestelli.kansleri.fi\/wp-content\/uploads\/2020\/03\/element_wave_01_fat-300x16.png 300w, http:\/\/vestelli.kansleri.fi\/wp-content\/uploads\/2020\/03\/element_wave_01_fat-1024x54.png 1024w, http:\/\/vestelli.kansleri.fi\/wp-content\/uploads\/2020\/03\/element_wave_01_fat-768x40.png 768w, http:\/\/vestelli.kansleri.fi\/wp-content\/uploads\/2020\/03\/element_wave_01_fat-1536x80.png 1536w, http:\/\/vestelli.kansleri.fi\/wp-content\/uploads\/2020\/03\/element_wave_01_fat-2048x107.png 2048w, http:\/\/vestelli.kansleri.fi\/wp-content\/uploads\/2020\/03\/element_wave_01_fat-1920x100.png 1920w, http:\/\/vestelli.kansleri.fi\/wp-content\/uploads\/2020\/03\/element_wave_01_fat-760x40.png 760w, http:\/\/vestelli.kansleri.fi\/wp-content\/uploads\/2020\/03\/element_wave_01_fat-160x8.png 160w\" sizes=\"auto, (max-width: 2621px) 100vw, 2621px\" \/>\t\t\t\t\t\t\t\t\t\t\t\t\t\t<\/p>\n<p>For the greywater of a detached house or summer cottage<\/p>\n<p>\t\t\t<a href=\"#\" role=\"button\"><br \/>\n\t\t\t\t\t\tRead more<br \/>\n\t\t\t\t\t<\/a><br \/>\n\t\t\t\t\t\t\t\t\t\t\t\t<img decoding=\"async\" width=\"511\" height=\"760\" src=\"http:\/\/vestelli.kansleri.fi\/wp-content\/uploads\/2020\/04\/Biopuhdistaja-3-4.png\" alt=\"\" loading=\"lazy\" srcset=\"http:\/\/vestelli.kansleri.fi\/wp-content\/uploads\/2020\/04\/Biopuhdistaja-3-4.png 511w, http:\/\/vestelli.kansleri.fi\/wp-content\/uploads\/2020\/04\/Biopuhdistaja-3-4-202x300.png 202w, http:\/\/vestelli.kansleri.fi\/wp-content\/uploads\/2020\/04\/Biopuhdistaja-3-4-108x160.png 108w\" sizes=\"auto, (max-width: 511px) 100vw, 511px\" \/>\t\t\t\t\t\t\t\t\t\t\t\t\t\t<\/p>\n<h2>Bioreactor 3 &amp; 4<\/h2>\n<p>\t\t\t\t\t\t\t\t\t\t\t\t<img decoding=\"async\" width=\"2621\" height=\"137\" src=\"http:\/\/vestelli.kansleri.fi\/wp-content\/uploads\/2020\/03\/element_wave_01_fat.png\" alt=\"\" loading=\"lazy\" srcset=\"http:\/\/vestelli.kansleri.fi\/wp-content\/uploads\/2020\/03\/element_wave_01_fat.png 2621w, http:\/\/vestelli.kansleri.fi\/wp-content\/uploads\/2020\/03\/element_wave_01_fat-300x16.png 300w, http:\/\/vestelli.kansleri.fi\/wp-content\/uploads\/2020\/03\/element_wave_01_fat-1024x54.png 1024w, http:\/\/vestelli.kansleri.fi\/wp-content\/uploads\/2020\/03\/element_wave_01_fat-768x40.png 768w, http:\/\/vestelli.kansleri.fi\/wp-content\/uploads\/2020\/03\/element_wave_01_fat-1536x80.png 1536w, http:\/\/vestelli.kansleri.fi\/wp-content\/uploads\/2020\/03\/element_wave_01_fat-2048x107.png 2048w, http:\/\/vestelli.kansleri.fi\/wp-content\/uploads\/2020\/03\/element_wave_01_fat-1920x100.png 1920w, http:\/\/vestelli.kansleri.fi\/wp-content\/uploads\/2020\/03\/element_wave_01_fat-760x40.png 760w, http:\/\/vestelli.kansleri.fi\/wp-content\/uploads\/2020\/03\/element_wave_01_fat-160x8.png 160w\" sizes=\"auto, (max-width: 2621px) 100vw, 2621px\" \/>\t\t\t\t\t\t\t\t\t\t\t\t\t\t<\/p>\n<p>For the greywater of a detached house or summer cottage<\/p>\n<p>\t\t\t<a href=\"#\" role=\"button\"><br \/>\n\t\t\t\t\t\tRead more<br \/>\n\t\t\t\t\t<\/a><br \/>\n\t\t\t\t\t\t\t\t\t\t\t\t<img decoding=\"async\" width=\"511\" height=\"760\" src=\"http:\/\/vestelli.kansleri.fi\/wp-content\/uploads\/2020\/03\/Suuremmat-Biopuhdistajat-Vestelli-1.png\" alt=\"\" loading=\"lazy\" srcset=\"http:\/\/vestelli.kansleri.fi\/wp-content\/uploads\/2020\/03\/Suuremmat-Biopuhdistajat-Vestelli-1.png 511w, http:\/\/vestelli.kansleri.fi\/wp-content\/uploads\/2020\/03\/Suuremmat-Biopuhdistajat-Vestelli-1-202x300.png 202w, http:\/\/vestelli.kansleri.fi\/wp-content\/uploads\/2020\/03\/Suuremmat-Biopuhdistajat-Vestelli-1-108x160.png 108w\" sizes=\"auto, (max-width: 511px) 100vw, 511px\" \/>\t\t\t\t\t\t\t\t\t\t\t\t\t\t<\/p>\n<h2>Larger Bioreactors<\/h2>\n<p>\t\t\t\t\t\t\t\t\t\t\t\t<img decoding=\"async\" width=\"2621\" height=\"137\" src=\"http:\/\/vestelli.kansleri.fi\/wp-content\/uploads\/2020\/03\/element_wave_01_fat.png\" alt=\"\" loading=\"lazy\" srcset=\"http:\/\/vestelli.kansleri.fi\/wp-content\/uploads\/2020\/03\/element_wave_01_fat.png 2621w, http:\/\/vestelli.kansleri.fi\/wp-content\/uploads\/2020\/03\/element_wave_01_fat-300x16.png 300w, http:\/\/vestelli.kansleri.fi\/wp-content\/uploads\/2020\/03\/element_wave_01_fat-1024x54.png 1024w, http:\/\/vestelli.kansleri.fi\/wp-content\/uploads\/2020\/03\/element_wave_01_fat-768x40.png 768w, http:\/\/vestelli.kansleri.fi\/wp-content\/uploads\/2020\/03\/element_wave_01_fat-1536x80.png 1536w, http:\/\/vestelli.kansleri.fi\/wp-content\/uploads\/2020\/03\/element_wave_01_fat-2048x107.png 2048w, http:\/\/vestelli.kansleri.fi\/wp-content\/uploads\/2020\/03\/element_wave_01_fat-1920x100.png 1920w, http:\/\/vestelli.kansleri.fi\/wp-content\/uploads\/2020\/03\/element_wave_01_fat-760x40.png 760w, http:\/\/vestelli.kansleri.fi\/wp-content\/uploads\/2020\/03\/element_wave_01_fat-160x8.png 160w\" sizes=\"auto, (max-width: 2621px) 100vw, 2621px\" \/>\t\t\t\t\t\t\t\t\t\t\t\t\t\t<\/p>\n<p>For the greywater of a detached house or summer cottage<\/p>\n<p>\t\t\t<a href=\"#\" role=\"button\"><br \/>\n\t\t\t\t\t\tRead more<br \/>\n\t\t\t\t\t<\/a><br \/>\n\t\t\t\t\t\t\t\t\t\t\t\t<img decoding=\"async\" width=\"2560\" height=\"1710\" src=\"http:\/\/vestelli.kansleri.fi\/wp-content\/uploads\/2019\/12\/Vestelli-Lapuanjoen-Rantakeidas-8-scaled.jpg\" alt=\"\" loading=\"lazy\" srcset=\"http:\/\/vestelli.kansleri.fi\/wp-content\/uploads\/2019\/12\/Vestelli-Lapuanjoen-Rantakeidas-8-scaled.jpg 2560w, http:\/\/vestelli.kansleri.fi\/wp-content\/uploads\/2019\/12\/Vestelli-Lapuanjoen-Rantakeidas-8-300x200.jpg 300w, http:\/\/vestelli.kansleri.fi\/wp-content\/uploads\/2019\/12\/Vestelli-Lapuanjoen-Rantakeidas-8-1024x684.jpg 1024w, http:\/\/vestelli.kansleri.fi\/wp-content\/uploads\/2019\/12\/Vestelli-Lapuanjoen-Rantakeidas-8-768x513.jpg 768w, http:\/\/vestelli.kansleri.fi\/wp-content\/uploads\/2019\/12\/Vestelli-Lapuanjoen-Rantakeidas-8-1536x1026.jpg 1536w, http:\/\/vestelli.kansleri.fi\/wp-content\/uploads\/2019\/12\/Vestelli-Lapuanjoen-Rantakeidas-8-2048x1368.jpg 2048w, http:\/\/vestelli.kansleri.fi\/wp-content\/uploads\/2019\/12\/Vestelli-Lapuanjoen-Rantakeidas-8-1311x876.jpg 1311w, http:\/\/vestelli.kansleri.fi\/wp-content\/uploads\/2019\/12\/Vestelli-Lapuanjoen-Rantakeidas-8-760x508.jpg 760w, http:\/\/vestelli.kansleri.fi\/wp-content\/uploads\/2019\/12\/Vestelli-Lapuanjoen-Rantakeidas-8-160x107.jpg 160w\" sizes=\"auto, (max-width: 2560px) 100vw, 2560px\" \/>\t\t\t\t\t\t\t\t\t\t\t\t\t\t<\/p>\n<h2>The operating principle of the Bioreactor is simple<\/h2>\n<p>The Bioreactor is a continuously operating greywater bioreactor, and its operating principle is simple. Its operation is based on the aeration of wastewater, which is made efficient by means of biological treatment. The biological layer that is accumulated at the surface of the biomodules enhances the treatment of nutrients in the wastewater.<\/p>\n<p>\t\t\t<a href=\"\/en\/blog\/2018\/02\/13\/the-operating-principle-of-the-bioreactor-is-simple\/\" role=\"button\"><br \/>\n\t\t\t\t\t\tRead more<br \/>\n\t\t\t\t\t<\/a><\/p>\n<h2>You will always achieve an excellent treatment result with the Bioreactor<\/h2>\n<p>The Bioreactor has been independently tested for six years. The Bioreactor meets the strictest requirement level of the wastewater legislation 19\/2017 in all conditions. You will always achieve an excellent treatment result with the Bioreactor despite the equipment level of your property, temporary use and relevant season \u2013 the environment will thank you.<\/p>\n<p>\t\t\t<a href=\"\/en\/blog\/2017\/12\/17\/you-will-always-achieve-an-excellent-treatment-result-with-the-bioreactor\/\" role=\"button\"><br \/>\n\t\t\t\t\t\tRead more<br \/>\n\t\t\t\t\t<\/a><br \/>\n\t\t\t\t\t\t\t\t\t\t\t\t<img decoding=\"async\" width=\"1034\" height=\"474\" src=\"http:\/\/vestelli.kansleri.fi\/wp-content\/uploads\/2017\/12\/vestelli_tutkimustulokset_infograafi_eng-1.png\" alt=\"\" loading=\"lazy\" srcset=\"http:\/\/vestelli.kansleri.fi\/wp-content\/uploads\/2017\/12\/vestelli_tutkimustulokset_infograafi_eng-1.png 1034w, http:\/\/vestelli.kansleri.fi\/wp-content\/uploads\/2017\/12\/vestelli_tutkimustulokset_infograafi_eng-1-300x138.png 300w, http:\/\/vestelli.kansleri.fi\/wp-content\/uploads\/2017\/12\/vestelli_tutkimustulokset_infograafi_eng-1-768x352.png 768w, http:\/\/vestelli.kansleri.fi\/wp-content\/uploads\/2017\/12\/vestelli_tutkimustulokset_infograafi_eng-1-1024x469.png 1024w, http:\/\/vestelli.kansleri.fi\/wp-content\/uploads\/2017\/12\/vestelli_tutkimustulokset_infograafi_eng-1-760x348.png 760w, http:\/\/vestelli.kansleri.fi\/wp-content\/uploads\/2017\/12\/vestelli_tutkimustulokset_infograafi_eng-1-160x73.png 160w\" sizes=\"auto, (max-width: 1034px) 100vw, 1034px\" \/>\t\t\t\t\t\t\t\t\t\t\t\t\t\t<\/p>\n<h2>Experiences<\/h2>\n<p>\t\t\t\t\t\t\t\t\t\t\t\t<img decoding=\"async\" width=\"2621\" height=\"137\" src=\"http:\/\/vestelli.kansleri.fi\/wp-content\/uploads\/2020\/03\/element_wave_01_fat.png\" alt=\"\" loading=\"lazy\" srcset=\"http:\/\/vestelli.kansleri.fi\/wp-content\/uploads\/2020\/03\/element_wave_01_fat.png 2621w, http:\/\/vestelli.kansleri.fi\/wp-content\/uploads\/2020\/03\/element_wave_01_fat-300x16.png 300w, http:\/\/vestelli.kansleri.fi\/wp-content\/uploads\/2020\/03\/element_wave_01_fat-1024x54.png 1024w, http:\/\/vestelli.kansleri.fi\/wp-content\/uploads\/2020\/03\/element_wave_01_fat-768x40.png 768w, http:\/\/vestelli.kansleri.fi\/wp-content\/uploads\/2020\/03\/element_wave_01_fat-1536x80.png 1536w, http:\/\/vestelli.kansleri.fi\/wp-content\/uploads\/2020\/03\/element_wave_01_fat-2048x107.png 2048w, http:\/\/vestelli.kansleri.fi\/wp-content\/uploads\/2020\/03\/element_wave_01_fat-1920x100.png 1920w, http:\/\/vestelli.kansleri.fi\/wp-content\/uploads\/2020\/03\/element_wave_01_fat-760x40.png 760w, http:\/\/vestelli.kansleri.fi\/wp-content\/uploads\/2020\/03\/element_wave_01_fat-160x8.png 160w\" sizes=\"auto, (max-width: 2621px) 100vw, 2621px\" \/><br \/>\n\t\t\t\t\t\t\t\t\t\t\t\t<img decoding=\"async\" width=\"548\" height=\"783\" src=\"http:\/\/vestelli.kansleri.fi\/wp-content\/uploads\/2020\/04\/avainlippu-nelio.png\" alt=\"\" loading=\"lazy\" srcset=\"http:\/\/vestelli.kansleri.fi\/wp-content\/uploads\/2020\/04\/avainlippu-nelio.png 548w, http:\/\/vestelli.kansleri.fi\/wp-content\/uploads\/2020\/04\/avainlippu-nelio-210x300.png 210w, http:\/\/vestelli.kansleri.fi\/wp-content\/uploads\/2020\/04\/avainlippu-nelio-532x760.png 532w, http:\/\/vestelli.kansleri.fi\/wp-content\/uploads\/2020\/04\/avainlippu-nelio-112x160.png 112w\" sizes=\"auto, (max-width: 548px) 100vw, 548px\" \/><br \/>\n\t\t\t\t0<br \/>\n\t\t\t\t%<\/p>\n<p>MANUFACTURED<\/p>\n<p>IN FINLAND<\/p>\n<p>\t\t\t\t\t\t\t\t\t\t\t\t<img decoding=\"async\" width=\"421\" height=\"421\" src=\"http:\/\/vestelli.kansleri.fi\/wp-content\/uploads\/2020\/04\/handshake1.png\" alt=\"\" loading=\"lazy\" srcset=\"http:\/\/vestelli.kansleri.fi\/wp-content\/uploads\/2020\/04\/handshake1.png 421w, http:\/\/vestelli.kansleri.fi\/wp-content\/uploads\/2020\/04\/handshake1-300x300.png 300w, http:\/\/vestelli.kansleri.fi\/wp-content\/uploads\/2020\/04\/handshake1-150x150.png 150w, http:\/\/vestelli.kansleri.fi\/wp-content\/uploads\/2020\/04\/handshake1-800x800.png 800w, http:\/\/vestelli.kansleri.fi\/wp-content\/uploads\/2020\/04\/handshake1-160x160.png 160w\" sizes=\"auto, (max-width: 421px) 100vw, 421px\" \/><br \/>\n\t\t\t\t+<br \/>\n\t\t\t\t0<\/p>\n<p>SOLD<\/p>\n<p>PRODUCTS<\/p>\n<p>\t\t\t\t\t\t\t\t\t\t\t\t<img decoding=\"async\" width=\"640\" height=\"640\" src=\"http:\/\/vestelli.kansleri.fi\/wp-content\/uploads\/2020\/04\/hymynaama1-1024x1024.png\" alt=\"\" loading=\"lazy\" srcset=\"http:\/\/vestelli.kansleri.fi\/wp-content\/uploads\/2020\/04\/hymynaama1-1024x1024.png 1024w, http:\/\/vestelli.kansleri.fi\/wp-content\/uploads\/2020\/04\/hymynaama1-300x300.png 300w, http:\/\/vestelli.kansleri.fi\/wp-content\/uploads\/2020\/04\/hymynaama1-150x150.png 150w, http:\/\/vestelli.kansleri.fi\/wp-content\/uploads\/2020\/04\/hymynaama1-768x768.png 768w, http:\/\/vestelli.kansleri.fi\/wp-content\/uploads\/2020\/04\/hymynaama1-876x876.png 876w, http:\/\/vestelli.kansleri.fi\/wp-content\/uploads\/2020\/04\/hymynaama1-800x800.png 800w, http:\/\/vestelli.kansleri.fi\/wp-content\/uploads\/2020\/04\/hymynaama1-760x760.png 760w, http:\/\/vestelli.kansleri.fi\/wp-content\/uploads\/2020\/04\/hymynaama1-160x160.png 160w, http:\/\/vestelli.kansleri.fi\/wp-content\/uploads\/2020\/04\/hymynaama1.png 1458w\" sizes=\"auto, (max-width: 640px) 100vw, 640px\" \/><br \/>\n\t\t\t\t0<br \/>\n\t\t\t\t%<\/p>\n<p>OF CUSTOMERS<\/p>\n<p>RECOMMEND<\/p>\n<h2>Are you buying a wastewater treatment system?<\/h2>\n<p>\t\t\t\t\t\t\t\t\t\t\t\t<img decoding=\"async\" width=\"2621\" height=\"137\" src=\"http:\/\/vestelli.kansleri.fi\/wp-content\/uploads\/2020\/03\/element_wave_01_fat.png\" alt=\"\" loading=\"lazy\" srcset=\"http:\/\/vestelli.kansleri.fi\/wp-content\/uploads\/2020\/03\/element_wave_01_fat.png 2621w, http:\/\/vestelli.kansleri.fi\/wp-content\/uploads\/2020\/03\/element_wave_01_fat-300x16.png 300w, http:\/\/vestelli.kansleri.fi\/wp-content\/uploads\/2020\/03\/element_wave_01_fat-1024x54.png 1024w, http:\/\/vestelli.kansleri.fi\/wp-content\/uploads\/2020\/03\/element_wave_01_fat-768x40.png 768w, http:\/\/vestelli.kansleri.fi\/wp-content\/uploads\/2020\/03\/element_wave_01_fat-1536x80.png 1536w, http:\/\/vestelli.kansleri.fi\/wp-content\/uploads\/2020\/03\/element_wave_01_fat-2048x107.png 2048w, http:\/\/vestelli.kansleri.fi\/wp-content\/uploads\/2020\/03\/element_wave_01_fat-1920x100.png 1920w, http:\/\/vestelli.kansleri.fi\/wp-content\/uploads\/2020\/03\/element_wave_01_fat-760x40.png 760w, http:\/\/vestelli.kansleri.fi\/wp-content\/uploads\/2020\/03\/element_wave_01_fat-160x8.png 160w\" sizes=\"auto, (max-width: 2621px) 100vw, 2621px\" \/>\t\t\t\t\t\t\t\t\t\t\t\t\t\t<\/p>\n<p>Vestelli is known for its comprehensive wastewater expertise and the development work of several innovative treatment methods.<\/p>\n<p>\t\t\t<a href=\"\/en\/contact-us\/\" role=\"button\"><br \/>\n\t\t\t\t\t\tContact us<br \/>\n\t\t\t\t\t<\/a><\/p>\n","protected":false},"excerpt":{"rendered":"<p>Products For clean water Vestelli provides you with efficient and tested wastewater treatment systems. Vestelli\u2019s long-lasting and no-fuss treatment solutions are a pro-environment act. Book a 15-minute phone appointment Bioreactor 2 For the greywater of a detached house or summer cottage Read more Bioreactor 3 &amp; 4 For the greywater of a detached house or&hellip;<\/p>\n","protected":false},"author":33,"featured_media":1249,"parent":0,"menu_order":0,"comment_status":"closed","ping_status":"closed","template":"elementor_header_footer","meta":{"_acf_changed":false,"footnotes":""},"class_list":["post-4648","page","type-page","status-publish","has-post-thumbnail","hentry"],"acf":[],"yoast_head":"<!-- This site is optimized with the Yoast SEO plugin v27.2 - https:\/\/yoast.com\/product\/yoast-seo-wordpress\/ -->\n<title>Products | Vestelli.fi<\/title>\n<meta name=\"robots\" content=\"noindex, follow, max-snippet:-1, max-image-preview:large, max-video-preview:-1\" \/>\n<meta property=\"og:locale\" content=\"en_US\" \/>\n<meta property=\"og:type\" content=\"article\" \/>\n<meta property=\"og:title\" content=\"Products | Vestelli.fi\" \/>\n<meta property=\"og:description\" content=\"Products For clean water Vestelli provides you with efficient and tested wastewater treatment systems. Vestelli\u2019s long-lasting and no-fuss treatment solutions are a pro-environment act. Book a 15-minute phone appointment Bioreactor 2 For the greywater of a detached house or summer cottage Read more Bioreactor 3 &amp; 4 For the greywater of a detached house or&hellip;\" \/>\n<meta property=\"og:url\" content=\"https:\/\/vestelli.kansleri.fi\/en\/products\/\" \/>\n<meta property=\"og:site_name\" content=\"Vestelli.fi\" \/>\n<meta property=\"article:modified_time\" content=\"2022-01-11T09:21:32+00:00\" \/>\n<meta property=\"og:image\" content=\"https:\/\/vestelli.kansleri.fi\/wp-content\/uploads\/2017\/12\/482474914.jpg\" \/>\n\t<meta property=\"og:image:width\" content=\"2048\" \/>\n\t<meta property=\"og:image:height\" content=\"1366\" \/>\n\t<meta property=\"og:image:type\" content=\"image\/jpeg\" \/>\n<meta name=\"twitter:card\" content=\"summary_large_image\" \/>\n<meta name=\"twitter:label1\" content=\"Est. reading time\" \/>\n\t<meta name=\"twitter:data1\" content=\"6 minutes\" \/>\n<script type=\"application\/ld+json\" class=\"yoast-schema-graph\">{\"@context\":\"https:\/\/schema.org\",\"@graph\":[{\"@type\":\"WebPage\",\"@id\":\"https:\/\/vestelli.kansleri.fi\/en\/products\/\",\"url\":\"https:\/\/vestelli.kansleri.fi\/en\/products\/\",\"name\":\"Products | Vestelli.fi\",\"isPartOf\":{\"@id\":\"https:\/\/vestelli.kansleri.fi\/en\/#website\"},\"primaryImageOfPage\":{\"@id\":\"https:\/\/vestelli.kansleri.fi\/en\/products\/#primaryimage\"},\"image\":{\"@id\":\"https:\/\/vestelli.kansleri.fi\/en\/products\/#primaryimage\"},\"thumbnailUrl\":\"https:\/\/vestelli.kansleri.fi\/wp-content\/uploads\/2017\/12\/482474914.jpg\",\"datePublished\":\"2021-02-26T07:55:57+00:00\",\"dateModified\":\"2022-01-11T09:21:32+00:00\",\"breadcrumb\":{\"@id\":\"https:\/\/vestelli.kansleri.fi\/en\/products\/#breadcrumb\"},\"inLanguage\":\"en-US\",\"potentialAction\":[{\"@type\":\"ReadAction\",\"target\":[\"https:\/\/vestelli.kansleri.fi\/en\/products\/\"]}]},{\"@type\":\"ImageObject\",\"inLanguage\":\"en-US\",\"@id\":\"https:\/\/vestelli.kansleri.fi\/en\/products\/#primaryimage\",\"url\":\"https:\/\/vestelli.kansleri.fi\/wp-content\/uploads\/2017\/12\/482474914.jpg\",\"contentUrl\":\"https:\/\/vestelli.kansleri.fi\/wp-content\/uploads\/2017\/12\/482474914.jpg\",\"width\":2048,\"height\":1366},{\"@type\":\"BreadcrumbList\",\"@id\":\"https:\/\/vestelli.kansleri.fi\/en\/products\/#breadcrumb\",\"itemListElement\":[{\"@type\":\"ListItem\",\"position\":1,\"name\":\"Home\",\"item\":\"https:\/\/vestelli.kansleri.fi\/en\/home\/\"},{\"@type\":\"ListItem\",\"position\":2,\"name\":\"Products\"}]},{\"@type\":\"WebSite\",\"@id\":\"https:\/\/vestelli.kansleri.fi\/en\/#website\",\"url\":\"https:\/\/vestelli.kansleri.fi\/en\/\",\"name\":\"Vestelli.fi\",\"description\":\"Puhtaiden vesien puolesta \u2013 tehokkaat j\u00e4tevesij\u00e4rjestelm\u00e4t\",\"publisher\":{\"@id\":\"https:\/\/vestelli.kansleri.fi\/en\/#organization\"},\"potentialAction\":[{\"@type\":\"SearchAction\",\"target\":{\"@type\":\"EntryPoint\",\"urlTemplate\":\"https:\/\/vestelli.kansleri.fi\/en\/?s={search_term_string}\"},\"query-input\":{\"@type\":\"PropertyValueSpecification\",\"valueRequired\":true,\"valueName\":\"search_term_string\"}}],\"inLanguage\":\"en-US\"},{\"@type\":\"Organization\",\"@id\":\"https:\/\/vestelli.kansleri.fi\/en\/#organization\",\"name\":\"Vestelli Oy\",\"url\":\"https:\/\/vestelli.kansleri.fi\/en\/\",\"logo\":{\"@type\":\"ImageObject\",\"inLanguage\":\"en-US\",\"@id\":\"https:\/\/vestelli.kansleri.fi\/en\/#\/schema\/logo\/image\/\",\"url\":\"http:\/\/vestelli.kansleri.fi\/wp-content\/uploads\/2018\/05\/vestelli_logo-e1577697076704.png\",\"contentUrl\":\"http:\/\/vestelli.kansleri.fi\/wp-content\/uploads\/2018\/05\/vestelli_logo-e1577697076704.png\",\"width\":200,\"height\":72,\"caption\":\"Vestelli Oy\"},\"image\":{\"@id\":\"https:\/\/vestelli.kansleri.fi\/en\/#\/schema\/logo\/image\/\"}}]}<\/script>\n<!-- \/ Yoast SEO plugin. -->","yoast_head_json":{"title":"Products | Vestelli.fi","robots":{"index":"noindex","follow":"follow","max-snippet":"max-snippet:-1","max-image-preview":"max-image-preview:large","max-video-preview":"max-video-preview:-1"},"og_locale":"en_US","og_type":"article","og_title":"Products | Vestelli.fi","og_description":"Products For clean water Vestelli provides you with efficient and tested wastewater treatment systems. Vestelli\u2019s long-lasting and no-fuss treatment solutions are a pro-environment act. Book a 15-minute phone appointment Bioreactor 2 For the greywater of a detached house or summer cottage Read more Bioreactor 3 &amp; 4 For the greywater of a detached house or&hellip;","og_url":"https:\/\/vestelli.kansleri.fi\/en\/products\/","og_site_name":"Vestelli.fi","article_modified_time":"2022-01-11T09:21:32+00:00","og_image":[{"width":2048,"height":1366,"url":"https:\/\/vestelli.kansleri.fi\/wp-content\/uploads\/2017\/12\/482474914.jpg","type":"image\/jpeg"}],"twitter_card":"summary_large_image","twitter_misc":{"Est. reading time":"6 minutes"},"schema":{"@context":"https:\/\/schema.org","@graph":[{"@type":"WebPage","@id":"https:\/\/vestelli.kansleri.fi\/en\/products\/","url":"https:\/\/vestelli.kansleri.fi\/en\/products\/","name":"Products | Vestelli.fi","isPartOf":{"@id":"https:\/\/vestelli.kansleri.fi\/en\/#website"},"primaryImageOfPage":{"@id":"https:\/\/vestelli.kansleri.fi\/en\/products\/#primaryimage"},"image":{"@id":"https:\/\/vestelli.kansleri.fi\/en\/products\/#primaryimage"},"thumbnailUrl":"https:\/\/vestelli.kansleri.fi\/wp-content\/uploads\/2017\/12\/482474914.jpg","datePublished":"2021-02-26T07:55:57+00:00","dateModified":"2022-01-11T09:21:32+00:00","breadcrumb":{"@id":"https:\/\/vestelli.kansleri.fi\/en\/products\/#breadcrumb"},"inLanguage":"en-US","potentialAction":[{"@type":"ReadAction","target":["https:\/\/vestelli.kansleri.fi\/en\/products\/"]}]},{"@type":"ImageObject","inLanguage":"en-US","@id":"https:\/\/vestelli.kansleri.fi\/en\/products\/#primaryimage","url":"https:\/\/vestelli.kansleri.fi\/wp-content\/uploads\/2017\/12\/482474914.jpg","contentUrl":"https:\/\/vestelli.kansleri.fi\/wp-content\/uploads\/2017\/12\/482474914.jpg","width":2048,"height":1366},{"@type":"BreadcrumbList","@id":"https:\/\/vestelli.kansleri.fi\/en\/products\/#breadcrumb","itemListElement":[{"@type":"ListItem","position":1,"name":"Home","item":"https:\/\/vestelli.kansleri.fi\/en\/home\/"},{"@type":"ListItem","position":2,"name":"Products"}]},{"@type":"WebSite","@id":"https:\/\/vestelli.kansleri.fi\/en\/#website","url":"https:\/\/vestelli.kansleri.fi\/en\/","name":"Vestelli.fi","description":"Puhtaiden vesien puolesta \u2013 tehokkaat j\u00e4tevesij\u00e4rjestelm\u00e4t","publisher":{"@id":"https:\/\/vestelli.kansleri.fi\/en\/#organization"},"potentialAction":[{"@type":"SearchAction","target":{"@type":"EntryPoint","urlTemplate":"https:\/\/vestelli.kansleri.fi\/en\/?s={search_term_string}"},"query-input":{"@type":"PropertyValueSpecification","valueRequired":true,"valueName":"search_term_string"}}],"inLanguage":"en-US"},{"@type":"Organization","@id":"https:\/\/vestelli.kansleri.fi\/en\/#organization","name":"Vestelli Oy","url":"https:\/\/vestelli.kansleri.fi\/en\/","logo":{"@type":"ImageObject","inLanguage":"en-US","@id":"https:\/\/vestelli.kansleri.fi\/en\/#\/schema\/logo\/image\/","url":"http:\/\/vestelli.kansleri.fi\/wp-content\/uploads\/2018\/05\/vestelli_logo-e1577697076704.png","contentUrl":"http:\/\/vestelli.kansleri.fi\/wp-content\/uploads\/2018\/05\/vestelli_logo-e1577697076704.png","width":200,"height":72,"caption":"Vestelli Oy"},"image":{"@id":"https:\/\/vestelli.kansleri.fi\/en\/#\/schema\/logo\/image\/"}}]}},"_links":{"self":[{"href":"https:\/\/vestelli.kansleri.fi\/en\/wp-json\/wp\/v2\/pages\/4648","targetHints":{"allow":["GET"]}}],"collection":[{"href":"https:\/\/vestelli.kansleri.fi\/en\/wp-json\/wp\/v2\/pages"}],"about":[{"href":"https:\/\/vestelli.kansleri.fi\/en\/wp-json\/wp\/v2\/types\/page"}],"author":[{"embeddable":true,"href":"https:\/\/vestelli.kansleri.fi\/en\/wp-json\/wp\/v2\/users\/33"}],"replies":[{"embeddable":true,"href":"https:\/\/vestelli.kansleri.fi\/en\/wp-json\/wp\/v2\/comments?post=4648"}],"version-history":[{"count":11,"href":"https:\/\/vestelli.kansleri.fi\/en\/wp-json\/wp\/v2\/pages\/4648\/revisions"}],"predecessor-version":[{"id":6403,"href":"https:\/\/vestelli.kansleri.fi\/en\/wp-json\/wp\/v2\/pages\/4648\/revisions\/6403"}],"wp:featuredmedia":[{"embeddable":true,"href":"https:\/\/vestelli.kansleri.fi\/en\/wp-json\/wp\/v2\/media\/1249"}],"wp:attachment":[{"href":"https:\/\/vestelli.kansleri.fi\/en\/wp-json\/wp\/v2\/media?parent=4648"}],"curies":[{"name":"wp","href":"https:\/\/api.w.org\/{rel}","templated":true}]}}