{"id":720,"date":"2017-12-11T15:17:42","date_gmt":"2017-12-11T13:17:42","guid":{"rendered":"https:\/\/vestelli.kansleri.fi\/?page_id=720"},"modified":"2018-05-31T11:00:36","modified_gmt":"2018-05-31T08:00:36","slug":"designers","status":"publish","type":"page","link":"https:\/\/vestelli.kansleri.fi\/en\/designers\/","title":{"rendered":"Designers"},"content":{"rendered":"<p>Download our product document here.<\/p>\n<p>You need a type image, a summary of study results and installation, user and maintenance instructions to attach to the wastewater plan. You can find them below. Complete study reports can be found at the lower edge of the website.<\/p>\n","protected":false},"excerpt":{"rendered":"<p>Download our product document here. You need a type image, a summary of study results and installation, user and maintenance instructions to attach to the wastewater plan. You can find them below. Complete study reports can be found at the lower edge of the website.<\/p>\n","protected":false},"author":3,"featured_media":265,"parent":0,"menu_order":3,"comment_status":"closed","ping_status":"closed","template":"","meta":{"_acf_changed":false,"footnotes":""},"class_list":["post-720","page","type-page","status-publish","has-post-thumbnail","hentry"],"acf":[],"yoast_head":"<!-- This site is optimized with the Yoast SEO plugin v27.2 - https:\/\/yoast.com\/product\/yoast-seo-wordpress\/ -->\n<title>Designers | Vestelli.fi<\/title>\n<meta name=\"robots\" content=\"noindex, follow, max-snippet:-1, max-image-preview:large, max-video-preview:-1\" \/>\n<meta property=\"og:locale\" content=\"en_US\" \/>\n<meta property=\"og:type\" content=\"article\" \/>\n<meta property=\"og:title\" content=\"Designers | Vestelli.fi\" \/>\n<meta property=\"og:description\" content=\"Download our product document here. You need a type image, a summary of study results and installation, user and maintenance instructions to attach to the wastewater plan. You can find them below. Complete study reports can be found at the lower edge of the website.\" \/>\n<meta property=\"og:url\" content=\"https:\/\/vestelli.kansleri.fi\/en\/designers\/\" \/>\n<meta property=\"og:site_name\" content=\"Vestelli.fi\" \/>\n<meta property=\"article:modified_time\" content=\"2018-05-31T08:00:36+00:00\" \/>\n<meta property=\"og:image\" content=\"https:\/\/vestelli.kansleri.fi\/wp-content\/uploads\/2018\/01\/suunnittelijoille-e1519206908186.jpg\" \/>\n\t<meta property=\"og:image:width\" content=\"1920\" \/>\n\t<meta property=\"og:image:height\" content=\"1080\" \/>\n\t<meta property=\"og:image:type\" content=\"image\/jpeg\" \/>\n<meta name=\"twitter:card\" content=\"summary_large_image\" \/>\n<script type=\"application\/ld+json\" class=\"yoast-schema-graph\">{\"@context\":\"https:\/\/schema.org\",\"@graph\":[{\"@type\":\"WebPage\",\"@id\":\"https:\/\/vestelli.kansleri.fi\/en\/designers\/\",\"url\":\"https:\/\/vestelli.kansleri.fi\/en\/designers\/\",\"name\":\"Designers | Vestelli.fi\",\"isPartOf\":{\"@id\":\"https:\/\/vestelli.kansleri.fi\/en\/#website\"},\"primaryImageOfPage\":{\"@id\":\"https:\/\/vestelli.kansleri.fi\/en\/designers\/#primaryimage\"},\"image\":{\"@id\":\"https:\/\/vestelli.kansleri.fi\/en\/designers\/#primaryimage\"},\"thumbnailUrl\":\"https:\/\/vestelli.kansleri.fi\/wp-content\/uploads\/2018\/01\/suunnittelijoille-e1519206908186.jpg\",\"datePublished\":\"2017-12-11T13:17:42+00:00\",\"dateModified\":\"2018-05-31T08:00:36+00:00\",\"breadcrumb\":{\"@id\":\"https:\/\/vestelli.kansleri.fi\/en\/designers\/#breadcrumb\"},\"inLanguage\":\"en-US\",\"potentialAction\":[{\"@type\":\"ReadAction\",\"target\":[\"https:\/\/vestelli.kansleri.fi\/en\/designers\/\"]}]},{\"@type\":\"ImageObject\",\"inLanguage\":\"en-US\",\"@id\":\"https:\/\/vestelli.kansleri.fi\/en\/designers\/#primaryimage\",\"url\":\"https:\/\/vestelli.kansleri.fi\/wp-content\/uploads\/2018\/01\/suunnittelijoille-e1519206908186.jpg\",\"contentUrl\":\"https:\/\/vestelli.kansleri.fi\/wp-content\/uploads\/2018\/01\/suunnittelijoille-e1519206908186.jpg\",\"width\":1920,\"height\":1080},{\"@type\":\"BreadcrumbList\",\"@id\":\"https:\/\/vestelli.kansleri.fi\/en\/designers\/#breadcrumb\",\"itemListElement\":[{\"@type\":\"ListItem\",\"position\":1,\"name\":\"Home\",\"item\":\"https:\/\/vestelli.kansleri.fi\/en\/home\/\"},{\"@type\":\"ListItem\",\"position\":2,\"name\":\"Designers\"}]},{\"@type\":\"WebSite\",\"@id\":\"https:\/\/vestelli.kansleri.fi\/en\/#website\",\"url\":\"https:\/\/vestelli.kansleri.fi\/en\/\",\"name\":\"Vestelli.fi\",\"description\":\"Puhtaiden vesien puolesta \u2013 tehokkaat j\u00e4tevesij\u00e4rjestelm\u00e4t\",\"publisher\":{\"@id\":\"https:\/\/vestelli.kansleri.fi\/en\/#organization\"},\"potentialAction\":[{\"@type\":\"SearchAction\",\"target\":{\"@type\":\"EntryPoint\",\"urlTemplate\":\"https:\/\/vestelli.kansleri.fi\/en\/?s={search_term_string}\"},\"query-input\":{\"@type\":\"PropertyValueSpecification\",\"valueRequired\":true,\"valueName\":\"search_term_string\"}}],\"inLanguage\":\"en-US\"},{\"@type\":\"Organization\",\"@id\":\"https:\/\/vestelli.kansleri.fi\/en\/#organization\",\"name\":\"Vestelli Oy\",\"url\":\"https:\/\/vestelli.kansleri.fi\/en\/\",\"logo\":{\"@type\":\"ImageObject\",\"inLanguage\":\"en-US\",\"@id\":\"https:\/\/vestelli.kansleri.fi\/en\/#\/schema\/logo\/image\/\",\"url\":\"http:\/\/vestelli.kansleri.fi\/wp-content\/uploads\/2018\/05\/vestelli_logo-e1577697076704.png\",\"contentUrl\":\"http:\/\/vestelli.kansleri.fi\/wp-content\/uploads\/2018\/05\/vestelli_logo-e1577697076704.png\",\"width\":200,\"height\":72,\"caption\":\"Vestelli Oy\"},\"image\":{\"@id\":\"https:\/\/vestelli.kansleri.fi\/en\/#\/schema\/logo\/image\/\"}}]}<\/script>\n<!-- \/ Yoast SEO plugin. -->","yoast_head_json":{"title":"Designers | Vestelli.fi","robots":{"index":"noindex","follow":"follow","max-snippet":"max-snippet:-1","max-image-preview":"max-image-preview:large","max-video-preview":"max-video-preview:-1"},"og_locale":"en_US","og_type":"article","og_title":"Designers | Vestelli.fi","og_description":"Download our product document here. You need a type image, a summary of study results and installation, user and maintenance instructions to attach to the wastewater plan. You can find them below. Complete study reports can be found at the lower edge of the website.","og_url":"https:\/\/vestelli.kansleri.fi\/en\/designers\/","og_site_name":"Vestelli.fi","article_modified_time":"2018-05-31T08:00:36+00:00","og_image":[{"width":1920,"height":1080,"url":"https:\/\/vestelli.kansleri.fi\/wp-content\/uploads\/2018\/01\/suunnittelijoille-e1519206908186.jpg","type":"image\/jpeg"}],"twitter_card":"summary_large_image","schema":{"@context":"https:\/\/schema.org","@graph":[{"@type":"WebPage","@id":"https:\/\/vestelli.kansleri.fi\/en\/designers\/","url":"https:\/\/vestelli.kansleri.fi\/en\/designers\/","name":"Designers | Vestelli.fi","isPartOf":{"@id":"https:\/\/vestelli.kansleri.fi\/en\/#website"},"primaryImageOfPage":{"@id":"https:\/\/vestelli.kansleri.fi\/en\/designers\/#primaryimage"},"image":{"@id":"https:\/\/vestelli.kansleri.fi\/en\/designers\/#primaryimage"},"thumbnailUrl":"https:\/\/vestelli.kansleri.fi\/wp-content\/uploads\/2018\/01\/suunnittelijoille-e1519206908186.jpg","datePublished":"2017-12-11T13:17:42+00:00","dateModified":"2018-05-31T08:00:36+00:00","breadcrumb":{"@id":"https:\/\/vestelli.kansleri.fi\/en\/designers\/#breadcrumb"},"inLanguage":"en-US","potentialAction":[{"@type":"ReadAction","target":["https:\/\/vestelli.kansleri.fi\/en\/designers\/"]}]},{"@type":"ImageObject","inLanguage":"en-US","@id":"https:\/\/vestelli.kansleri.fi\/en\/designers\/#primaryimage","url":"https:\/\/vestelli.kansleri.fi\/wp-content\/uploads\/2018\/01\/suunnittelijoille-e1519206908186.jpg","contentUrl":"https:\/\/vestelli.kansleri.fi\/wp-content\/uploads\/2018\/01\/suunnittelijoille-e1519206908186.jpg","width":1920,"height":1080},{"@type":"BreadcrumbList","@id":"https:\/\/vestelli.kansleri.fi\/en\/designers\/#breadcrumb","itemListElement":[{"@type":"ListItem","position":1,"name":"Home","item":"https:\/\/vestelli.kansleri.fi\/en\/home\/"},{"@type":"ListItem","position":2,"name":"Designers"}]},{"@type":"WebSite","@id":"https:\/\/vestelli.kansleri.fi\/en\/#website","url":"https:\/\/vestelli.kansleri.fi\/en\/","name":"Vestelli.fi","description":"Puhtaiden vesien puolesta \u2013 tehokkaat j\u00e4tevesij\u00e4rjestelm\u00e4t","publisher":{"@id":"https:\/\/vestelli.kansleri.fi\/en\/#organization"},"potentialAction":[{"@type":"SearchAction","target":{"@type":"EntryPoint","urlTemplate":"https:\/\/vestelli.kansleri.fi\/en\/?s={search_term_string}"},"query-input":{"@type":"PropertyValueSpecification","valueRequired":true,"valueName":"search_term_string"}}],"inLanguage":"en-US"},{"@type":"Organization","@id":"https:\/\/vestelli.kansleri.fi\/en\/#organization","name":"Vestelli Oy","url":"https:\/\/vestelli.kansleri.fi\/en\/","logo":{"@type":"ImageObject","inLanguage":"en-US","@id":"https:\/\/vestelli.kansleri.fi\/en\/#\/schema\/logo\/image\/","url":"http:\/\/vestelli.kansleri.fi\/wp-content\/uploads\/2018\/05\/vestelli_logo-e1577697076704.png","contentUrl":"http:\/\/vestelli.kansleri.fi\/wp-content\/uploads\/2018\/05\/vestelli_logo-e1577697076704.png","width":200,"height":72,"caption":"Vestelli Oy"},"image":{"@id":"https:\/\/vestelli.kansleri.fi\/en\/#\/schema\/logo\/image\/"}}]}},"_links":{"self":[{"href":"https:\/\/vestelli.kansleri.fi\/en\/wp-json\/wp\/v2\/pages\/720","targetHints":{"allow":["GET"]}}],"collection":[{"href":"https:\/\/vestelli.kansleri.fi\/en\/wp-json\/wp\/v2\/pages"}],"about":[{"href":"https:\/\/vestelli.kansleri.fi\/en\/wp-json\/wp\/v2\/types\/page"}],"author":[{"embeddable":true,"href":"https:\/\/vestelli.kansleri.fi\/en\/wp-json\/wp\/v2\/users\/3"}],"replies":[{"embeddable":true,"href":"https:\/\/vestelli.kansleri.fi\/en\/wp-json\/wp\/v2\/comments?post=720"}],"version-history":[{"count":6,"href":"https:\/\/vestelli.kansleri.fi\/en\/wp-json\/wp\/v2\/pages\/720\/revisions"}],"predecessor-version":[{"id":1050,"href":"https:\/\/vestelli.kansleri.fi\/en\/wp-json\/wp\/v2\/pages\/720\/revisions\/1050"}],"wp:featuredmedia":[{"embeddable":true,"href":"https:\/\/vestelli.kansleri.fi\/en\/wp-json\/wp\/v2\/media\/265"}],"wp:attachment":[{"href":"https:\/\/vestelli.kansleri.fi\/en\/wp-json\/wp\/v2\/media?parent=720"}],"curies":[{"name":"wp","href":"https:\/\/api.w.org\/{rel}","templated":true}]}}