{"id":3536,"date":"2020-05-12T14:08:32","date_gmt":"2020-05-12T11:08:32","guid":{"rendered":"https:\/\/vestelli.kansleri.fi\/?page_id=3536"},"modified":"2021-02-26T09:17:05","modified_gmt":"2021-02-26T07:17:05","slug":"referenser","status":"publish","type":"page","link":"https:\/\/vestelli.kansleri.fi\/sv\/referenser\/","title":{"rendered":"Referenser"},"content":{"rendered":"<h1>Erfarenheter<\/h1>\n<h2>Erfarenheter<\/h2>\n<p>\t\t\t\t\t\t\t\t\t\t<img decoding=\"async\" width=\"2621\" height=\"137\" src=\"http:\/\/vestelli.kansleri.fi\/wp-content\/uploads\/2020\/03\/element_wave_01_fat.png\" alt=\"\" loading=\"lazy\" srcset=\"http:\/\/vestelli.kansleri.fi\/wp-content\/uploads\/2020\/03\/element_wave_01_fat.png 2621w, http:\/\/vestelli.kansleri.fi\/wp-content\/uploads\/2020\/03\/element_wave_01_fat-300x16.png 300w, http:\/\/vestelli.kansleri.fi\/wp-content\/uploads\/2020\/03\/element_wave_01_fat-1024x54.png 1024w, http:\/\/vestelli.kansleri.fi\/wp-content\/uploads\/2020\/03\/element_wave_01_fat-768x40.png 768w, http:\/\/vestelli.kansleri.fi\/wp-content\/uploads\/2020\/03\/element_wave_01_fat-1536x80.png 1536w, http:\/\/vestelli.kansleri.fi\/wp-content\/uploads\/2020\/03\/element_wave_01_fat-2048x107.png 2048w, http:\/\/vestelli.kansleri.fi\/wp-content\/uploads\/2020\/03\/element_wave_01_fat-1920x100.png 1920w, http:\/\/vestelli.kansleri.fi\/wp-content\/uploads\/2020\/03\/element_wave_01_fat-760x40.png 760w, http:\/\/vestelli.kansleri.fi\/wp-content\/uploads\/2020\/03\/element_wave_01_fat-160x8.png 160w\" sizes=\"auto, (max-width: 2621px) 100vw, 2621px\" \/><br \/>\n\t\t\t\t\t\t\t\t\t\t<img decoding=\"async\" width=\"548\" height=\"783\" src=\"http:\/\/vestelli.kansleri.fi\/wp-content\/uploads\/2020\/04\/avainlippu-nelio.png\" alt=\"\" loading=\"lazy\" srcset=\"http:\/\/vestelli.kansleri.fi\/wp-content\/uploads\/2020\/04\/avainlippu-nelio.png 548w, http:\/\/vestelli.kansleri.fi\/wp-content\/uploads\/2020\/04\/avainlippu-nelio-210x300.png 210w, http:\/\/vestelli.kansleri.fi\/wp-content\/uploads\/2020\/04\/avainlippu-nelio-532x760.png 532w, http:\/\/vestelli.kansleri.fi\/wp-content\/uploads\/2020\/04\/avainlippu-nelio-112x160.png 112w\" sizes=\"auto, (max-width: 548px) 100vw, 548px\" \/><br \/>\n\t\t\t\t0<br \/>\n\t\t\t\t%<\/p>\n<p>TILLVERKAD<\/p>\n<p>I FINLAND<\/p>\n<p>\t\t\t\t\t\t\t\t\t\t<img decoding=\"async\" width=\"421\" height=\"421\" src=\"http:\/\/vestelli.kansleri.fi\/wp-content\/uploads\/2020\/04\/handshake1.png\" alt=\"\" loading=\"lazy\" srcset=\"http:\/\/vestelli.kansleri.fi\/wp-content\/uploads\/2020\/04\/handshake1.png 421w, http:\/\/vestelli.kansleri.fi\/wp-content\/uploads\/2020\/04\/handshake1-300x300.png 300w, http:\/\/vestelli.kansleri.fi\/wp-content\/uploads\/2020\/04\/handshake1-150x150.png 150w, http:\/\/vestelli.kansleri.fi\/wp-content\/uploads\/2020\/04\/handshake1-800x800.png 800w, http:\/\/vestelli.kansleri.fi\/wp-content\/uploads\/2020\/04\/handshake1-160x160.png 160w\" sizes=\"auto, (max-width: 421px) 100vw, 421px\" \/><br \/>\n\t\t\t\t+<br \/>\n\t\t\t\t0<\/p>\n<p>S\u00c5LDA<\/p>\n<p>PRODUKTER<\/p>\n<p>\t\t\t\t\t\t\t\t\t\t<img decoding=\"async\" width=\"640\" height=\"640\" src=\"http:\/\/vestelli.kansleri.fi\/wp-content\/uploads\/2020\/04\/hymynaama1-1024x1024.png\" alt=\"\" loading=\"lazy\" srcset=\"http:\/\/vestelli.kansleri.fi\/wp-content\/uploads\/2020\/04\/hymynaama1-1024x1024.png 1024w, http:\/\/vestelli.kansleri.fi\/wp-content\/uploads\/2020\/04\/hymynaama1-300x300.png 300w, http:\/\/vestelli.kansleri.fi\/wp-content\/uploads\/2020\/04\/hymynaama1-150x150.png 150w, http:\/\/vestelli.kansleri.fi\/wp-content\/uploads\/2020\/04\/hymynaama1-768x768.png 768w, http:\/\/vestelli.kansleri.fi\/wp-content\/uploads\/2020\/04\/hymynaama1-876x876.png 876w, http:\/\/vestelli.kansleri.fi\/wp-content\/uploads\/2020\/04\/hymynaama1-800x800.png 800w, http:\/\/vestelli.kansleri.fi\/wp-content\/uploads\/2020\/04\/hymynaama1-760x760.png 760w, http:\/\/vestelli.kansleri.fi\/wp-content\/uploads\/2020\/04\/hymynaama1-160x160.png 160w, http:\/\/vestelli.kansleri.fi\/wp-content\/uploads\/2020\/04\/hymynaama1.png 1458w\" sizes=\"auto, (max-width: 640px) 100vw, 640px\" \/><br \/>\n\t\t\t\t0<br \/>\n\t\t\t\t%<\/p>\n<p>AV V\u00c5RA KUNDER<\/p>\n<p>REKOMMENDERAR<\/p>\n","protected":false},"excerpt":{"rendered":"<p>Erfarenheter Erfarenheter 0 % TILLVERKAD I FINLAND + 0 S\u00c5LDA PRODUKTER 0 % AV V\u00c5RA KUNDER REKOMMENDERAR<\/p>\n","protected":false},"author":33,"featured_media":0,"parent":0,"menu_order":0,"comment_status":"closed","ping_status":"closed","template":"elementor_header_footer","meta":{"_acf_changed":false,"footnotes":""},"class_list":["post-3536","page","type-page","status-publish","hentry"],"acf":[],"yoast_head":"<!-- This site is optimized with the Yoast SEO plugin v27.2 - https:\/\/yoast.com\/product\/yoast-seo-wordpress\/ -->\n<title>Referenser | Vestelli.fi<\/title>\n<meta name=\"robots\" content=\"noindex, follow, max-snippet:-1, max-image-preview:large, max-video-preview:-1\" \/>\n<meta property=\"og:locale\" content=\"sv_SE\" \/>\n<meta property=\"og:type\" content=\"article\" \/>\n<meta property=\"og:title\" content=\"Referenser | Vestelli.fi\" \/>\n<meta property=\"og:description\" content=\"Erfarenheter Erfarenheter 0 % TILLVERKAD I FINLAND + 0 S\u00c5LDA PRODUKTER 0 % AV V\u00c5RA KUNDER REKOMMENDERAR\" \/>\n<meta property=\"og:url\" content=\"https:\/\/vestelli.kansleri.fi\/sv\/referenser\/\" \/>\n<meta property=\"og:site_name\" content=\"Vestelli.fi\" \/>\n<meta property=\"article:modified_time\" content=\"2021-02-26T07:17:05+00:00\" \/>\n<meta property=\"og:image\" content=\"http:\/\/vestelli.kansleri.fi\/wp-content\/uploads\/2020\/03\/element_wave_01_fat.png\" \/>\n<meta name=\"twitter:card\" content=\"summary_large_image\" \/>\n<meta name=\"twitter:label1\" content=\"Ber\u00e4knad l\u00e4stid\" \/>\n\t<meta name=\"twitter:data1\" content=\"6 minuter\" \/>\n<script type=\"application\/ld+json\" class=\"yoast-schema-graph\">{\"@context\":\"https:\/\/schema.org\",\"@graph\":[{\"@type\":\"WebPage\",\"@id\":\"https:\/\/vestelli.kansleri.fi\/sv\/referenser\/\",\"url\":\"https:\/\/vestelli.kansleri.fi\/sv\/referenser\/\",\"name\":\"Referenser | Vestelli.fi\",\"isPartOf\":{\"@id\":\"https:\/\/vestelli.kansleri.fi\/sv\/#website\"},\"primaryImageOfPage\":{\"@id\":\"https:\/\/vestelli.kansleri.fi\/sv\/referenser\/#primaryimage\"},\"image\":{\"@id\":\"https:\/\/vestelli.kansleri.fi\/sv\/referenser\/#primaryimage\"},\"thumbnailUrl\":\"http:\/\/vestelli.kansleri.fi\/wp-content\/uploads\/2020\/03\/element_wave_01_fat.png\",\"datePublished\":\"2020-05-12T11:08:32+00:00\",\"dateModified\":\"2021-02-26T07:17:05+00:00\",\"breadcrumb\":{\"@id\":\"https:\/\/vestelli.kansleri.fi\/sv\/referenser\/#breadcrumb\"},\"inLanguage\":\"sv-SE\",\"potentialAction\":[{\"@type\":\"ReadAction\",\"target\":[\"https:\/\/vestelli.kansleri.fi\/sv\/referenser\/\"]}]},{\"@type\":\"ImageObject\",\"inLanguage\":\"sv-SE\",\"@id\":\"https:\/\/vestelli.kansleri.fi\/sv\/referenser\/#primaryimage\",\"url\":\"http:\/\/vestelli.kansleri.fi\/wp-content\/uploads\/2020\/03\/element_wave_01_fat.png\",\"contentUrl\":\"http:\/\/vestelli.kansleri.fi\/wp-content\/uploads\/2020\/03\/element_wave_01_fat.png\"},{\"@type\":\"BreadcrumbList\",\"@id\":\"https:\/\/vestelli.kansleri.fi\/sv\/referenser\/#breadcrumb\",\"itemListElement\":[{\"@type\":\"ListItem\",\"position\":1,\"name\":\"Home\",\"item\":\"https:\/\/vestelli.kansleri.fi\/sv\/ingangssida\/\"},{\"@type\":\"ListItem\",\"position\":2,\"name\":\"Referenser\"}]},{\"@type\":\"WebSite\",\"@id\":\"https:\/\/vestelli.kansleri.fi\/sv\/#website\",\"url\":\"https:\/\/vestelli.kansleri.fi\/sv\/\",\"name\":\"Vestelli.fi\",\"description\":\"Puhtaiden vesien puolesta \u2013 tehokkaat j\u00e4tevesij\u00e4rjestelm\u00e4t\",\"publisher\":{\"@id\":\"https:\/\/vestelli.kansleri.fi\/sv\/#organization\"},\"potentialAction\":[{\"@type\":\"SearchAction\",\"target\":{\"@type\":\"EntryPoint\",\"urlTemplate\":\"https:\/\/vestelli.kansleri.fi\/sv\/?s={search_term_string}\"},\"query-input\":{\"@type\":\"PropertyValueSpecification\",\"valueRequired\":true,\"valueName\":\"search_term_string\"}}],\"inLanguage\":\"sv-SE\"},{\"@type\":\"Organization\",\"@id\":\"https:\/\/vestelli.kansleri.fi\/sv\/#organization\",\"name\":\"Vestelli Oy\",\"url\":\"https:\/\/vestelli.kansleri.fi\/sv\/\",\"logo\":{\"@type\":\"ImageObject\",\"inLanguage\":\"sv-SE\",\"@id\":\"https:\/\/vestelli.kansleri.fi\/sv\/#\/schema\/logo\/image\/\",\"url\":\"http:\/\/vestelli.kansleri.fi\/wp-content\/uploads\/2018\/05\/vestelli_logo-e1577697076704.png\",\"contentUrl\":\"http:\/\/vestelli.kansleri.fi\/wp-content\/uploads\/2018\/05\/vestelli_logo-e1577697076704.png\",\"width\":200,\"height\":72,\"caption\":\"Vestelli Oy\"},\"image\":{\"@id\":\"https:\/\/vestelli.kansleri.fi\/sv\/#\/schema\/logo\/image\/\"}}]}<\/script>\n<!-- \/ Yoast SEO plugin. -->","yoast_head_json":{"title":"Referenser | Vestelli.fi","robots":{"index":"noindex","follow":"follow","max-snippet":"max-snippet:-1","max-image-preview":"max-image-preview:large","max-video-preview":"max-video-preview:-1"},"og_locale":"sv_SE","og_type":"article","og_title":"Referenser | Vestelli.fi","og_description":"Erfarenheter Erfarenheter 0 % TILLVERKAD I FINLAND + 0 S\u00c5LDA PRODUKTER 0 % AV V\u00c5RA KUNDER REKOMMENDERAR","og_url":"https:\/\/vestelli.kansleri.fi\/sv\/referenser\/","og_site_name":"Vestelli.fi","article_modified_time":"2021-02-26T07:17:05+00:00","og_image":[{"url":"http:\/\/vestelli.kansleri.fi\/wp-content\/uploads\/2020\/03\/element_wave_01_fat.png","type":"","width":"","height":""}],"twitter_card":"summary_large_image","twitter_misc":{"Ber\u00e4knad l\u00e4stid":"6 minuter"},"schema":{"@context":"https:\/\/schema.org","@graph":[{"@type":"WebPage","@id":"https:\/\/vestelli.kansleri.fi\/sv\/referenser\/","url":"https:\/\/vestelli.kansleri.fi\/sv\/referenser\/","name":"Referenser | Vestelli.fi","isPartOf":{"@id":"https:\/\/vestelli.kansleri.fi\/sv\/#website"},"primaryImageOfPage":{"@id":"https:\/\/vestelli.kansleri.fi\/sv\/referenser\/#primaryimage"},"image":{"@id":"https:\/\/vestelli.kansleri.fi\/sv\/referenser\/#primaryimage"},"thumbnailUrl":"http:\/\/vestelli.kansleri.fi\/wp-content\/uploads\/2020\/03\/element_wave_01_fat.png","datePublished":"2020-05-12T11:08:32+00:00","dateModified":"2021-02-26T07:17:05+00:00","breadcrumb":{"@id":"https:\/\/vestelli.kansleri.fi\/sv\/referenser\/#breadcrumb"},"inLanguage":"sv-SE","potentialAction":[{"@type":"ReadAction","target":["https:\/\/vestelli.kansleri.fi\/sv\/referenser\/"]}]},{"@type":"ImageObject","inLanguage":"sv-SE","@id":"https:\/\/vestelli.kansleri.fi\/sv\/referenser\/#primaryimage","url":"http:\/\/vestelli.kansleri.fi\/wp-content\/uploads\/2020\/03\/element_wave_01_fat.png","contentUrl":"http:\/\/vestelli.kansleri.fi\/wp-content\/uploads\/2020\/03\/element_wave_01_fat.png"},{"@type":"BreadcrumbList","@id":"https:\/\/vestelli.kansleri.fi\/sv\/referenser\/#breadcrumb","itemListElement":[{"@type":"ListItem","position":1,"name":"Home","item":"https:\/\/vestelli.kansleri.fi\/sv\/ingangssida\/"},{"@type":"ListItem","position":2,"name":"Referenser"}]},{"@type":"WebSite","@id":"https:\/\/vestelli.kansleri.fi\/sv\/#website","url":"https:\/\/vestelli.kansleri.fi\/sv\/","name":"Vestelli.fi","description":"Puhtaiden vesien puolesta \u2013 tehokkaat j\u00e4tevesij\u00e4rjestelm\u00e4t","publisher":{"@id":"https:\/\/vestelli.kansleri.fi\/sv\/#organization"},"potentialAction":[{"@type":"SearchAction","target":{"@type":"EntryPoint","urlTemplate":"https:\/\/vestelli.kansleri.fi\/sv\/?s={search_term_string}"},"query-input":{"@type":"PropertyValueSpecification","valueRequired":true,"valueName":"search_term_string"}}],"inLanguage":"sv-SE"},{"@type":"Organization","@id":"https:\/\/vestelli.kansleri.fi\/sv\/#organization","name":"Vestelli Oy","url":"https:\/\/vestelli.kansleri.fi\/sv\/","logo":{"@type":"ImageObject","inLanguage":"sv-SE","@id":"https:\/\/vestelli.kansleri.fi\/sv\/#\/schema\/logo\/image\/","url":"http:\/\/vestelli.kansleri.fi\/wp-content\/uploads\/2018\/05\/vestelli_logo-e1577697076704.png","contentUrl":"http:\/\/vestelli.kansleri.fi\/wp-content\/uploads\/2018\/05\/vestelli_logo-e1577697076704.png","width":200,"height":72,"caption":"Vestelli Oy"},"image":{"@id":"https:\/\/vestelli.kansleri.fi\/sv\/#\/schema\/logo\/image\/"}}]}},"_links":{"self":[{"href":"https:\/\/vestelli.kansleri.fi\/sv\/wp-json\/wp\/v2\/pages\/3536","targetHints":{"allow":["GET"]}}],"collection":[{"href":"https:\/\/vestelli.kansleri.fi\/sv\/wp-json\/wp\/v2\/pages"}],"about":[{"href":"https:\/\/vestelli.kansleri.fi\/sv\/wp-json\/wp\/v2\/types\/page"}],"author":[{"embeddable":true,"href":"https:\/\/vestelli.kansleri.fi\/sv\/wp-json\/wp\/v2\/users\/33"}],"replies":[{"embeddable":true,"href":"https:\/\/vestelli.kansleri.fi\/sv\/wp-json\/wp\/v2\/comments?post=3536"}],"version-history":[{"count":18,"href":"https:\/\/vestelli.kansleri.fi\/sv\/wp-json\/wp\/v2\/pages\/3536\/revisions"}],"predecessor-version":[{"id":4641,"href":"https:\/\/vestelli.kansleri.fi\/sv\/wp-json\/wp\/v2\/pages\/3536\/revisions\/4641"}],"wp:attachment":[{"href":"https:\/\/vestelli.kansleri.fi\/sv\/wp-json\/wp\/v2\/media?parent=3536"}],"curies":[{"name":"wp","href":"https:\/\/api.w.org\/{rel}","templated":true}]}}