{"id":4865,"date":"2021-05-18T15:43:28","date_gmt":"2021-05-18T12:43:28","guid":{"rendered":"https:\/\/vestelli.kansleri.fi\/?page_id=4865"},"modified":"2021-05-19T08:32:39","modified_gmt":"2021-05-19T05:32:39","slug":"biorenare-for-gravattenhantering-i-enfamiljshus-eller-fritidshus","status":"publish","type":"page","link":"https:\/\/vestelli.kansleri.fi\/sv\/biorenare-for-gravattenhantering-i-enfamiljshus-eller-fritidshus\/","title":{"rendered":"Biorenare \u2013 F\u00f6r gr\u00e5vattenhantering i enfamiljshus eller fritidshus"},"content":{"rendered":"<p>Biorenaren renar alla typer av avloppsvatten, utom toalettvatten. Tack vare den genomt\u00e4nkta konstruktionen, renas gr\u00e5vattnet i en beh\u00e5llare, utan varken sedimenteringstank eller separat markb\u00e4dd. Det renade vattnet leds direkt i ett dike, en stenkista eller en sluttning.<\/p>\n<p>Biorenaren har varken filtreringsmaterial, kemikalier eller jordmassor som beh\u00f6ver bytas. De enda drifts- och underh\u00e5llskostnaderna \u00e4r avgiften f\u00f6r den \u00e5rliga slamt\u00f6mningen, samt ca 4 \u20ac\/m\u00e5nad f\u00f6r luftfl\u00e4ktens elf\u00f6rbrukning. Biorenaren l\u00e4mpar sig som s\u00e5dan \u00e4ven f\u00f6r vinterbruk.<\/p>\n","protected":false},"excerpt":{"rendered":"<p>Biorenaren renar alla typer av avloppsvatten, utom toalettvatten. Tack vare den genomt\u00e4nkta konstruktionen, renas gr\u00e5vattnet i en beh\u00e5llare, utan varken sedimenteringstank eller separat markb\u00e4dd. Det renade vattnet leds direkt i ett dike, en stenkista eller en sluttning. Biorenaren har varken filtreringsmaterial, kemikalier eller jordmassor som beh\u00f6ver bytas. De enda drifts- och underh\u00e5llskostnaderna \u00e4r avgiften f\u00f6r&hellip;<\/p>\n","protected":false},"author":33,"featured_media":233,"parent":0,"menu_order":1,"comment_status":"closed","ping_status":"closed","template":"templates\/product.php","meta":{"_acf_changed":false,"footnotes":""},"class_list":["post-4865","page","type-page","status-publish","has-post-thumbnail","hentry"],"acf":[],"yoast_head":"<!-- This site is optimized with the Yoast SEO plugin v27.2 - https:\/\/yoast.com\/product\/yoast-seo-wordpress\/ -->\n<title>Biorenare \u2013 F\u00f6r gr\u00e5vattenhantering i enfamiljshus eller fritidshus | Vestelli.fi<\/title>\n<meta name=\"robots\" content=\"noindex, follow, max-snippet:-1, max-image-preview:large, max-video-preview:-1\" \/>\n<meta property=\"og:locale\" content=\"sv_SE\" \/>\n<meta property=\"og:type\" content=\"article\" \/>\n<meta property=\"og:title\" content=\"Biorenare \u2013 F\u00f6r gr\u00e5vattenhantering i enfamiljshus eller fritidshus | Vestelli.fi\" \/>\n<meta property=\"og:description\" content=\"Biorenaren renar alla typer av avloppsvatten, utom toalettvatten. Tack vare den genomt\u00e4nkta konstruktionen, renas gr\u00e5vattnet i en beh\u00e5llare, utan varken sedimenteringstank eller separat markb\u00e4dd. Det renade vattnet leds direkt i ett dike, en stenkista eller en sluttning. Biorenaren har varken filtreringsmaterial, kemikalier eller jordmassor som beh\u00f6ver bytas. De enda drifts- och underh\u00e5llskostnaderna \u00e4r avgiften f\u00f6r&hellip;\" \/>\n<meta property=\"og:url\" content=\"https:\/\/vestelli.kansleri.fi\/sv\/biorenare-for-gravattenhantering-i-enfamiljshus-eller-fritidshus\/\" \/>\n<meta property=\"og:site_name\" content=\"Vestelli.fi\" \/>\n<meta property=\"article:modified_time\" content=\"2021-05-19T05:32:39+00:00\" \/>\n<meta property=\"og:image\" content=\"https:\/\/vestelli.kansleri.fi\/wp-content\/uploads\/2018\/01\/Vestelli_cad0017-1-e1519206784250.png\" \/>\n\t<meta property=\"og:image:width\" content=\"1920\" \/>\n\t<meta property=\"og:image:height\" content=\"1080\" \/>\n\t<meta property=\"og:image:type\" content=\"image\/png\" \/>\n<meta name=\"twitter:card\" content=\"summary_large_image\" \/>\n<meta name=\"twitter:label1\" content=\"Ber\u00e4knad l\u00e4stid\" \/>\n\t<meta name=\"twitter:data1\" content=\"1 minut\" \/>\n<script type=\"application\/ld+json\" class=\"yoast-schema-graph\">{\"@context\":\"https:\/\/schema.org\",\"@graph\":[{\"@type\":\"WebPage\",\"@id\":\"https:\/\/vestelli.kansleri.fi\/sv\/biorenare-for-gravattenhantering-i-enfamiljshus-eller-fritidshus\/\",\"url\":\"https:\/\/vestelli.kansleri.fi\/sv\/biorenare-for-gravattenhantering-i-enfamiljshus-eller-fritidshus\/\",\"name\":\"Biorenare \u2013 F\u00f6r gr\u00e5vattenhantering i enfamiljshus eller fritidshus | Vestelli.fi\",\"isPartOf\":{\"@id\":\"https:\/\/vestelli.kansleri.fi\/sv\/#website\"},\"primaryImageOfPage\":{\"@id\":\"https:\/\/vestelli.kansleri.fi\/sv\/biorenare-for-gravattenhantering-i-enfamiljshus-eller-fritidshus\/#primaryimage\"},\"image\":{\"@id\":\"https:\/\/vestelli.kansleri.fi\/sv\/biorenare-for-gravattenhantering-i-enfamiljshus-eller-fritidshus\/#primaryimage\"},\"thumbnailUrl\":\"https:\/\/vestelli.kansleri.fi\/wp-content\/uploads\/2018\/01\/Vestelli_cad0017-1-e1519206784250.png\",\"datePublished\":\"2021-05-18T12:43:28+00:00\",\"dateModified\":\"2021-05-19T05:32:39+00:00\",\"breadcrumb\":{\"@id\":\"https:\/\/vestelli.kansleri.fi\/sv\/biorenare-for-gravattenhantering-i-enfamiljshus-eller-fritidshus\/#breadcrumb\"},\"inLanguage\":\"sv-SE\",\"potentialAction\":[{\"@type\":\"ReadAction\",\"target\":[\"https:\/\/vestelli.kansleri.fi\/sv\/biorenare-for-gravattenhantering-i-enfamiljshus-eller-fritidshus\/\"]}]},{\"@type\":\"ImageObject\",\"inLanguage\":\"sv-SE\",\"@id\":\"https:\/\/vestelli.kansleri.fi\/sv\/biorenare-for-gravattenhantering-i-enfamiljshus-eller-fritidshus\/#primaryimage\",\"url\":\"https:\/\/vestelli.kansleri.fi\/wp-content\/uploads\/2018\/01\/Vestelli_cad0017-1-e1519206784250.png\",\"contentUrl\":\"https:\/\/vestelli.kansleri.fi\/wp-content\/uploads\/2018\/01\/Vestelli_cad0017-1-e1519206784250.png\",\"width\":1920,\"height\":1080},{\"@type\":\"BreadcrumbList\",\"@id\":\"https:\/\/vestelli.kansleri.fi\/sv\/biorenare-for-gravattenhantering-i-enfamiljshus-eller-fritidshus\/#breadcrumb\",\"itemListElement\":[{\"@type\":\"ListItem\",\"position\":1,\"name\":\"Home\",\"item\":\"https:\/\/vestelli.kansleri.fi\/sv\/ingangssida\/\"},{\"@type\":\"ListItem\",\"position\":2,\"name\":\"Biorenare \u2013 F\u00f6r gr\u00e5vattenhantering i enfamiljshus eller fritidshus\"}]},{\"@type\":\"WebSite\",\"@id\":\"https:\/\/vestelli.kansleri.fi\/sv\/#website\",\"url\":\"https:\/\/vestelli.kansleri.fi\/sv\/\",\"name\":\"Vestelli.fi\",\"description\":\"Puhtaiden vesien puolesta \u2013 tehokkaat j\u00e4tevesij\u00e4rjestelm\u00e4t\",\"publisher\":{\"@id\":\"https:\/\/vestelli.kansleri.fi\/sv\/#organization\"},\"potentialAction\":[{\"@type\":\"SearchAction\",\"target\":{\"@type\":\"EntryPoint\",\"urlTemplate\":\"https:\/\/vestelli.kansleri.fi\/sv\/?s={search_term_string}\"},\"query-input\":{\"@type\":\"PropertyValueSpecification\",\"valueRequired\":true,\"valueName\":\"search_term_string\"}}],\"inLanguage\":\"sv-SE\"},{\"@type\":\"Organization\",\"@id\":\"https:\/\/vestelli.kansleri.fi\/sv\/#organization\",\"name\":\"Vestelli Oy\",\"url\":\"https:\/\/vestelli.kansleri.fi\/sv\/\",\"logo\":{\"@type\":\"ImageObject\",\"inLanguage\":\"sv-SE\",\"@id\":\"https:\/\/vestelli.kansleri.fi\/sv\/#\/schema\/logo\/image\/\",\"url\":\"http:\/\/vestelli.kansleri.fi\/wp-content\/uploads\/2018\/05\/vestelli_logo-e1577697076704.png\",\"contentUrl\":\"http:\/\/vestelli.kansleri.fi\/wp-content\/uploads\/2018\/05\/vestelli_logo-e1577697076704.png\",\"width\":200,\"height\":72,\"caption\":\"Vestelli Oy\"},\"image\":{\"@id\":\"https:\/\/vestelli.kansleri.fi\/sv\/#\/schema\/logo\/image\/\"}}]}<\/script>\n<!-- \/ Yoast SEO plugin. -->","yoast_head_json":{"title":"Biorenare \u2013 F\u00f6r gr\u00e5vattenhantering i enfamiljshus eller fritidshus | Vestelli.fi","robots":{"index":"noindex","follow":"follow","max-snippet":"max-snippet:-1","max-image-preview":"max-image-preview:large","max-video-preview":"max-video-preview:-1"},"og_locale":"sv_SE","og_type":"article","og_title":"Biorenare \u2013 F\u00f6r gr\u00e5vattenhantering i enfamiljshus eller fritidshus | Vestelli.fi","og_description":"Biorenaren renar alla typer av avloppsvatten, utom toalettvatten. Tack vare den genomt\u00e4nkta konstruktionen, renas gr\u00e5vattnet i en beh\u00e5llare, utan varken sedimenteringstank eller separat markb\u00e4dd. Det renade vattnet leds direkt i ett dike, en stenkista eller en sluttning. Biorenaren har varken filtreringsmaterial, kemikalier eller jordmassor som beh\u00f6ver bytas. De enda drifts- och underh\u00e5llskostnaderna \u00e4r avgiften f\u00f6r&hellip;","og_url":"https:\/\/vestelli.kansleri.fi\/sv\/biorenare-for-gravattenhantering-i-enfamiljshus-eller-fritidshus\/","og_site_name":"Vestelli.fi","article_modified_time":"2021-05-19T05:32:39+00:00","og_image":[{"width":1920,"height":1080,"url":"https:\/\/vestelli.kansleri.fi\/wp-content\/uploads\/2018\/01\/Vestelli_cad0017-1-e1519206784250.png","type":"image\/png"}],"twitter_card":"summary_large_image","twitter_misc":{"Ber\u00e4knad l\u00e4stid":"1 minut"},"schema":{"@context":"https:\/\/schema.org","@graph":[{"@type":"WebPage","@id":"https:\/\/vestelli.kansleri.fi\/sv\/biorenare-for-gravattenhantering-i-enfamiljshus-eller-fritidshus\/","url":"https:\/\/vestelli.kansleri.fi\/sv\/biorenare-for-gravattenhantering-i-enfamiljshus-eller-fritidshus\/","name":"Biorenare \u2013 F\u00f6r gr\u00e5vattenhantering i enfamiljshus eller fritidshus | Vestelli.fi","isPartOf":{"@id":"https:\/\/vestelli.kansleri.fi\/sv\/#website"},"primaryImageOfPage":{"@id":"https:\/\/vestelli.kansleri.fi\/sv\/biorenare-for-gravattenhantering-i-enfamiljshus-eller-fritidshus\/#primaryimage"},"image":{"@id":"https:\/\/vestelli.kansleri.fi\/sv\/biorenare-for-gravattenhantering-i-enfamiljshus-eller-fritidshus\/#primaryimage"},"thumbnailUrl":"https:\/\/vestelli.kansleri.fi\/wp-content\/uploads\/2018\/01\/Vestelli_cad0017-1-e1519206784250.png","datePublished":"2021-05-18T12:43:28+00:00","dateModified":"2021-05-19T05:32:39+00:00","breadcrumb":{"@id":"https:\/\/vestelli.kansleri.fi\/sv\/biorenare-for-gravattenhantering-i-enfamiljshus-eller-fritidshus\/#breadcrumb"},"inLanguage":"sv-SE","potentialAction":[{"@type":"ReadAction","target":["https:\/\/vestelli.kansleri.fi\/sv\/biorenare-for-gravattenhantering-i-enfamiljshus-eller-fritidshus\/"]}]},{"@type":"ImageObject","inLanguage":"sv-SE","@id":"https:\/\/vestelli.kansleri.fi\/sv\/biorenare-for-gravattenhantering-i-enfamiljshus-eller-fritidshus\/#primaryimage","url":"https:\/\/vestelli.kansleri.fi\/wp-content\/uploads\/2018\/01\/Vestelli_cad0017-1-e1519206784250.png","contentUrl":"https:\/\/vestelli.kansleri.fi\/wp-content\/uploads\/2018\/01\/Vestelli_cad0017-1-e1519206784250.png","width":1920,"height":1080},{"@type":"BreadcrumbList","@id":"https:\/\/vestelli.kansleri.fi\/sv\/biorenare-for-gravattenhantering-i-enfamiljshus-eller-fritidshus\/#breadcrumb","itemListElement":[{"@type":"ListItem","position":1,"name":"Home","item":"https:\/\/vestelli.kansleri.fi\/sv\/ingangssida\/"},{"@type":"ListItem","position":2,"name":"Biorenare \u2013 F\u00f6r gr\u00e5vattenhantering i enfamiljshus eller fritidshus"}]},{"@type":"WebSite","@id":"https:\/\/vestelli.kansleri.fi\/sv\/#website","url":"https:\/\/vestelli.kansleri.fi\/sv\/","name":"Vestelli.fi","description":"Puhtaiden vesien puolesta \u2013 tehokkaat j\u00e4tevesij\u00e4rjestelm\u00e4t","publisher":{"@id":"https:\/\/vestelli.kansleri.fi\/sv\/#organization"},"potentialAction":[{"@type":"SearchAction","target":{"@type":"EntryPoint","urlTemplate":"https:\/\/vestelli.kansleri.fi\/sv\/?s={search_term_string}"},"query-input":{"@type":"PropertyValueSpecification","valueRequired":true,"valueName":"search_term_string"}}],"inLanguage":"sv-SE"},{"@type":"Organization","@id":"https:\/\/vestelli.kansleri.fi\/sv\/#organization","name":"Vestelli Oy","url":"https:\/\/vestelli.kansleri.fi\/sv\/","logo":{"@type":"ImageObject","inLanguage":"sv-SE","@id":"https:\/\/vestelli.kansleri.fi\/sv\/#\/schema\/logo\/image\/","url":"http:\/\/vestelli.kansleri.fi\/wp-content\/uploads\/2018\/05\/vestelli_logo-e1577697076704.png","contentUrl":"http:\/\/vestelli.kansleri.fi\/wp-content\/uploads\/2018\/05\/vestelli_logo-e1577697076704.png","width":200,"height":72,"caption":"Vestelli Oy"},"image":{"@id":"https:\/\/vestelli.kansleri.fi\/sv\/#\/schema\/logo\/image\/"}}]}},"_links":{"self":[{"href":"https:\/\/vestelli.kansleri.fi\/sv\/wp-json\/wp\/v2\/pages\/4865","targetHints":{"allow":["GET"]}}],"collection":[{"href":"https:\/\/vestelli.kansleri.fi\/sv\/wp-json\/wp\/v2\/pages"}],"about":[{"href":"https:\/\/vestelli.kansleri.fi\/sv\/wp-json\/wp\/v2\/types\/page"}],"author":[{"embeddable":true,"href":"https:\/\/vestelli.kansleri.fi\/sv\/wp-json\/wp\/v2\/users\/33"}],"replies":[{"embeddable":true,"href":"https:\/\/vestelli.kansleri.fi\/sv\/wp-json\/wp\/v2\/comments?post=4865"}],"version-history":[{"count":5,"href":"https:\/\/vestelli.kansleri.fi\/sv\/wp-json\/wp\/v2\/pages\/4865\/revisions"}],"predecessor-version":[{"id":5320,"href":"https:\/\/vestelli.kansleri.fi\/sv\/wp-json\/wp\/v2\/pages\/4865\/revisions\/5320"}],"wp:featuredmedia":[{"embeddable":true,"href":"https:\/\/vestelli.kansleri.fi\/sv\/wp-json\/wp\/v2\/media\/233"}],"wp:attachment":[{"href":"https:\/\/vestelli.kansleri.fi\/sv\/wp-json\/wp\/v2\/media?parent=4865"}],"curies":[{"name":"wp","href":"https:\/\/api.w.org\/{rel}","templated":true}]}}