{"id":4897,"date":"2021-03-10T15:35:04","date_gmt":"2021-03-10T13:35:04","guid":{"rendered":"https:\/\/vestelli.kansleri.fi\/?page_id=4897"},"modified":"2021-05-18T15:40:42","modified_gmt":"2021-05-18T12:40:42","slug":"biorenare-2","status":"publish","type":"page","link":"https:\/\/vestelli.kansleri.fi\/sv\/biorenare-2\/","title":{"rendered":"Biorenare 2"},"content":{"rendered":"<h1>Biorenare 2<\/h1>\n<p>En effektiv gr\u00e5vattenrenare<br \/>\nf\u00f6r sommarstugor<\/p>\n<p>Kontinuerlig reng\u00f6ring av gr\u00e5vatten\n<\/p>\n<p><strong>Anv\u00e4ndning<\/strong><\/p>\n<ul>\n<li>Reng\u00f6ring av gr\u00e5vatten i sommarstugor och bastu<\/li>\n<li>Kapacitet 1-5 personer<\/li>\n<li>Dimensioneringsfl\u00f6de 300l \/ dygn<\/li>\n<li>L\u00e4mplig f\u00f6r s\u00e5v\u00e4l sommar- som vinterbruk<\/li>\n<li>Kan installeras s\u00e5v\u00e4l p\u00e5 markytan som in i marken<\/li>\n<li>Ej l\u00e4mplig f\u00f6r avloppsvatten fr\u00e5n disk- eller tv\u00e4ttmaskin<\/li>\n<\/ul>\n<p>\t\t\t\t\t\t\t\t\t\t\t\t<img decoding=\"async\" width=\"548\" height=\"783\" src=\"http:\/\/vestelli.kansleri.fi\/wp-content\/uploads\/2020\/04\/avainlippu-nelio.png\" alt=\"\" loading=\"lazy\" srcset=\"http:\/\/vestelli.kansleri.fi\/wp-content\/uploads\/2020\/04\/avainlippu-nelio.png 548w, http:\/\/vestelli.kansleri.fi\/wp-content\/uploads\/2020\/04\/avainlippu-nelio-210x300.png 210w, http:\/\/vestelli.kansleri.fi\/wp-content\/uploads\/2020\/04\/avainlippu-nelio-532x760.png 532w, http:\/\/vestelli.kansleri.fi\/wp-content\/uploads\/2020\/04\/avainlippu-nelio-112x160.png 112w\" sizes=\"auto, (max-width: 548px) 100vw, 548px\" \/><br \/>\n\t\t\t\t0<br \/>\n\t\t\t\t%<\/p>\n<p>TILLVERKAD<\/p>\n<p>I FINLAND<\/p>\n<p>\t\t\t\t\t\t\t\t\t\t\t\t<img decoding=\"async\" width=\"548\" height=\"783\" src=\"http:\/\/vestelli.kansleri.fi\/wp-content\/uploads\/2020\/04\/handshake1-1.png\" alt=\"\" loading=\"lazy\" srcset=\"http:\/\/vestelli.kansleri.fi\/wp-content\/uploads\/2020\/04\/handshake1-1.png 548w, http:\/\/vestelli.kansleri.fi\/wp-content\/uploads\/2020\/04\/handshake1-1-210x300.png 210w, http:\/\/vestelli.kansleri.fi\/wp-content\/uploads\/2020\/04\/handshake1-1-532x760.png 532w, http:\/\/vestelli.kansleri.fi\/wp-content\/uploads\/2020\/04\/handshake1-1-112x160.png 112w\" sizes=\"auto, (max-width: 548px) 100vw, 548px\" \/><br \/>\n\t\t\t\t+<br \/>\n\t\t\t\t0<\/p>\n<p>S\u00c5LDA<\/p>\n<p>PRODUKTER<\/p>\n<p>\t\t\t\t\t\t\t\t\t\t\t\t<img decoding=\"async\" width=\"548\" height=\"783\" src=\"http:\/\/vestelli.kansleri.fi\/wp-content\/uploads\/2020\/04\/hymynaama1-1.png\" alt=\"\" loading=\"lazy\" srcset=\"http:\/\/vestelli.kansleri.fi\/wp-content\/uploads\/2020\/04\/hymynaama1-1.png 548w, http:\/\/vestelli.kansleri.fi\/wp-content\/uploads\/2020\/04\/hymynaama1-1-210x300.png 210w, http:\/\/vestelli.kansleri.fi\/wp-content\/uploads\/2020\/04\/hymynaama1-1-532x760.png 532w, http:\/\/vestelli.kansleri.fi\/wp-content\/uploads\/2020\/04\/hymynaama1-1-112x160.png 112w\" sizes=\"auto, (max-width: 548px) 100vw, 548px\" \/><br \/>\n\t\t\t\t0<br \/>\n\t\t\t\t%<\/p>\n<p>AV V\u00c5RA KUNDER<\/p>\n<p>REKOMMENDERAR<\/p>\n<p>\t\t\t<a href=\"\/sv\/contact-us\/\" role=\"button\"><br \/>\n\t\t\t\t\t\tKontakta oss<br \/>\n\t\t\t\t\t<\/a><br \/>\n\t\t\t\t\t\t\t\t\t\t\t\t<img decoding=\"async\" width=\"2560\" height=\"1920\" src=\"http:\/\/vestelli.kansleri.fi\/wp-content\/uploads\/2020\/05\/20200409_193704.jpg\" alt=\"\" loading=\"lazy\" \/>\t\t\t\t\t\t\t\t\t\t\t\t\t\t<\/p>\n<h2>Funktionsprincip<\/h2>\n<h3>Funktionen grundar sig p\u00e5 ett tv\u00e5<br \/>\nbrunns system, d\u00e4r filtreringsbrunnen<br \/>\nfunktionerar som en f\u00f6ravskiljare av<br \/>\nfasta partiklarna och fett och den<br \/>\nd\u00e4refter kommande massabrunnen<br \/>\nrenar avloppsvattnet fr\u00e5n mera<br \/>\nn\u00e4rings\u00e4mnen och mikrober med<br \/>\nen speciell biokol-sand-massa<br \/>\nblandning.<br \/>\n<\/h3>\n<ol>\n<li>Gr\u00e5vattnet leds med ett avloppsr\u00f6r till avloppstanken och filtreringsp\u00e5sen.<\/li>\n<li>Gr\u00e5vattnet rinner genom filtreringsp\u00e5sen som samlar upp fasta partiklar.<\/li>\n<li>Fetter flyter upp till ytan. Fettet hindras fr\u00e5n att komma vidare genom ett t-stycke p\u00e5 utg\u00e5ende avlopp.<\/li>\n<li>Gr\u00e5vattnet rinner med gravitation<br \/>fr\u00e5n filtreringsbrunnen till massabrunnen.<\/li>\n<li>I massabrunnen leds vattnet genom<br \/>filtreringsmassan nerifr\u00e5n upp\u00e5t.<\/li>\n<li>Gr\u00e5vattnet rinner ut fr\u00e5n massabrunnen med hj\u00e4lp av gravitation till utloppsplatsen.<\/li>\n<\/ol>\n<p>\t\t\t<a href=\"\/sv\/contact-us\/\" role=\"button\"><br \/>\n\t\t\t\t\t\tKontakta oss<br \/>\n\t\t\t\t\t<\/a><\/p>\n<h2>Teknisk information <\/h2>\n<h3>Biorenare 2<\/h3>\n<ul>\n<li>Kapacitet 1\u20135 personer<\/li>\n<li>Ber\u00e4kningsfl\u00f6de 300 l\/dygn<\/li>\n<li>Material nylon, polyester, HST<\/li>\n<li>Vikt<br \/>\u25e6 Filtreringsbrunn 20 kg<br \/>\u25e6 Massabrunn 10 kg<\/li>\n<li>H\u00f6jd<br \/>\u25e6 Filtreringsbrunn l\u00e5g 900 mm<br \/>\u25e6 Massabrunn l\u00e5g 900 mm<br \/>\u25e6 Filtreringsbrunn h\u00f6g 1300 mm<br \/>\u25e6 Massabrunn h\u00f6g 1300 mm<\/li>\n<li>Diameter<br \/>\u25e6 Filtreringsbrunn 560 mm<br \/>\u25e6 Massabrunn 315 mm<\/li>\n<li>Filtreringsbrunn<br \/>\u25e6 Anslutningsr\u00f6r \u00d8 75 mm<br \/>\u25e6 Avlopp in (fr\u00e5n bottnet) 510 mm<br \/>\u25e6 Avlopp ut (fr\u00e5n bottnet) 420 mm<\/li>\n<li>Massabrunn<br \/>\u25e6 Anslutningsr\u00f6r \u00d8 75 mm<br \/>\u25e6 Avlopp in (fr\u00e5n bottnet) 500 mm<br \/>\u25e6 Avlopp ut (fr\u00e5n bottnet) 470 mm<br \/>\u25e6 Avloppets \u00f6verrinning<br \/>(fr\u00e5n bottnet) 500 mm<\/li>\n<li>Locket l\u00e5sbart med h\u00e4ngl\u00e5s<\/li>\n<li>Garanti tv\u00e5 \u00e5r<\/li>\n<\/ul>\n<p>\t\t\t<a href=\"\/sv\/contact-us\/\" role=\"button\"><br \/>\n\t\t\t\t\t\tKontakta oss<br \/>\n\t\t\t\t\t<\/a><br \/>\n\t\t\t\t\t\t\t\t\t\t\t\t<img decoding=\"async\" width=\"544\" height=\"760\" src=\"http:\/\/vestelli.kansleri.fi\/wp-content\/uploads\/2020\/04\/Biopuhdistaja-2.png\" alt=\"\" loading=\"lazy\" srcset=\"http:\/\/vestelli.kansleri.fi\/wp-content\/uploads\/2020\/04\/Biopuhdistaja-2.png 544w, http:\/\/vestelli.kansleri.fi\/wp-content\/uploads\/2020\/04\/Biopuhdistaja-2-215x300.png 215w, http:\/\/vestelli.kansleri.fi\/wp-content\/uploads\/2020\/04\/Biopuhdistaja-2-115x160.png 115w\" sizes=\"auto, (max-width: 544px) 100vw, 544px\" \/><br \/>\n\t\t\t\t\t\t\t\t\t\t\t\t<img decoding=\"async\" width=\"800\" height=\"800\" src=\"http:\/\/vestelli.kansleri.fi\/wp-content\/uploads\/2021\/05\/inkoo-.jpeg\" alt=\"\" loading=\"lazy\" srcset=\"http:\/\/vestelli.kansleri.fi\/wp-content\/uploads\/2021\/05\/inkoo-.jpeg 800w, http:\/\/vestelli.kansleri.fi\/wp-content\/uploads\/2021\/05\/inkoo--300x300.jpeg 300w, http:\/\/vestelli.kansleri.fi\/wp-content\/uploads\/2021\/05\/inkoo--150x150.jpeg 150w, http:\/\/vestelli.kansleri.fi\/wp-content\/uploads\/2021\/05\/inkoo--768x768.jpeg 768w, http:\/\/vestelli.kansleri.fi\/wp-content\/uploads\/2021\/05\/inkoo--760x760.jpeg 760w, http:\/\/vestelli.kansleri.fi\/wp-content\/uploads\/2021\/05\/inkoo--160x160.jpeg 160w, http:\/\/vestelli.kansleri.fi\/wp-content\/uploads\/2021\/05\/inkoo--50x50.jpeg 50w\" sizes=\"auto, (max-width: 800px) 100vw, 800px\" \/>\t\t\t\t\t\t\t\t\t\t\t\t\t\t<\/p>\n<h2>Ilta-sanomat f\u00f6ljde med installationen av biorenaren<\/h2>\n<p>Ilta-sanomat f\u00f6ljde med hur Vestelli Biorenare 2 installerades till ett fritidshus i Ing\u00e5. Tryck p\u00e5 l\u00e4nken f\u00f6r att se bilder p\u00e5 installationen.<\/p>\n<p>\t\t\t<a href=\"https:\/\/vestelli.kansleri.fi\/blog\/2019\/07\/14\/ilta-sanomat-seurasi-kuinka-inkoolaiselle-vapaa-ajan-asunnolle-asennettiin-vestellin-biopuhdistaja-2\/\" role=\"button\"><br \/>\n\t\t\t\t\t\tL\u00e4s mera<br \/>\n\t\t\t\t\t<\/a><\/p>\n<h2>Erfarenheter<\/h2>\n<p>\t\t\t\t\t\t\t\t\t\t\t\t<img decoding=\"async\" width=\"2621\" height=\"137\" src=\"http:\/\/vestelli.kansleri.fi\/wp-content\/uploads\/2020\/03\/element_wave_01_fat.png\" alt=\"\" loading=\"lazy\" srcset=\"http:\/\/vestelli.kansleri.fi\/wp-content\/uploads\/2020\/03\/element_wave_01_fat.png 2621w, http:\/\/vestelli.kansleri.fi\/wp-content\/uploads\/2020\/03\/element_wave_01_fat-300x16.png 300w, http:\/\/vestelli.kansleri.fi\/wp-content\/uploads\/2020\/03\/element_wave_01_fat-1024x54.png 1024w, http:\/\/vestelli.kansleri.fi\/wp-content\/uploads\/2020\/03\/element_wave_01_fat-768x40.png 768w, http:\/\/vestelli.kansleri.fi\/wp-content\/uploads\/2020\/03\/element_wave_01_fat-1536x80.png 1536w, http:\/\/vestelli.kansleri.fi\/wp-content\/uploads\/2020\/03\/element_wave_01_fat-2048x107.png 2048w, http:\/\/vestelli.kansleri.fi\/wp-content\/uploads\/2020\/03\/element_wave_01_fat-1920x100.png 1920w, http:\/\/vestelli.kansleri.fi\/wp-content\/uploads\/2020\/03\/element_wave_01_fat-760x40.png 760w, http:\/\/vestelli.kansleri.fi\/wp-content\/uploads\/2020\/03\/element_wave_01_fat-160x8.png 160w\" sizes=\"auto, (max-width: 2621px) 100vw, 2621px\" \/><br \/>\n\t\t\t\t\t\t\t\t\t\t\t\t<img decoding=\"async\" width=\"548\" height=\"783\" src=\"http:\/\/vestelli.kansleri.fi\/wp-content\/uploads\/2020\/04\/avainlippu-nelio.png\" alt=\"\" loading=\"lazy\" srcset=\"http:\/\/vestelli.kansleri.fi\/wp-content\/uploads\/2020\/04\/avainlippu-nelio.png 548w, http:\/\/vestelli.kansleri.fi\/wp-content\/uploads\/2020\/04\/avainlippu-nelio-210x300.png 210w, http:\/\/vestelli.kansleri.fi\/wp-content\/uploads\/2020\/04\/avainlippu-nelio-532x760.png 532w, http:\/\/vestelli.kansleri.fi\/wp-content\/uploads\/2020\/04\/avainlippu-nelio-112x160.png 112w\" sizes=\"auto, (max-width: 548px) 100vw, 548px\" \/><br \/>\n\t\t\t\t0<br \/>\n\t\t\t\t%<\/p>\n<p>TILLVERKAD<\/p>\n<p>I FINLAND<\/p>\n<p>\t\t\t\t\t\t\t\t\t\t\t\t<img decoding=\"async\" width=\"421\" height=\"421\" src=\"http:\/\/vestelli.kansleri.fi\/wp-content\/uploads\/2020\/04\/handshake1.png\" alt=\"\" loading=\"lazy\" srcset=\"http:\/\/vestelli.kansleri.fi\/wp-content\/uploads\/2020\/04\/handshake1.png 421w, http:\/\/vestelli.kansleri.fi\/wp-content\/uploads\/2020\/04\/handshake1-300x300.png 300w, http:\/\/vestelli.kansleri.fi\/wp-content\/uploads\/2020\/04\/handshake1-150x150.png 150w, http:\/\/vestelli.kansleri.fi\/wp-content\/uploads\/2020\/04\/handshake1-800x800.png 800w, http:\/\/vestelli.kansleri.fi\/wp-content\/uploads\/2020\/04\/handshake1-160x160.png 160w\" sizes=\"auto, (max-width: 421px) 100vw, 421px\" \/><br \/>\n\t\t\t\t+<br \/>\n\t\t\t\t0<\/p>\n<p>S\u00c5LDA<\/p>\n<p>PRODUKTER<\/p>\n<p>\t\t\t\t\t\t\t\t\t\t\t\t<img decoding=\"async\" width=\"640\" height=\"640\" src=\"http:\/\/vestelli.kansleri.fi\/wp-content\/uploads\/2020\/04\/hymynaama1-1024x1024.png\" alt=\"\" loading=\"lazy\" srcset=\"http:\/\/vestelli.kansleri.fi\/wp-content\/uploads\/2020\/04\/hymynaama1-1024x1024.png 1024w, http:\/\/vestelli.kansleri.fi\/wp-content\/uploads\/2020\/04\/hymynaama1-300x300.png 300w, http:\/\/vestelli.kansleri.fi\/wp-content\/uploads\/2020\/04\/hymynaama1-150x150.png 150w, http:\/\/vestelli.kansleri.fi\/wp-content\/uploads\/2020\/04\/hymynaama1-768x768.png 768w, http:\/\/vestelli.kansleri.fi\/wp-content\/uploads\/2020\/04\/hymynaama1-876x876.png 876w, http:\/\/vestelli.kansleri.fi\/wp-content\/uploads\/2020\/04\/hymynaama1-800x800.png 800w, http:\/\/vestelli.kansleri.fi\/wp-content\/uploads\/2020\/04\/hymynaama1-760x760.png 760w, http:\/\/vestelli.kansleri.fi\/wp-content\/uploads\/2020\/04\/hymynaama1-160x160.png 160w, http:\/\/vestelli.kansleri.fi\/wp-content\/uploads\/2020\/04\/hymynaama1.png 1458w\" sizes=\"auto, (max-width: 640px) 100vw, 640px\" \/><br \/>\n\t\t\t\t0<br \/>\n\t\t\t\t%<\/p>\n<p>AV V\u00c5RA KUNDER<\/p>\n<p>REKOMMENDERAR<\/p>\n<h2>St\u00e5r du inf\u00f6r valet av avloppsvattensystem?<\/h2>\n<p>\t\t\t\t\t\t\t\t\t\t\t\t<img decoding=\"async\" width=\"2621\" height=\"137\" src=\"http:\/\/vestelli.kansleri.fi\/wp-content\/uploads\/2020\/03\/element_wave_01_fat.png\" alt=\"\" loading=\"lazy\" srcset=\"http:\/\/vestelli.kansleri.fi\/wp-content\/uploads\/2020\/03\/element_wave_01_fat.png 2621w, http:\/\/vestelli.kansleri.fi\/wp-content\/uploads\/2020\/03\/element_wave_01_fat-300x16.png 300w, http:\/\/vestelli.kansleri.fi\/wp-content\/uploads\/2020\/03\/element_wave_01_fat-1024x54.png 1024w, http:\/\/vestelli.kansleri.fi\/wp-content\/uploads\/2020\/03\/element_wave_01_fat-768x40.png 768w, http:\/\/vestelli.kansleri.fi\/wp-content\/uploads\/2020\/03\/element_wave_01_fat-1536x80.png 1536w, http:\/\/vestelli.kansleri.fi\/wp-content\/uploads\/2020\/03\/element_wave_01_fat-2048x107.png 2048w, http:\/\/vestelli.kansleri.fi\/wp-content\/uploads\/2020\/03\/element_wave_01_fat-1920x100.png 1920w, http:\/\/vestelli.kansleri.fi\/wp-content\/uploads\/2020\/03\/element_wave_01_fat-760x40.png 760w, http:\/\/vestelli.kansleri.fi\/wp-content\/uploads\/2020\/03\/element_wave_01_fat-160x8.png 160w\" sizes=\"auto, (max-width: 2621px) 100vw, 2621px\" \/>\t\t\t\t\t\t\t\t\t\t\t\t\t\t<\/p>\n<p>Vestelli \u00e4r ett finskt f\u00f6retag k\u00e4nt f\u00f6r marknadens mest omfattande kompetens inom rening av avloppsvatten och f\u00f6r utvecklingen av nya reningsmetoder.<\/p>\n<p>\t\t\t<a href=\"\/sv\/contact-us\/\" role=\"button\"><br \/>\n\t\t\t\t\t\tKontakta oss<br \/>\n\t\t\t\t\t<\/a><\/p>\n","protected":false},"excerpt":{"rendered":"<p>Biorenare 2 En effektiv gr\u00e5vattenrenare f\u00f6r sommarstugor Kontinuerlig reng\u00f6ring av gr\u00e5vatten Anv\u00e4ndning Reng\u00f6ring av gr\u00e5vatten i sommarstugor och bastu Kapacitet 1-5 personer Dimensioneringsfl\u00f6de 300l \/ dygn L\u00e4mplig f\u00f6r s\u00e5v\u00e4l sommar- som vinterbruk Kan installeras s\u00e5v\u00e4l p\u00e5 markytan som in i marken Ej l\u00e4mplig f\u00f6r avloppsvatten fr\u00e5n disk- eller tv\u00e4ttmaskin 0 % TILLVERKAD I FINLAND +&hellip;<\/p>\n","protected":false},"author":33,"featured_media":0,"parent":0,"menu_order":0,"comment_status":"closed","ping_status":"closed","template":"elementor_header_footer","meta":{"_acf_changed":false,"footnotes":""},"class_list":["post-4897","page","type-page","status-publish","hentry"],"acf":[],"yoast_head":"<!-- This site is optimized with the Yoast SEO plugin v27.2 - https:\/\/yoast.com\/product\/yoast-seo-wordpress\/ -->\n<title>Biorenare 2 | Vestelli.fi<\/title>\n<meta name=\"robots\" content=\"noindex, follow, max-snippet:-1, max-image-preview:large, max-video-preview:-1\" \/>\n<meta property=\"og:locale\" content=\"sv_SE\" \/>\n<meta property=\"og:type\" content=\"article\" \/>\n<meta property=\"og:title\" content=\"Biorenare 2 | Vestelli.fi\" \/>\n<meta property=\"og:description\" content=\"Biorenare 2 En effektiv gr\u00e5vattenrenare f\u00f6r sommarstugor Kontinuerlig reng\u00f6ring av gr\u00e5vatten Anv\u00e4ndning Reng\u00f6ring av gr\u00e5vatten i sommarstugor och bastu Kapacitet 1-5 personer Dimensioneringsfl\u00f6de 300l \/ dygn L\u00e4mplig f\u00f6r s\u00e5v\u00e4l sommar- som vinterbruk Kan installeras s\u00e5v\u00e4l p\u00e5 markytan som in i marken Ej l\u00e4mplig f\u00f6r avloppsvatten fr\u00e5n disk- eller tv\u00e4ttmaskin 0 % TILLVERKAD I FINLAND +&hellip;\" \/>\n<meta property=\"og:url\" content=\"https:\/\/vestelli.kansleri.fi\/sv\/biorenare-2\/\" \/>\n<meta property=\"og:site_name\" content=\"Vestelli.fi\" \/>\n<meta property=\"article:modified_time\" content=\"2021-05-18T12:40:42+00:00\" \/>\n<meta property=\"og:image\" content=\"http:\/\/vestelli.kansleri.fi\/wp-content\/uploads\/2020\/04\/avainlippu-nelio.png\" \/>\n<meta name=\"twitter:card\" content=\"summary_large_image\" \/>\n<meta name=\"twitter:label1\" content=\"Ber\u00e4knad l\u00e4stid\" \/>\n\t<meta name=\"twitter:data1\" content=\"4 minuter\" \/>\n<script type=\"application\/ld+json\" class=\"yoast-schema-graph\">{\"@context\":\"https:\/\/schema.org\",\"@graph\":[{\"@type\":\"WebPage\",\"@id\":\"https:\/\/vestelli.kansleri.fi\/sv\/biorenare-2\/\",\"url\":\"https:\/\/vestelli.kansleri.fi\/sv\/biorenare-2\/\",\"name\":\"Biorenare 2 | Vestelli.fi\",\"isPartOf\":{\"@id\":\"https:\/\/vestelli.kansleri.fi\/sv\/#website\"},\"primaryImageOfPage\":{\"@id\":\"https:\/\/vestelli.kansleri.fi\/sv\/biorenare-2\/#primaryimage\"},\"image\":{\"@id\":\"https:\/\/vestelli.kansleri.fi\/sv\/biorenare-2\/#primaryimage\"},\"thumbnailUrl\":\"http:\/\/vestelli.kansleri.fi\/wp-content\/uploads\/2020\/04\/avainlippu-nelio.png\",\"datePublished\":\"2021-03-10T13:35:04+00:00\",\"dateModified\":\"2021-05-18T12:40:42+00:00\",\"breadcrumb\":{\"@id\":\"https:\/\/vestelli.kansleri.fi\/sv\/biorenare-2\/#breadcrumb\"},\"inLanguage\":\"sv-SE\",\"potentialAction\":[{\"@type\":\"ReadAction\",\"target\":[\"https:\/\/vestelli.kansleri.fi\/sv\/biorenare-2\/\"]}]},{\"@type\":\"ImageObject\",\"inLanguage\":\"sv-SE\",\"@id\":\"https:\/\/vestelli.kansleri.fi\/sv\/biorenare-2\/#primaryimage\",\"url\":\"http:\/\/vestelli.kansleri.fi\/wp-content\/uploads\/2020\/04\/avainlippu-nelio.png\",\"contentUrl\":\"http:\/\/vestelli.kansleri.fi\/wp-content\/uploads\/2020\/04\/avainlippu-nelio.png\"},{\"@type\":\"BreadcrumbList\",\"@id\":\"https:\/\/vestelli.kansleri.fi\/sv\/biorenare-2\/#breadcrumb\",\"itemListElement\":[{\"@type\":\"ListItem\",\"position\":1,\"name\":\"Home\",\"item\":\"https:\/\/vestelli.kansleri.fi\/sv\/ingangssida\/\"},{\"@type\":\"ListItem\",\"position\":2,\"name\":\"Biorenare 2\"}]},{\"@type\":\"WebSite\",\"@id\":\"https:\/\/vestelli.kansleri.fi\/sv\/#website\",\"url\":\"https:\/\/vestelli.kansleri.fi\/sv\/\",\"name\":\"Vestelli.fi\",\"description\":\"Puhtaiden vesien puolesta \u2013 tehokkaat j\u00e4tevesij\u00e4rjestelm\u00e4t\",\"publisher\":{\"@id\":\"https:\/\/vestelli.kansleri.fi\/sv\/#organization\"},\"potentialAction\":[{\"@type\":\"SearchAction\",\"target\":{\"@type\":\"EntryPoint\",\"urlTemplate\":\"https:\/\/vestelli.kansleri.fi\/sv\/?s={search_term_string}\"},\"query-input\":{\"@type\":\"PropertyValueSpecification\",\"valueRequired\":true,\"valueName\":\"search_term_string\"}}],\"inLanguage\":\"sv-SE\"},{\"@type\":\"Organization\",\"@id\":\"https:\/\/vestelli.kansleri.fi\/sv\/#organization\",\"name\":\"Vestelli Oy\",\"url\":\"https:\/\/vestelli.kansleri.fi\/sv\/\",\"logo\":{\"@type\":\"ImageObject\",\"inLanguage\":\"sv-SE\",\"@id\":\"https:\/\/vestelli.kansleri.fi\/sv\/#\/schema\/logo\/image\/\",\"url\":\"http:\/\/vestelli.kansleri.fi\/wp-content\/uploads\/2018\/05\/vestelli_logo-e1577697076704.png\",\"contentUrl\":\"http:\/\/vestelli.kansleri.fi\/wp-content\/uploads\/2018\/05\/vestelli_logo-e1577697076704.png\",\"width\":200,\"height\":72,\"caption\":\"Vestelli Oy\"},\"image\":{\"@id\":\"https:\/\/vestelli.kansleri.fi\/sv\/#\/schema\/logo\/image\/\"}}]}<\/script>\n<!-- \/ Yoast SEO plugin. -->","yoast_head_json":{"title":"Biorenare 2 | Vestelli.fi","robots":{"index":"noindex","follow":"follow","max-snippet":"max-snippet:-1","max-image-preview":"max-image-preview:large","max-video-preview":"max-video-preview:-1"},"og_locale":"sv_SE","og_type":"article","og_title":"Biorenare 2 | Vestelli.fi","og_description":"Biorenare 2 En effektiv gr\u00e5vattenrenare f\u00f6r sommarstugor Kontinuerlig reng\u00f6ring av gr\u00e5vatten Anv\u00e4ndning Reng\u00f6ring av gr\u00e5vatten i sommarstugor och bastu Kapacitet 1-5 personer Dimensioneringsfl\u00f6de 300l \/ dygn L\u00e4mplig f\u00f6r s\u00e5v\u00e4l sommar- som vinterbruk Kan installeras s\u00e5v\u00e4l p\u00e5 markytan som in i marken Ej l\u00e4mplig f\u00f6r avloppsvatten fr\u00e5n disk- eller tv\u00e4ttmaskin 0 % TILLVERKAD I FINLAND +&hellip;","og_url":"https:\/\/vestelli.kansleri.fi\/sv\/biorenare-2\/","og_site_name":"Vestelli.fi","article_modified_time":"2021-05-18T12:40:42+00:00","og_image":[{"url":"http:\/\/vestelli.kansleri.fi\/wp-content\/uploads\/2020\/04\/avainlippu-nelio.png","type":"","width":"","height":""}],"twitter_card":"summary_large_image","twitter_misc":{"Ber\u00e4knad l\u00e4stid":"4 minuter"},"schema":{"@context":"https:\/\/schema.org","@graph":[{"@type":"WebPage","@id":"https:\/\/vestelli.kansleri.fi\/sv\/biorenare-2\/","url":"https:\/\/vestelli.kansleri.fi\/sv\/biorenare-2\/","name":"Biorenare 2 | Vestelli.fi","isPartOf":{"@id":"https:\/\/vestelli.kansleri.fi\/sv\/#website"},"primaryImageOfPage":{"@id":"https:\/\/vestelli.kansleri.fi\/sv\/biorenare-2\/#primaryimage"},"image":{"@id":"https:\/\/vestelli.kansleri.fi\/sv\/biorenare-2\/#primaryimage"},"thumbnailUrl":"http:\/\/vestelli.kansleri.fi\/wp-content\/uploads\/2020\/04\/avainlippu-nelio.png","datePublished":"2021-03-10T13:35:04+00:00","dateModified":"2021-05-18T12:40:42+00:00","breadcrumb":{"@id":"https:\/\/vestelli.kansleri.fi\/sv\/biorenare-2\/#breadcrumb"},"inLanguage":"sv-SE","potentialAction":[{"@type":"ReadAction","target":["https:\/\/vestelli.kansleri.fi\/sv\/biorenare-2\/"]}]},{"@type":"ImageObject","inLanguage":"sv-SE","@id":"https:\/\/vestelli.kansleri.fi\/sv\/biorenare-2\/#primaryimage","url":"http:\/\/vestelli.kansleri.fi\/wp-content\/uploads\/2020\/04\/avainlippu-nelio.png","contentUrl":"http:\/\/vestelli.kansleri.fi\/wp-content\/uploads\/2020\/04\/avainlippu-nelio.png"},{"@type":"BreadcrumbList","@id":"https:\/\/vestelli.kansleri.fi\/sv\/biorenare-2\/#breadcrumb","itemListElement":[{"@type":"ListItem","position":1,"name":"Home","item":"https:\/\/vestelli.kansleri.fi\/sv\/ingangssida\/"},{"@type":"ListItem","position":2,"name":"Biorenare 2"}]},{"@type":"WebSite","@id":"https:\/\/vestelli.kansleri.fi\/sv\/#website","url":"https:\/\/vestelli.kansleri.fi\/sv\/","name":"Vestelli.fi","description":"Puhtaiden vesien puolesta \u2013 tehokkaat j\u00e4tevesij\u00e4rjestelm\u00e4t","publisher":{"@id":"https:\/\/vestelli.kansleri.fi\/sv\/#organization"},"potentialAction":[{"@type":"SearchAction","target":{"@type":"EntryPoint","urlTemplate":"https:\/\/vestelli.kansleri.fi\/sv\/?s={search_term_string}"},"query-input":{"@type":"PropertyValueSpecification","valueRequired":true,"valueName":"search_term_string"}}],"inLanguage":"sv-SE"},{"@type":"Organization","@id":"https:\/\/vestelli.kansleri.fi\/sv\/#organization","name":"Vestelli Oy","url":"https:\/\/vestelli.kansleri.fi\/sv\/","logo":{"@type":"ImageObject","inLanguage":"sv-SE","@id":"https:\/\/vestelli.kansleri.fi\/sv\/#\/schema\/logo\/image\/","url":"http:\/\/vestelli.kansleri.fi\/wp-content\/uploads\/2018\/05\/vestelli_logo-e1577697076704.png","contentUrl":"http:\/\/vestelli.kansleri.fi\/wp-content\/uploads\/2018\/05\/vestelli_logo-e1577697076704.png","width":200,"height":72,"caption":"Vestelli Oy"},"image":{"@id":"https:\/\/vestelli.kansleri.fi\/sv\/#\/schema\/logo\/image\/"}}]}},"_links":{"self":[{"href":"https:\/\/vestelli.kansleri.fi\/sv\/wp-json\/wp\/v2\/pages\/4897","targetHints":{"allow":["GET"]}}],"collection":[{"href":"https:\/\/vestelli.kansleri.fi\/sv\/wp-json\/wp\/v2\/pages"}],"about":[{"href":"https:\/\/vestelli.kansleri.fi\/sv\/wp-json\/wp\/v2\/types\/page"}],"author":[{"embeddable":true,"href":"https:\/\/vestelli.kansleri.fi\/sv\/wp-json\/wp\/v2\/users\/33"}],"replies":[{"embeddable":true,"href":"https:\/\/vestelli.kansleri.fi\/sv\/wp-json\/wp\/v2\/comments?post=4897"}],"version-history":[{"count":23,"href":"https:\/\/vestelli.kansleri.fi\/sv\/wp-json\/wp\/v2\/pages\/4897\/revisions"}],"predecessor-version":[{"id":5552,"href":"https:\/\/vestelli.kansleri.fi\/sv\/wp-json\/wp\/v2\/pages\/4897\/revisions\/5552"}],"wp:attachment":[{"href":"https:\/\/vestelli.kansleri.fi\/sv\/wp-json\/wp\/v2\/media?parent=4897"}],"curies":[{"name":"wp","href":"https:\/\/api.w.org\/{rel}","templated":true}]}}