{"id":5245,"date":"2021-05-18T12:48:50","date_gmt":"2021-05-18T09:48:50","guid":{"rendered":"https:\/\/vestelli.kansleri.fi\/?page_id=5245"},"modified":"2021-05-19T09:23:41","modified_gmt":"2021-05-19T06:23:41","slug":"biorenare-1","status":"publish","type":"page","link":"https:\/\/vestelli.kansleri.fi\/sv\/biorenare-1\/","title":{"rendered":"Biorenare 1"},"content":{"rendered":"<h1>Biorenare 1<\/h1>\n<p>Gr\u00e5vattenrenare f\u00f6r sommarstugor och bastun med b\u00e4rvatten <\/p>\n<p>Kontinuerlig reng\u00f6ring av gr\u00e5vatten<\/p>\n<p><strong>Bruk<\/strong><\/p>\n<ul>\n<li>Reng\u00f6rare av gr\u00e5vatten i sommarstugor och bastu<\/li>\n<li>Kapacitet 1-5 personer<\/li>\n<li>Dimensioneringsfl\u00f6de 300l \/ dygn<\/li>\n<li>L\u00e4mplig f\u00f6r s\u00e5v\u00e4l sommar- som vinterbruk<\/li>\n<li>Kan installeras s\u00e5v\u00e4l p\u00e5 markytan som in i marken<\/li>\n<li>Ej l\u00e4mplig f\u00f6r avloppsvatten fr\u00e5n disk- eller tv\u00e4ttmaskin <\/li>\n<\/ul>\n<p>\t\t\t\t\t\t\t\t\t\t\t\t<img decoding=\"async\" width=\"548\" height=\"783\" src=\"http:\/\/vestelli.kansleri.fi\/wp-content\/uploads\/2020\/04\/avainlippu-nelio.png\" alt=\"\" loading=\"lazy\" \/><br \/>\n\t\t\t\t0<br \/>\n\t\t\t\t%<\/p>\n<p>TILLVERKAD<\/p>\n<p>I FINLAND<\/p>\n<p>\t\t\t\t\t\t\t\t\t\t\t\t<img decoding=\"async\" width=\"548\" height=\"783\" src=\"http:\/\/vestelli.kansleri.fi\/wp-content\/uploads\/2020\/04\/handshake1-1.png\" alt=\"\" loading=\"lazy\" \/><br \/>\n\t\t\t\t+<br \/>\n\t\t\t\t0<\/p>\n<p>S\u00c5LDA<\/p>\n<p>PRODUKTER<\/p>\n<p>\t\t\t\t\t\t\t\t\t\t\t\t<img decoding=\"async\" width=\"548\" height=\"783\" src=\"http:\/\/vestelli.kansleri.fi\/wp-content\/uploads\/2020\/04\/hymynaama1-1.png\" alt=\"\" loading=\"lazy\" \/><br \/>\n\t\t\t\t0<br \/>\n\t\t\t\t%<\/p>\n<p>AV V\u00c5RA KUNDER<\/p>\n<p>REKOMMENDERAR<\/p>\n<p>St\u00e5r du inf\u00f6r valet av avloppsvattensystem?\n<\/p>\n<p>Vestelli \u00e4r ett finskt f\u00f6retag\u00a0k\u00e4nt f\u00f6r marknadens mest omfattande kompetens inom rening av avloppsvatten och f\u00f6r utvecklingen av nya reningsmetoder.<\/p>\n<p>\t\t\t<a href=\"https:\/\/vestelli.kansleri.fi\/sv\/contact-us\/\" role=\"button\"><br \/>\n\t\t\t\t\t\tKontakta oss<br \/>\n\t\t\t\t\t<\/a><br \/>\n\t\t\t\t\t\t\t\t\t\t\t\t<img decoding=\"async\" width=\"2560\" height=\"1707\" src=\"http:\/\/vestelli.kansleri.fi\/wp-content\/uploads\/2020\/04\/talo-valoisalla-scaled.jpg\" alt=\"\" loading=\"lazy\" \/><br \/>\n\t\t\t\t\t\t\t\t\t\t\t\t<img decoding=\"async\" width=\"2560\" height=\"1921\" src=\"http:\/\/vestelli.kansleri.fi\/wp-content\/uploads\/2020\/04\/sauna-scaled.jpg\" alt=\"\" loading=\"lazy\" \/>\t\t\t\t\t\t\t\t\t\t\t\t\t\t<\/p>\n<h2>Funktionsprincip<br \/>\n<\/h2>\n<h3>Funktionsprincipen f\u00f6r Biorenare 1 \u00e4r enkel. Funktionen baseras p\u00e5 separation av fasta partiklar och fett i avloppsvatten och filtrering genom filtertyg. Biorenaren kr\u00e4ver varken el eller kemikalier f\u00f6r sin funktion.<br \/>\n<\/h3>\n<ol>\n<li>Gr\u00e5vattnet leds med sj\u00e4lvfallsledningar till filterbrunnen och filterp\u00e5sen.<\/li>\n<li>Vattnet fl\u00f6dar genom filterp\u00e5sen och de fasta partiklarna fastnar i filtret.<\/li>\n<li>Fettet flyter upp till vattenytan. Fettets framskridande i systemet f\u00f6rhindras med en T-f\u00f6rgrening i det utg\u00e5ende avloppet.<\/li>\n<li>Det renade gr\u00e5vattnet leds bort till utloppspunkten av gravitationen.<\/li>\n<\/ol>\n<p>\t\t\t<a href=\"https:\/\/vestelli.kansleri.fi\/sv\/contact-us\/\" role=\"button\"><br \/>\n\t\t\t\t\t\tKontakta oss<br \/>\n\t\t\t\t\t<\/a><\/p>\n<h2>Teknisk information<br \/>\n<\/h2>\n<h3>Biorenare 1<\/h3>\n<ul>\n<li>Kapacitet 1\u20135 personer<\/li>\n<li>Dimensioneringsfl\u00f6de 300 l\/dygn<\/li>\n<li>Material polyeten, syrafast st\u00e5l, nylon, sluten cellplast, EPDM-gummi<\/li>\n<li>Vikt 20 kg<\/li>\n<li>H\u00f6jd\n<ul>\n<li>L\u00e5g 900 mm<\/li>\n<li>H\u00f6g 1300 mm<\/li>\n<\/ul>\n<\/li>\n<li>Diameter 560 mm<\/li>\n<li>In- och utg\u00e5ngsanslutningar \u00d8 75 mm<\/li>\n<li>Avlopp in (fr\u00e5n botten) 590 mm<\/li>\n<li>Avlopp ut (fr\u00e5n botten) 500 mm<\/li>\n<li>Kan l\u00e5sas med h\u00e4ngl\u00e5s<\/li>\n<li>Garanti 2 \u00e5r<\/li>\n<\/ul>\n<p>\t\t\t<a href=\"https:\/\/vestelli.kansleri.fi\/sv\/contact-us\/\" role=\"button\"><br \/>\n\t\t\t\t\t\tKontakta oss<br \/>\n\t\t\t\t\t<\/a><br \/>\n\t\t\t\t\t\t\t\t\t\t\t\t<img decoding=\"async\" width=\"2560\" height=\"1921\" src=\"http:\/\/vestelli.kansleri.fi\/wp-content\/uploads\/2020\/04\/sauna-scaled.jpg\" alt=\"\" loading=\"lazy\" \/><br \/>\n\t\t\t\t\t\t\t\t\t\t\t\t<img decoding=\"async\" width=\"2560\" height=\"1710\" src=\"http:\/\/vestelli.kansleri.fi\/wp-content\/uploads\/2019\/12\/Vestelli-Lapuanjoen-Rantakeidas-8-scaled.jpg\" alt=\"\" loading=\"lazy\" \/>\t\t\t\t\t\t\t\t\t\t\t\t\t\t<\/p>\n<h2>Installation &amp; Underh\u00e5ll<\/h2>\n<p>Biorenare 1 \u00e4r en f\u00e4rdig helhet och dess installation g\u00e5r snabbt i ett litet utrymme. Biorenaren kan installeras antingen p\u00e5 markytan eller in i marken. Vid vinteranv\u00e4ndning rekommenderas installation i marken och extern isolering. Tack vare den sj\u00e4lvf\u00f6rankrande ramen beh\u00f6vs inga separata f\u00f6rankringsdukar.<\/p>\n<p>Slammet som samlats i filterp\u00e5sen avl\u00e4gsnas n\u00e5gra g\u00e5nger per \u00e5r och filtret sk\u00f6ljs med rent vatten. Slammet som samlats i filterp\u00e5sen kan kasseras exempelvis genom kompostering.<\/p>\n<h2>Egenskaper<\/h2>\n<p>Elegant utformat lock. <\/p>\n<p>Det t\u00e4ta isolreingslocket h\u00e5ller lukten i beh\u00e5llaren och borta fr\u00e5n g\u00e5rden<\/p>\n<p>L\u00e4mplig f\u00f6r s\u00e5v\u00e4l sommar- som vinterbruk<\/p>\n<p>Kan installeras s\u00e5v\u00e4l p\u00e5 markytan som in i marken<\/p>\n<p>\u00a0<\/p>\n<p>\t\t\t\t\t\t\t\t\t\t\t\t<img decoding=\"async\" width=\"215\" height=\"300\" src=\"http:\/\/vestelli.kansleri.fi\/wp-content\/uploads\/2020\/04\/Biopuhdistaja-1-215x300.png\" alt=\"Biopuhdistaja-1\" loading=\"lazy\" \/>\t\t\t\t\t\t\t\t\t\t\t\t\t\t<\/p>\n<h2>Erfarenheter<\/h2>\n<p>\t\t\t\t\t\t\t\t\t\t\t\t<img decoding=\"async\" width=\"2621\" height=\"137\" src=\"http:\/\/vestelli.kansleri.fi\/wp-content\/uploads\/2020\/03\/element_wave_01_fat.png\" alt=\"\" loading=\"lazy\" \/><br \/>\n\t\t\t\t\t\t\t\t\t\t\t\t<img decoding=\"async\" width=\"548\" height=\"783\" src=\"http:\/\/vestelli.kansleri.fi\/wp-content\/uploads\/2020\/04\/avainlippu-nelio.png\" alt=\"\" loading=\"lazy\" \/><br \/>\n\t\t\t\t0<br \/>\n\t\t\t\t%<\/p>\n<p>TILLVERKAD<\/p>\n<p>I FINLAND<\/p>\n<p>\t\t\t\t\t\t\t\t\t\t\t\t<img decoding=\"async\" width=\"421\" height=\"421\" src=\"http:\/\/vestelli.kansleri.fi\/wp-content\/uploads\/2020\/04\/handshake1.png\" alt=\"\" loading=\"lazy\" \/><br \/>\n\t\t\t\t+<br \/>\n\t\t\t\t0<\/p>\n<p>S\u00c5LDA<\/p>\n<p>PRODUKTER<\/p>\n<p>\t\t\t\t\t\t\t\t\t\t\t\t<img decoding=\"async\" width=\"640\" height=\"640\" src=\"http:\/\/vestelli.kansleri.fi\/wp-content\/uploads\/2020\/04\/hymynaama1-1024x1024.png\" alt=\"\" loading=\"lazy\" \/><br \/>\n\t\t\t\t0<br \/>\n\t\t\t\t%<\/p>\n<p>AV V\u00c5RA KUNDERNA<\/p>\n<p>REKOMMENDERAR<\/p>\n<h2>St\u00e5r du inf\u00f6r valet av avloppsvattensystem?<\/h2>\n<p>\t\t\t\t\t\t\t\t\t\t\t\t<img decoding=\"async\" width=\"2621\" height=\"137\" src=\"http:\/\/vestelli.kansleri.fi\/wp-content\/uploads\/2020\/03\/element_wave_01_fat.png\" alt=\"\" loading=\"lazy\" \/>\t\t\t\t\t\t\t\t\t\t\t\t\t\t<\/p>\n<p>Vestelli \u00e4r ett finskt f\u00f6retag\u00a0k\u00e4nt f\u00f6r marknadens mest omfattande kompetens inom rening av avloppsvatten och f\u00f6r utvecklingen av nya reningsmetoder.<\/p>\n<p>\t\t\t<a href=\"\/en\/contact-us\/\" role=\"button\"><br \/>\n\t\t\t\t\t\tKontakta oss<br \/>\n\t\t\t\t\t<\/a><\/p>\n","protected":false},"excerpt":{"rendered":"<p>Biorenare 1 Gr\u00e5vattenrenare f\u00f6r sommarstugor och bastun med b\u00e4rvatten Kontinuerlig reng\u00f6ring av gr\u00e5vatten Bruk Reng\u00f6rare av gr\u00e5vatten i sommarstugor och bastu Kapacitet 1-5 personer Dimensioneringsfl\u00f6de 300l \/ dygn L\u00e4mplig f\u00f6r s\u00e5v\u00e4l sommar- som vinterbruk Kan installeras s\u00e5v\u00e4l p\u00e5 markytan som in i marken Ej l\u00e4mplig f\u00f6r avloppsvatten fr\u00e5n disk- eller tv\u00e4ttmaskin 0 % TILLVERKAD I&hellip;<\/p>\n","protected":false},"author":5,"featured_media":0,"parent":0,"menu_order":0,"comment_status":"closed","ping_status":"closed","template":"elementor_header_footer","meta":{"_acf_changed":false,"footnotes":""},"class_list":["post-5245","page","type-page","status-publish","hentry"],"acf":[],"yoast_head":"<!-- This site is optimized with the Yoast SEO plugin v27.2 - https:\/\/yoast.com\/product\/yoast-seo-wordpress\/ -->\n<title>Biorenare 1 | Vestelli.fi<\/title>\n<meta name=\"robots\" content=\"noindex, follow, max-snippet:-1, max-image-preview:large, max-video-preview:-1\" \/>\n<meta property=\"og:locale\" content=\"sv_SE\" \/>\n<meta property=\"og:type\" content=\"article\" \/>\n<meta property=\"og:title\" content=\"Biorenare 1 | Vestelli.fi\" \/>\n<meta property=\"og:description\" content=\"Biorenare 1 Gr\u00e5vattenrenare f\u00f6r sommarstugor och bastun med b\u00e4rvatten Kontinuerlig reng\u00f6ring av gr\u00e5vatten Bruk Reng\u00f6rare av gr\u00e5vatten i sommarstugor och bastu Kapacitet 1-5 personer Dimensioneringsfl\u00f6de 300l \/ dygn L\u00e4mplig f\u00f6r s\u00e5v\u00e4l sommar- som vinterbruk Kan installeras s\u00e5v\u00e4l p\u00e5 markytan som in i marken Ej l\u00e4mplig f\u00f6r avloppsvatten fr\u00e5n disk- eller tv\u00e4ttmaskin 0 % TILLVERKAD I&hellip;\" \/>\n<meta property=\"og:url\" content=\"https:\/\/vestelli.kansleri.fi\/sv\/biorenare-1\/\" \/>\n<meta property=\"og:site_name\" content=\"Vestelli.fi\" \/>\n<meta property=\"article:modified_time\" content=\"2021-05-19T06:23:41+00:00\" \/>\n<meta property=\"og:image\" content=\"http:\/\/vestelli.kansleri.fi\/wp-content\/uploads\/2020\/04\/avainlippu-nelio.png\" \/>\n<meta name=\"twitter:card\" content=\"summary_large_image\" \/>\n<meta name=\"twitter:label1\" content=\"Ber\u00e4knad l\u00e4stid\" \/>\n\t<meta name=\"twitter:data1\" content=\"5 minuter\" \/>\n<script type=\"application\/ld+json\" class=\"yoast-schema-graph\">{\"@context\":\"https:\/\/schema.org\",\"@graph\":[{\"@type\":\"WebPage\",\"@id\":\"https:\/\/vestelli.kansleri.fi\/sv\/biorenare-1\/\",\"url\":\"https:\/\/vestelli.kansleri.fi\/sv\/biorenare-1\/\",\"name\":\"Biorenare 1 | Vestelli.fi\",\"isPartOf\":{\"@id\":\"https:\/\/vestelli.kansleri.fi\/sv\/#website\"},\"primaryImageOfPage\":{\"@id\":\"https:\/\/vestelli.kansleri.fi\/sv\/biorenare-1\/#primaryimage\"},\"image\":{\"@id\":\"https:\/\/vestelli.kansleri.fi\/sv\/biorenare-1\/#primaryimage\"},\"thumbnailUrl\":\"http:\/\/vestelli.kansleri.fi\/wp-content\/uploads\/2020\/04\/avainlippu-nelio.png\",\"datePublished\":\"2021-05-18T09:48:50+00:00\",\"dateModified\":\"2021-05-19T06:23:41+00:00\",\"breadcrumb\":{\"@id\":\"https:\/\/vestelli.kansleri.fi\/sv\/biorenare-1\/#breadcrumb\"},\"inLanguage\":\"sv-SE\",\"potentialAction\":[{\"@type\":\"ReadAction\",\"target\":[\"https:\/\/vestelli.kansleri.fi\/sv\/biorenare-1\/\"]}]},{\"@type\":\"ImageObject\",\"inLanguage\":\"sv-SE\",\"@id\":\"https:\/\/vestelli.kansleri.fi\/sv\/biorenare-1\/#primaryimage\",\"url\":\"http:\/\/vestelli.kansleri.fi\/wp-content\/uploads\/2020\/04\/avainlippu-nelio.png\",\"contentUrl\":\"http:\/\/vestelli.kansleri.fi\/wp-content\/uploads\/2020\/04\/avainlippu-nelio.png\"},{\"@type\":\"BreadcrumbList\",\"@id\":\"https:\/\/vestelli.kansleri.fi\/sv\/biorenare-1\/#breadcrumb\",\"itemListElement\":[{\"@type\":\"ListItem\",\"position\":1,\"name\":\"Home\",\"item\":\"https:\/\/vestelli.kansleri.fi\/sv\/ingangssida\/\"},{\"@type\":\"ListItem\",\"position\":2,\"name\":\"Biorenare 1\"}]},{\"@type\":\"WebSite\",\"@id\":\"https:\/\/vestelli.kansleri.fi\/sv\/#website\",\"url\":\"https:\/\/vestelli.kansleri.fi\/sv\/\",\"name\":\"Vestelli.fi\",\"description\":\"Puhtaiden vesien puolesta \u2013 tehokkaat j\u00e4tevesij\u00e4rjestelm\u00e4t\",\"publisher\":{\"@id\":\"https:\/\/vestelli.kansleri.fi\/sv\/#organization\"},\"potentialAction\":[{\"@type\":\"SearchAction\",\"target\":{\"@type\":\"EntryPoint\",\"urlTemplate\":\"https:\/\/vestelli.kansleri.fi\/sv\/?s={search_term_string}\"},\"query-input\":{\"@type\":\"PropertyValueSpecification\",\"valueRequired\":true,\"valueName\":\"search_term_string\"}}],\"inLanguage\":\"sv-SE\"},{\"@type\":\"Organization\",\"@id\":\"https:\/\/vestelli.kansleri.fi\/sv\/#organization\",\"name\":\"Vestelli Oy\",\"url\":\"https:\/\/vestelli.kansleri.fi\/sv\/\",\"logo\":{\"@type\":\"ImageObject\",\"inLanguage\":\"sv-SE\",\"@id\":\"https:\/\/vestelli.kansleri.fi\/sv\/#\/schema\/logo\/image\/\",\"url\":\"http:\/\/vestelli.kansleri.fi\/wp-content\/uploads\/2018\/05\/vestelli_logo-e1577697076704.png\",\"contentUrl\":\"http:\/\/vestelli.kansleri.fi\/wp-content\/uploads\/2018\/05\/vestelli_logo-e1577697076704.png\",\"width\":200,\"height\":72,\"caption\":\"Vestelli Oy\"},\"image\":{\"@id\":\"https:\/\/vestelli.kansleri.fi\/sv\/#\/schema\/logo\/image\/\"}}]}<\/script>\n<!-- \/ Yoast SEO plugin. -->","yoast_head_json":{"title":"Biorenare 1 | Vestelli.fi","robots":{"index":"noindex","follow":"follow","max-snippet":"max-snippet:-1","max-image-preview":"max-image-preview:large","max-video-preview":"max-video-preview:-1"},"og_locale":"sv_SE","og_type":"article","og_title":"Biorenare 1 | Vestelli.fi","og_description":"Biorenare 1 Gr\u00e5vattenrenare f\u00f6r sommarstugor och bastun med b\u00e4rvatten Kontinuerlig reng\u00f6ring av gr\u00e5vatten Bruk Reng\u00f6rare av gr\u00e5vatten i sommarstugor och bastu Kapacitet 1-5 personer Dimensioneringsfl\u00f6de 300l \/ dygn L\u00e4mplig f\u00f6r s\u00e5v\u00e4l sommar- som vinterbruk Kan installeras s\u00e5v\u00e4l p\u00e5 markytan som in i marken Ej l\u00e4mplig f\u00f6r avloppsvatten fr\u00e5n disk- eller tv\u00e4ttmaskin 0 % TILLVERKAD I&hellip;","og_url":"https:\/\/vestelli.kansleri.fi\/sv\/biorenare-1\/","og_site_name":"Vestelli.fi","article_modified_time":"2021-05-19T06:23:41+00:00","og_image":[{"url":"http:\/\/vestelli.kansleri.fi\/wp-content\/uploads\/2020\/04\/avainlippu-nelio.png","type":"","width":"","height":""}],"twitter_card":"summary_large_image","twitter_misc":{"Ber\u00e4knad l\u00e4stid":"5 minuter"},"schema":{"@context":"https:\/\/schema.org","@graph":[{"@type":"WebPage","@id":"https:\/\/vestelli.kansleri.fi\/sv\/biorenare-1\/","url":"https:\/\/vestelli.kansleri.fi\/sv\/biorenare-1\/","name":"Biorenare 1 | Vestelli.fi","isPartOf":{"@id":"https:\/\/vestelli.kansleri.fi\/sv\/#website"},"primaryImageOfPage":{"@id":"https:\/\/vestelli.kansleri.fi\/sv\/biorenare-1\/#primaryimage"},"image":{"@id":"https:\/\/vestelli.kansleri.fi\/sv\/biorenare-1\/#primaryimage"},"thumbnailUrl":"http:\/\/vestelli.kansleri.fi\/wp-content\/uploads\/2020\/04\/avainlippu-nelio.png","datePublished":"2021-05-18T09:48:50+00:00","dateModified":"2021-05-19T06:23:41+00:00","breadcrumb":{"@id":"https:\/\/vestelli.kansleri.fi\/sv\/biorenare-1\/#breadcrumb"},"inLanguage":"sv-SE","potentialAction":[{"@type":"ReadAction","target":["https:\/\/vestelli.kansleri.fi\/sv\/biorenare-1\/"]}]},{"@type":"ImageObject","inLanguage":"sv-SE","@id":"https:\/\/vestelli.kansleri.fi\/sv\/biorenare-1\/#primaryimage","url":"http:\/\/vestelli.kansleri.fi\/wp-content\/uploads\/2020\/04\/avainlippu-nelio.png","contentUrl":"http:\/\/vestelli.kansleri.fi\/wp-content\/uploads\/2020\/04\/avainlippu-nelio.png"},{"@type":"BreadcrumbList","@id":"https:\/\/vestelli.kansleri.fi\/sv\/biorenare-1\/#breadcrumb","itemListElement":[{"@type":"ListItem","position":1,"name":"Home","item":"https:\/\/vestelli.kansleri.fi\/sv\/ingangssida\/"},{"@type":"ListItem","position":2,"name":"Biorenare 1"}]},{"@type":"WebSite","@id":"https:\/\/vestelli.kansleri.fi\/sv\/#website","url":"https:\/\/vestelli.kansleri.fi\/sv\/","name":"Vestelli.fi","description":"Puhtaiden vesien puolesta \u2013 tehokkaat j\u00e4tevesij\u00e4rjestelm\u00e4t","publisher":{"@id":"https:\/\/vestelli.kansleri.fi\/sv\/#organization"},"potentialAction":[{"@type":"SearchAction","target":{"@type":"EntryPoint","urlTemplate":"https:\/\/vestelli.kansleri.fi\/sv\/?s={search_term_string}"},"query-input":{"@type":"PropertyValueSpecification","valueRequired":true,"valueName":"search_term_string"}}],"inLanguage":"sv-SE"},{"@type":"Organization","@id":"https:\/\/vestelli.kansleri.fi\/sv\/#organization","name":"Vestelli Oy","url":"https:\/\/vestelli.kansleri.fi\/sv\/","logo":{"@type":"ImageObject","inLanguage":"sv-SE","@id":"https:\/\/vestelli.kansleri.fi\/sv\/#\/schema\/logo\/image\/","url":"http:\/\/vestelli.kansleri.fi\/wp-content\/uploads\/2018\/05\/vestelli_logo-e1577697076704.png","contentUrl":"http:\/\/vestelli.kansleri.fi\/wp-content\/uploads\/2018\/05\/vestelli_logo-e1577697076704.png","width":200,"height":72,"caption":"Vestelli Oy"},"image":{"@id":"https:\/\/vestelli.kansleri.fi\/sv\/#\/schema\/logo\/image\/"}}]}},"_links":{"self":[{"href":"https:\/\/vestelli.kansleri.fi\/sv\/wp-json\/wp\/v2\/pages\/5245","targetHints":{"allow":["GET"]}}],"collection":[{"href":"https:\/\/vestelli.kansleri.fi\/sv\/wp-json\/wp\/v2\/pages"}],"about":[{"href":"https:\/\/vestelli.kansleri.fi\/sv\/wp-json\/wp\/v2\/types\/page"}],"author":[{"embeddable":true,"href":"https:\/\/vestelli.kansleri.fi\/sv\/wp-json\/wp\/v2\/users\/5"}],"replies":[{"embeddable":true,"href":"https:\/\/vestelli.kansleri.fi\/sv\/wp-json\/wp\/v2\/comments?post=5245"}],"version-history":[{"count":28,"href":"https:\/\/vestelli.kansleri.fi\/sv\/wp-json\/wp\/v2\/pages\/5245\/revisions"}],"predecessor-version":[{"id":5346,"href":"https:\/\/vestelli.kansleri.fi\/sv\/wp-json\/wp\/v2\/pages\/5245\/revisions\/5346"}],"wp:attachment":[{"href":"https:\/\/vestelli.kansleri.fi\/sv\/wp-json\/wp\/v2\/media?parent=5245"}],"curies":[{"name":"wp","href":"https:\/\/api.w.org\/{rel}","templated":true}]}}