{"id":6133,"date":"2021-09-07T10:24:33","date_gmt":"2021-09-07T07:24:33","guid":{"rendered":"https:\/\/vestelli.kansleri.fi\/suuremmat-biokubet\/"},"modified":"2021-11-30T11:31:16","modified_gmt":"2021-11-30T09:31:16","slug":"stora-biokubes","status":"publish","type":"page","link":"https:\/\/vestelli.kansleri.fi\/sv\/stora-biokubes\/","title":{"rendered":"Stora BioKubes"},"content":{"rendered":"<h1>Stora Vestelli BioKubes<\/h1>\n<p>Reningssystem f\u00f6r allt avloppsvatten p\u00e5 bostadsomr\u00e5den och produktionsanl\u00e4ggningar. Dimensionering enligt fastighetens olika behov.<\/p>\n<p><a role=\"button\"><br \/>\nBe om offert<br \/>\n<\/a><\/p>\n<h2>Stora Biokubes &#8211; modeller och storleksalternativ som fyller fastigheters olika behov<\/h2>\n<p><img loading=\"lazy\" decoding=\"async\" src=\"http:\/\/vestelli.kansleri.fi\/wp-content\/uploads\/2020\/03\/element_wave_01_fat.png\" sizes=\"auto, (max-width: 2621px) 100vw, 2621px\" srcset=\"http:\/\/vestelli.kansleri.fi\/wp-content\/uploads\/2020\/03\/element_wave_01_fat.png 2621w, http:\/\/vestelli.kansleri.fi\/wp-content\/uploads\/2020\/03\/element_wave_01_fat-300x16.png 300w, http:\/\/vestelli.kansleri.fi\/wp-content\/uploads\/2020\/03\/element_wave_01_fat-1024x54.png 1024w, http:\/\/vestelli.kansleri.fi\/wp-content\/uploads\/2020\/03\/element_wave_01_fat-768x40.png 768w, http:\/\/vestelli.kansleri.fi\/wp-content\/uploads\/2020\/03\/element_wave_01_fat-1536x80.png 1536w, http:\/\/vestelli.kansleri.fi\/wp-content\/uploads\/2020\/03\/element_wave_01_fat-2048x107.png 2048w, http:\/\/vestelli.kansleri.fi\/wp-content\/uploads\/2020\/03\/element_wave_01_fat-1920x100.png 1920w, http:\/\/vestelli.kansleri.fi\/wp-content\/uploads\/2020\/03\/element_wave_01_fat-760x40.png 760w, http:\/\/vestelli.kansleri.fi\/wp-content\/uploads\/2020\/03\/element_wave_01_fat-160x8.png 160w\" alt=\"\" width=\"2621\" height=\"137\" \/><\/p>\n<p>Stora Biokubes \u00e4r kompakta och effektiva reningssystem f\u00f6r allt avloppsvatten. Patenterad teknologi som fyller de str\u00e4ngaste kraven, och modeller och storleksalternativ som fyller fastigheters olika behov.<\/p>\n<p>Stora Vestelli Biokubes kan installeras som reningssystem f\u00f6r allt avloppsvatten, till exempel p\u00e5 sm\u00e5 bostadsomr\u00e5den eller produktionsanl\u00e4ggningar.<\/p>\n<p><img loading=\"lazy\" decoding=\"async\" src=\"http:\/\/vestelli.kansleri.fi\/wp-content\/uploads\/2019\/04\/Biokube_front_blue-230x300.jpg\" alt=\"\" width=\"230\" height=\"300\" \/><\/p>\n<h2>Dimensioneras alltid enligt fastighetens behov<\/h2>\n<p>De stora Vestelli Biokubes dimensioneras alltid s\u00e5 att de \u00e4r l\u00e4mpliga f\u00f6r varje bostadsomr\u00e5de eller anl\u00e4gging.<\/p>\n<p>De stora Vestelli Biokubes levereras direkt fr\u00e5n fabriken till kunden, och de tillverkas med hj\u00e4lp av effektiv produktion. ISO 9001-kvalitetscertifikat och ISO 14001-milj\u00f6certifikat ber\u00e4ttar om produktionens kvalitet och ansvarsfullhet.<\/p>\n<p>Ordet m\u00e5ttbest\u00e4llning kan ge en bild av h\u00f6ga kostnader, men s\u00e5 \u00e4r inte fallet. Vestelli BioKubes som best\u00e4lls som m\u00e5ttbest\u00e4llning \u00e4r f\u00e4rdiga helheter, och n\u00e4r man uppskattar helhetskostnaderna blir priset f\u00f6rm\u00e5nligt. P\u00e5 Vestelli inneb\u00e4r m\u00e5ttbest\u00e4llning ett f\u00f6rm\u00e5nligt pris, med en n\u00e5got l\u00e4ngre leveranstid \u00e4n f\u00f6r lagerprodukter. Leveranstiden f\u00f6r de st\u00f6rre Biokubes \u00e4r cirka 4\u20138 veckor.<\/p>\n<p><b>Ett kvalitativt slutresultat snabbt och enkelt<\/b><\/p>\n<p>Ber\u00e4tta med n\u00e5gra ord om ditt projekt, och f\u00e5 en offert om ett l\u00e4mpligt system till din e-post.<\/p>\n<p><a role=\"button\"><br \/>\nBe om offert<br \/>\n<\/a><\/p>\n<h2>Kostnadsfri dimensioneringstj\u00e4nst<\/h2>\n<p>Vi erbjuder kostnadsfri dimensioneringstj\u00e4nst f\u00f6r fastigheter dimensionerade f\u00f6r \u00f6ver 10 personer.<\/p>\n<ol>\n<li>Ber\u00e4tta mer detaljerat om ditt objekt<\/li>\n<li>Vi dimensionerar en l\u00e4mplig produkt f\u00f6r anl\u00e4ggningen.<\/li>\n<li>Vi ber\u00e4knar priset f\u00f6r ifr\u00e5gavarande produkt och g\u00f6r n\u00f6dv\u00e4ndiga planeringsdokument.<\/li>\n<li>Du f\u00e5r planeringsdokumenten och offerten p\u00e5 produkten till din e-post.<\/li>\n<li>Det \u00e4r gratis att anv\u00e4nda dimensioneringstj\u00e4nsten och det binder dig inte p\u00e5 n\u00e5got s\u00e4tt.<\/li>\n<\/ol>\n<p>Ber\u00e4tta mer detaljerat om ditt behov genom formul\u00e4ret eller ring direkt till mig.<\/p>\n<p><img loading=\"lazy\" decoding=\"async\" src=\"http:\/\/vestelli.kansleri.fi\/wp-content\/uploads\/2021\/11\/Kjell-Nyman-2-230x300.jpg\" alt=\"\" width=\"230\" height=\"300\" \/><\/p>\n<h4 style=\"text-align: center;\">Kjell Nyman<\/h4>\n<h4 style=\"text-align: center;\">Puh. 045 322 5452<\/h4>\n<h4 style=\"text-align: center;\">kjell@vestelli.kansleri.fi<\/h4>\n<figure><img loading=\"lazy\" decoding=\"async\" src=\"http:\/\/vestelli.kansleri.fi\/wp-content\/uploads\/2020\/03\/J\u00e4rjestelm\u00e4n-mitoitus-Vestelli.svg\" alt=\"\" width=\"1\" height=\"1\" \/><figcaption>Prisuppgifter och planeringsmaterial till e-posten snabbt<\/figcaption><\/figure>\n<figure><img loading=\"lazy\" decoding=\"async\" src=\"http:\/\/vestelli.kansleri.fi\/wp-content\/uploads\/2020\/03\/Dokumentit-Vestelli-1.svg\" alt=\"\" width=\"1\" height=\"1\" \/><figcaption>M\u00e4tbilder (pdf och dwg), rapporter om reningsniv\u00e5 och installations-, bruks- och underh\u00e5llsanvisning<\/figcaption><\/figure>\n<p><a role=\"button\"><br \/>\nBest\u00e4ll planeringsmaterialet till din e-post<br \/>\n<\/a><\/p>\n<h1>De stora Vestelli Biokubes egenskaper<\/h1>\n<ul>\n<li>F\u00f6r allt avloppsvatten<\/li>\n<li>F\u00f6r 20\u2013200 personers behov<\/li>\n<li>Anv\u00e4ndningsobjekt: bl.a. l\u00e4gercenter,bostadsomr\u00e5den, stugbyar, resem\u00e5l, utbildningscenter, f\u00f6rsamlingscenter<\/li>\n<li>Alla sorters tomter och jordm\u00e5ner<\/li>\n<li>\u00c4ven f\u00f6r strandomr\u00e5den och omr\u00e5den som omfattas av str\u00e4nga milj\u00f6best\u00e4mmelser<\/li>\n<li>Beh\u00f6ver ingen markb\u00e4dd efter sig<\/li>\n<li>Tillverkas som m\u00e5ttbest\u00e4llning enligt fastighetens behov<\/li>\n<\/ul>\n<p><img loading=\"lazy\" decoding=\"async\" src=\"http:\/\/vestelli.kansleri.fi\/wp-content\/uploads\/2020\/04\/hymynaama1-1.png\" sizes=\"auto, (max-width: 548px) 100vw, 548px\" srcset=\"http:\/\/vestelli.kansleri.fi\/wp-content\/uploads\/2020\/04\/hymynaama1-1.png 548w, http:\/\/vestelli.kansleri.fi\/wp-content\/uploads\/2020\/04\/hymynaama1-1-210x300.png 210w, http:\/\/vestelli.kansleri.fi\/wp-content\/uploads\/2020\/04\/hymynaama1-1-532x760.png 532w, http:\/\/vestelli.kansleri.fi\/wp-content\/uploads\/2020\/04\/hymynaama1-1-112x160.png 112w\" alt=\"\" width=\"548\" height=\"783\" \/><br \/>\n0<br \/>\n%<\/p>\n<p>AV KUNDERNA<\/p>\n<p>REKOMMENDERAR<\/p>\n<h2>Erafarenheter<\/h2>\n<p><img loading=\"lazy\" decoding=\"async\" src=\"http:\/\/vestelli.kansleri.fi\/wp-content\/uploads\/2020\/03\/element_wave_01_fat.png\" sizes=\"auto, (max-width: 2621px) 100vw, 2621px\" srcset=\"http:\/\/vestelli.kansleri.fi\/wp-content\/uploads\/2020\/03\/element_wave_01_fat.png 2621w, http:\/\/vestelli.kansleri.fi\/wp-content\/uploads\/2020\/03\/element_wave_01_fat-300x16.png 300w, http:\/\/vestelli.kansleri.fi\/wp-content\/uploads\/2020\/03\/element_wave_01_fat-1024x54.png 1024w, http:\/\/vestelli.kansleri.fi\/wp-content\/uploads\/2020\/03\/element_wave_01_fat-768x40.png 768w, http:\/\/vestelli.kansleri.fi\/wp-content\/uploads\/2020\/03\/element_wave_01_fat-1536x80.png 1536w, http:\/\/vestelli.kansleri.fi\/wp-content\/uploads\/2020\/03\/element_wave_01_fat-2048x107.png 2048w, http:\/\/vestelli.kansleri.fi\/wp-content\/uploads\/2020\/03\/element_wave_01_fat-1920x100.png 1920w, http:\/\/vestelli.kansleri.fi\/wp-content\/uploads\/2020\/03\/element_wave_01_fat-760x40.png 760w, http:\/\/vestelli.kansleri.fi\/wp-content\/uploads\/2020\/03\/element_wave_01_fat-160x8.png 160w\" alt=\"\" width=\"2621\" height=\"137\" \/><\/p>\n<h2>Sk\u00e4rg\u00e5rdshotellet The Bar\u00f6s avloppsvatten renas med Vestelli BioKube Mars<\/h2>\n<p>Sk\u00e4rg\u00e5rdshotellet The Bar\u00f6, Ing\u00e5<\/p>\n<ul>\n<li>20 inkvarteringsenheter<\/li>\n<li>Restaurang<\/li>\n<li>Strandbastu<\/li>\n<li>\u00c5ret runt bruk<\/li>\n<li>Allt avloppsvatten renas med Vestellin Biokube Mars<\/li>\n<li>Dimensionering: 60 personer (9 m\u00b3\/dygn)<\/li>\n<\/ul>\n<p style=\"color: #ffffff;\">Sk\u00e4rg\u00e5rdshotellet bjuder sina g\u00e4ster p\u00e5 unika tj\u00e4nster och aktiviteter \u00e5ret runt. Hotellet har 12 rum, alla en egen byggnad eller egentligen inkvarteringsenhet. H\u00e4r kombineras havets n\u00e4rvaro, finslipad arkitektur och individuell service. Hotellet har ocks\u00e5 en restaurangbyggnad samt en strandbastu med st\u00e4mningsfullt brasrum och sk\u00f6n bubbelpool. Sju rum till ska byggas s\u00e5 fort br\u00e5dskan l\u00e4ttar.<\/p>\n<p style=\"color: #ffffff;\">Allt avloppsvatten som uppst\u00e5r p\u00e5 omr\u00e5det renas med Vestelli BioKube Mars. Vestelli var till st\u00f6d under hela projektet s\u00e5v\u00e4l vid valet av renare som vid planering och installation. Vestelli fick ber\u00f6m f\u00f6r sitt tekniska kunnande, sin flexibilitet och sin sakkunniga personal.<\/p>\n<p>\u201dDet h\u00e4r var inte bara en systemleverans, utan mer som ett partnerskap som andra akt\u00f6rer i branschen inte kunde erbjuda med samma professionalitet.\u201d,<br \/>\nJussi Paavosepp\u00e4, The Bar\u00f6 Sk\u00e4rg\u00e5rdshotell.<\/p>\n<p>L\u00e4s mer om installationen av Vestelli BioKube Mars<\/p>\n<p><a role=\"button\" href=\"https:\/\/vestelli.kansleri.fi\/sv\/blog\/2021\/11\/18\/skargardshotellet-the-baro-jussi-paavoseppa-det-har-var-inte-bara-en-systemleverans-utan-mer-som-ett-partnerskap-inga\/\" target=\"_blank\" rel=\"noopener\"><br \/>\nL\u00e4s mer<br \/>\n<\/a><br \/>\n<img loading=\"lazy\" decoding=\"async\" src=\"http:\/\/vestelli.kansleri.fi\/wp-content\/uploads\/2020\/03\/element_wave_01_fat.png\" sizes=\"auto, (max-width: 2621px) 100vw, 2621px\" srcset=\"http:\/\/vestelli.kansleri.fi\/wp-content\/uploads\/2020\/03\/element_wave_01_fat.png 2621w, http:\/\/vestelli.kansleri.fi\/wp-content\/uploads\/2020\/03\/element_wave_01_fat-300x16.png 300w, http:\/\/vestelli.kansleri.fi\/wp-content\/uploads\/2020\/03\/element_wave_01_fat-1024x54.png 1024w, http:\/\/vestelli.kansleri.fi\/wp-content\/uploads\/2020\/03\/element_wave_01_fat-768x40.png 768w, http:\/\/vestelli.kansleri.fi\/wp-content\/uploads\/2020\/03\/element_wave_01_fat-1536x80.png 1536w, http:\/\/vestelli.kansleri.fi\/wp-content\/uploads\/2020\/03\/element_wave_01_fat-2048x107.png 2048w, http:\/\/vestelli.kansleri.fi\/wp-content\/uploads\/2020\/03\/element_wave_01_fat-1920x100.png 1920w, http:\/\/vestelli.kansleri.fi\/wp-content\/uploads\/2020\/03\/element_wave_01_fat-760x40.png 760w, http:\/\/vestelli.kansleri.fi\/wp-content\/uploads\/2020\/03\/element_wave_01_fat-160x8.png 160w\" alt=\"\" width=\"2621\" height=\"137\" \/><\/p>\n<h2>Avloppsvattenhanteringen f\u00f6r semesterl\u00e4genheterna i Noux Nationalpark sk\u00f6ts med Vestelli Biokube Mars<\/h2>\n<p>Resort PolkuNuuksio, Noux<\/p>\n<ul>\n<li>24 semesterl\u00e4genhet<\/li>\n<li>Gym och bastu<\/li>\n<li>Strandbastu<\/li>\n<li>\u00c5ret runt bruk<\/li>\n<li>Allt avloppsvatten renas med Vestelli Biokube Mars<\/li>\n<li>Dimensionering: 100 personer (15 m\u00b3\/dygn)<\/li>\n<\/ul>\n<p style=\"color: #ffffff;\">PolkuNuuksio Resort ligger en halv timmes bilv\u00e4g fr\u00e5n Helsingfors, vid stranden av sj\u00f6n Kurjolampi i Noux nationalpark. Eftersom resorten ligger i ett naturskyddsomr\u00e5de \u00e4r det viktigt att den har ett avloppssystem som uppn\u00e5r h\u00f6gsta reningsresultat. Vestelli BioKube Mars 6000 fyller \u00e4ven de str\u00e4ngaste milj\u00f6kraven och l\u00e4mpar sig d\u00e4rf\u00f6r perfekt f\u00f6r detta omr\u00e5de d\u00e4r reningskraven h\u00f6r till de striktaste i Finland. \u201dVi valde ett system med reningsresultat av toppklass och det b\u00e4sta resultatet med varierande vattenanv\u00e4ndning. Systemets s\u00e4kerhet f\u00e5r inte minska om m\u00e4ngden avloppsvatten varierar.&#8221;, Antti Kosunen, Resort PolkuNuuksio.<\/p>\n<p style=\"color: #ffffff;\">Allt avloppsvatten som uppst\u00e5r p\u00e5 omr\u00e5det renas med Vestelli BioKube Mars. Vestelli har gett sitt st\u00f6d under hela projektet \u2013 i fr\u00e5ga om b\u00e5de produkter, planering och installation.<\/p>\n<p>&#8221;Det \u00e4r en gl\u00e4dje att jobba med kunniga och serviceinriktade m\u00e4nniskor.&#8221;,<br \/>\nAntti Kosunen, Resort PolkuNuuksio.<\/p>\n<p>L\u00e4s mer om installationen av Vestelli BioKube Mars<\/p>\n<p><a role=\"button\" href=\"https:\/\/vestelli.kansleri.fi\/sv\/blog\/2021\/10\/18\/polkunuuksio-resort-antti-kosunen-vestelli-har-gett-sitt-stod-under-hela-projektet-i-fraga-om-bade-produkter-planering-och-installation-vichtis\/\" target=\"_blank\" rel=\"noopener\"><br \/>\nL\u00e4s mer<br \/>\n<\/a><br \/>\n<img loading=\"lazy\" decoding=\"async\" src=\"http:\/\/vestelli.kansleri.fi\/wp-content\/uploads\/2020\/03\/element_wave_01_fat.png\" sizes=\"auto, (max-width: 2621px) 100vw, 2621px\" srcset=\"http:\/\/vestelli.kansleri.fi\/wp-content\/uploads\/2020\/03\/element_wave_01_fat.png 2621w, http:\/\/vestelli.kansleri.fi\/wp-content\/uploads\/2020\/03\/element_wave_01_fat-300x16.png 300w, http:\/\/vestelli.kansleri.fi\/wp-content\/uploads\/2020\/03\/element_wave_01_fat-1024x54.png 1024w, http:\/\/vestelli.kansleri.fi\/wp-content\/uploads\/2020\/03\/element_wave_01_fat-768x40.png 768w, http:\/\/vestelli.kansleri.fi\/wp-content\/uploads\/2020\/03\/element_wave_01_fat-1536x80.png 1536w, http:\/\/vestelli.kansleri.fi\/wp-content\/uploads\/2020\/03\/element_wave_01_fat-2048x107.png 2048w, http:\/\/vestelli.kansleri.fi\/wp-content\/uploads\/2020\/03\/element_wave_01_fat-1920x100.png 1920w, http:\/\/vestelli.kansleri.fi\/wp-content\/uploads\/2020\/03\/element_wave_01_fat-760x40.png 760w, http:\/\/vestelli.kansleri.fi\/wp-content\/uploads\/2020\/03\/element_wave_01_fat-160x8.png 160w\" alt=\"\" width=\"2621\" height=\"137\" \/><\/p>\n<h2>Oy Embria Village ville f\u00f6rnya byggnadskomplexets avloppssystem<\/h2>\n<p>Embria Oy, Joutseno<\/p>\n<ul>\n<li>F\u00f6retagets kurs- och inkvarteringsutrymmen<\/li>\n<li>7 separata byggnader<\/li>\n<li>Varierande bruk<\/li>\n<li>KAllt avloppsvatten renas med Vestelli Biokube Mars<\/li>\n<li>Dimensionering: 100 peroner (15 m\u00b3\/dygn)<\/li>\n<\/ul>\n<p style=\"color: #ffffff;\">Oy Embria Village ville f\u00f6rnya byggnadskomplexets avloppssystem i Joutseno. De ville ha ett system som fyller dagens milj\u00f6krav och f\u00f6ljer lagstiftningen. Allt avloppsvatten i komplexet renas nu med en BioKube Mars 6000. De st\u00f6rre Biokuber na dimensioneras alltid enligt objektet. I det h\u00e4r objektets system finns kapacitet f\u00f6r upp till hundra personer.<\/p>\n<p style=\"color: #ffffff;\">Embria Villages kontaktperson s\u00e4ger att hen fick mycket bra service av Vestelli fr\u00e5n f\u00f6rsta b\u00f6rjan. Efter det f\u00f6rsta telefonsamtalet kom man snabbt \u00f6verens om hurdant avloppssystem som skulle vara l\u00e4mpligt med tanke p\u00e5 Embria Villages behov. Embria fick en offert av Vestelli och besl\u00f6t sig till slut f\u00f6r den. Enligt Embrias kontaktpersonvar Vestelli det f\u00f6retaget i avloppsbranchen som var villigast att kommunicera och f\u00f6rst\u00e5 kundens behov. Hen ber\u00e4ttar att Vestelli handlat enligt deras \u00f6nskem\u00e5l och att de nu har ett avloppssystem som passar dem perfekt.<\/p>\n<p>&#8221;Vestelli sk\u00f6tte projektets alla delomr\u00e5den perfekt. Samarbetet och kommunikationen har varit rak och tydlig och de h\u00f6ll sig till sina l\u00f6ften i fr\u00e5ga om b\u00e5de handlingar och resultat.&#8221;,<br \/>\nKontaktperson, Embria Oy.<\/p>\n<p>L\u00e4s mer om installationen av Vestelli BioKube Mars<\/p>\n<p><a role=\"button\" href=\"https:\/\/vestelli.kansleri.fi\/sv\/blog\/2021\/05\/18\/oy-embria-village-ville-ha-ett-avloppssystem-som-fyller-dagens-miljokrav-joutseno\/\" target=\"_blank\" rel=\"noopener\"><br \/>\nL\u00e4s mer<br \/>\n<\/a><\/p>\n<h2>Kan vi st\u00e5 till tj\u00e4nst?<\/h2>\n<p>Ber\u00e4tta mer detaljerat om ditt behov genom formul\u00e4ret eller ring direkt till mig<\/p>\n<p><a role=\"button\"><br \/>\nJag vill bli kontaktad<br \/>\n<\/a><\/p>\n<p><img loading=\"lazy\" decoding=\"async\" src=\"http:\/\/vestelli.kansleri.fi\/wp-content\/uploads\/2021\/11\/Kjell-Nyman-2-230x300.jpg\" alt=\"\" width=\"230\" height=\"300\" \/><\/p>\n<h4 style=\"text-align: center;\">Kjell Nyman<\/h4>\n<h4 style=\"text-align: center;\">Puh. 045 322 5452<\/h4>\n<h4 style=\"text-align: center;\">kjell@vestelli.kansleri.fi<\/h4>\n","protected":false},"excerpt":{"rendered":"<p>Stora Vestelli BioKubes Reningssystem f\u00f6r allt avloppsvatten p\u00e5 bostadsomr\u00e5den och produktionsanl\u00e4ggningar. Dimensionering enligt fastighetens olika behov. Be om offert Stora Biokubes &#8211; modeller och storleksalternativ som fyller fastigheters olika behov Stora Biokubes \u00e4r kompakta och effektiva reningssystem f\u00f6r allt avloppsvatten. Patenterad teknologi som fyller de str\u00e4ngaste kraven, och modeller och storleksalternativ som fyller fastigheters olika&hellip;<\/p>\n","protected":false},"author":5,"featured_media":1527,"parent":0,"menu_order":0,"comment_status":"closed","ping_status":"closed","template":"elementor_header_footer","meta":{"_acf_changed":false,"footnotes":""},"class_list":["post-6133","page","type-page","status-publish","has-post-thumbnail","hentry"],"acf":[],"yoast_head":"<!-- This site is optimized with the Yoast SEO plugin v27.2 - https:\/\/yoast.com\/product\/yoast-seo-wordpress\/ -->\n<title>Suuremmat Biokubet kaikille j\u00e4tevesille | Vestelli.fi<\/title>\n<meta name=\"description\" content=\"Vestellin suuremmat Biokube-pienpuhdistamot - kaikille j\u00e4tevesille asuinalueilla ja tuotantolaitoksissa\" \/>\n<meta name=\"robots\" content=\"noindex, follow, max-snippet:-1, max-image-preview:large, max-video-preview:-1\" \/>\n<meta property=\"og:locale\" content=\"sv_SE\" \/>\n<meta property=\"og:type\" content=\"article\" \/>\n<meta property=\"og:title\" content=\"Suuremmat Biokubet kaikille j\u00e4tevesille | Vestelli.fi\" \/>\n<meta property=\"og:description\" content=\"Vestellin suuremmat Biokube-pienpuhdistamot - kaikille j\u00e4tevesille asuinalueilla ja tuotantolaitoksissa\" \/>\n<meta property=\"og:url\" content=\"https:\/\/vestelli.kansleri.fi\/sv\/stora-biokubes\/\" \/>\n<meta property=\"og:site_name\" content=\"Vestelli.fi\" \/>\n<meta property=\"article:modified_time\" content=\"2021-11-30T09:31:16+00:00\" \/>\n<meta property=\"og:image\" content=\"https:\/\/vestelli.kansleri.fi\/wp-content\/uploads\/2018\/10\/koulutus.jpg\" \/>\n\t<meta property=\"og:image:width\" content=\"1400\" \/>\n\t<meta property=\"og:image:height\" content=\"933\" \/>\n\t<meta property=\"og:image:type\" content=\"image\/jpeg\" \/>\n<meta name=\"twitter:card\" content=\"summary_large_image\" \/>\n<meta name=\"twitter:label1\" content=\"Ber\u00e4knad l\u00e4stid\" \/>\n\t<meta name=\"twitter:data1\" content=\"7 minuter\" \/>\n<script type=\"application\/ld+json\" class=\"yoast-schema-graph\">{\"@context\":\"https:\/\/schema.org\",\"@graph\":[{\"@type\":\"WebPage\",\"@id\":\"https:\/\/vestelli.kansleri.fi\/sv\/stora-biokubes\/\",\"url\":\"https:\/\/vestelli.kansleri.fi\/sv\/stora-biokubes\/\",\"name\":\"Suuremmat Biokubet kaikille j\u00e4tevesille | Vestelli.fi\",\"isPartOf\":{\"@id\":\"https:\/\/vestelli.kansleri.fi\/sv\/#website\"},\"primaryImageOfPage\":{\"@id\":\"https:\/\/vestelli.kansleri.fi\/sv\/stora-biokubes\/#primaryimage\"},\"image\":{\"@id\":\"https:\/\/vestelli.kansleri.fi\/sv\/stora-biokubes\/#primaryimage\"},\"thumbnailUrl\":\"https:\/\/vestelli.kansleri.fi\/wp-content\/uploads\/2018\/10\/koulutus.jpg\",\"datePublished\":\"2021-09-07T07:24:33+00:00\",\"dateModified\":\"2021-11-30T09:31:16+00:00\",\"description\":\"Vestellin suuremmat Biokube-pienpuhdistamot - kaikille j\u00e4tevesille asuinalueilla ja tuotantolaitoksissa\",\"breadcrumb\":{\"@id\":\"https:\/\/vestelli.kansleri.fi\/sv\/stora-biokubes\/#breadcrumb\"},\"inLanguage\":\"sv-SE\",\"potentialAction\":[{\"@type\":\"ReadAction\",\"target\":[\"https:\/\/vestelli.kansleri.fi\/sv\/stora-biokubes\/\"]}]},{\"@type\":\"ImageObject\",\"inLanguage\":\"sv-SE\",\"@id\":\"https:\/\/vestelli.kansleri.fi\/sv\/stora-biokubes\/#primaryimage\",\"url\":\"https:\/\/vestelli.kansleri.fi\/wp-content\/uploads\/2018\/10\/koulutus.jpg\",\"contentUrl\":\"https:\/\/vestelli.kansleri.fi\/wp-content\/uploads\/2018\/10\/koulutus.jpg\",\"width\":1400,\"height\":933},{\"@type\":\"BreadcrumbList\",\"@id\":\"https:\/\/vestelli.kansleri.fi\/sv\/stora-biokubes\/#breadcrumb\",\"itemListElement\":[{\"@type\":\"ListItem\",\"position\":1,\"name\":\"Home\",\"item\":\"https:\/\/vestelli.kansleri.fi\/sv\/ingangssida\/\"},{\"@type\":\"ListItem\",\"position\":2,\"name\":\"Stora BioKubes\"}]},{\"@type\":\"WebSite\",\"@id\":\"https:\/\/vestelli.kansleri.fi\/sv\/#website\",\"url\":\"https:\/\/vestelli.kansleri.fi\/sv\/\",\"name\":\"Vestelli.fi\",\"description\":\"Puhtaiden vesien puolesta \u2013 tehokkaat j\u00e4tevesij\u00e4rjestelm\u00e4t\",\"publisher\":{\"@id\":\"https:\/\/vestelli.kansleri.fi\/sv\/#organization\"},\"potentialAction\":[{\"@type\":\"SearchAction\",\"target\":{\"@type\":\"EntryPoint\",\"urlTemplate\":\"https:\/\/vestelli.kansleri.fi\/sv\/?s={search_term_string}\"},\"query-input\":{\"@type\":\"PropertyValueSpecification\",\"valueRequired\":true,\"valueName\":\"search_term_string\"}}],\"inLanguage\":\"sv-SE\"},{\"@type\":\"Organization\",\"@id\":\"https:\/\/vestelli.kansleri.fi\/sv\/#organization\",\"name\":\"Vestelli Oy\",\"url\":\"https:\/\/vestelli.kansleri.fi\/sv\/\",\"logo\":{\"@type\":\"ImageObject\",\"inLanguage\":\"sv-SE\",\"@id\":\"https:\/\/vestelli.kansleri.fi\/sv\/#\/schema\/logo\/image\/\",\"url\":\"http:\/\/vestelli.kansleri.fi\/wp-content\/uploads\/2018\/05\/vestelli_logo-e1577697076704.png\",\"contentUrl\":\"http:\/\/vestelli.kansleri.fi\/wp-content\/uploads\/2018\/05\/vestelli_logo-e1577697076704.png\",\"width\":200,\"height\":72,\"caption\":\"Vestelli Oy\"},\"image\":{\"@id\":\"https:\/\/vestelli.kansleri.fi\/sv\/#\/schema\/logo\/image\/\"}}]}<\/script>\n<!-- \/ Yoast SEO plugin. -->","yoast_head_json":{"title":"Suuremmat Biokubet kaikille j\u00e4tevesille | Vestelli.fi","description":"Vestellin suuremmat Biokube-pienpuhdistamot - kaikille j\u00e4tevesille asuinalueilla ja tuotantolaitoksissa","robots":{"index":"noindex","follow":"follow","max-snippet":"max-snippet:-1","max-image-preview":"max-image-preview:large","max-video-preview":"max-video-preview:-1"},"og_locale":"sv_SE","og_type":"article","og_title":"Suuremmat Biokubet kaikille j\u00e4tevesille | Vestelli.fi","og_description":"Vestellin suuremmat Biokube-pienpuhdistamot - kaikille j\u00e4tevesille asuinalueilla ja tuotantolaitoksissa","og_url":"https:\/\/vestelli.kansleri.fi\/sv\/stora-biokubes\/","og_site_name":"Vestelli.fi","article_modified_time":"2021-11-30T09:31:16+00:00","og_image":[{"width":1400,"height":933,"url":"https:\/\/vestelli.kansleri.fi\/wp-content\/uploads\/2018\/10\/koulutus.jpg","type":"image\/jpeg"}],"twitter_card":"summary_large_image","twitter_misc":{"Ber\u00e4knad l\u00e4stid":"7 minuter"},"schema":{"@context":"https:\/\/schema.org","@graph":[{"@type":"WebPage","@id":"https:\/\/vestelli.kansleri.fi\/sv\/stora-biokubes\/","url":"https:\/\/vestelli.kansleri.fi\/sv\/stora-biokubes\/","name":"Suuremmat Biokubet kaikille j\u00e4tevesille | Vestelli.fi","isPartOf":{"@id":"https:\/\/vestelli.kansleri.fi\/sv\/#website"},"primaryImageOfPage":{"@id":"https:\/\/vestelli.kansleri.fi\/sv\/stora-biokubes\/#primaryimage"},"image":{"@id":"https:\/\/vestelli.kansleri.fi\/sv\/stora-biokubes\/#primaryimage"},"thumbnailUrl":"https:\/\/vestelli.kansleri.fi\/wp-content\/uploads\/2018\/10\/koulutus.jpg","datePublished":"2021-09-07T07:24:33+00:00","dateModified":"2021-11-30T09:31:16+00:00","description":"Vestellin suuremmat Biokube-pienpuhdistamot - kaikille j\u00e4tevesille asuinalueilla ja tuotantolaitoksissa","breadcrumb":{"@id":"https:\/\/vestelli.kansleri.fi\/sv\/stora-biokubes\/#breadcrumb"},"inLanguage":"sv-SE","potentialAction":[{"@type":"ReadAction","target":["https:\/\/vestelli.kansleri.fi\/sv\/stora-biokubes\/"]}]},{"@type":"ImageObject","inLanguage":"sv-SE","@id":"https:\/\/vestelli.kansleri.fi\/sv\/stora-biokubes\/#primaryimage","url":"https:\/\/vestelli.kansleri.fi\/wp-content\/uploads\/2018\/10\/koulutus.jpg","contentUrl":"https:\/\/vestelli.kansleri.fi\/wp-content\/uploads\/2018\/10\/koulutus.jpg","width":1400,"height":933},{"@type":"BreadcrumbList","@id":"https:\/\/vestelli.kansleri.fi\/sv\/stora-biokubes\/#breadcrumb","itemListElement":[{"@type":"ListItem","position":1,"name":"Home","item":"https:\/\/vestelli.kansleri.fi\/sv\/ingangssida\/"},{"@type":"ListItem","position":2,"name":"Stora BioKubes"}]},{"@type":"WebSite","@id":"https:\/\/vestelli.kansleri.fi\/sv\/#website","url":"https:\/\/vestelli.kansleri.fi\/sv\/","name":"Vestelli.fi","description":"Puhtaiden vesien puolesta \u2013 tehokkaat j\u00e4tevesij\u00e4rjestelm\u00e4t","publisher":{"@id":"https:\/\/vestelli.kansleri.fi\/sv\/#organization"},"potentialAction":[{"@type":"SearchAction","target":{"@type":"EntryPoint","urlTemplate":"https:\/\/vestelli.kansleri.fi\/sv\/?s={search_term_string}"},"query-input":{"@type":"PropertyValueSpecification","valueRequired":true,"valueName":"search_term_string"}}],"inLanguage":"sv-SE"},{"@type":"Organization","@id":"https:\/\/vestelli.kansleri.fi\/sv\/#organization","name":"Vestelli Oy","url":"https:\/\/vestelli.kansleri.fi\/sv\/","logo":{"@type":"ImageObject","inLanguage":"sv-SE","@id":"https:\/\/vestelli.kansleri.fi\/sv\/#\/schema\/logo\/image\/","url":"http:\/\/vestelli.kansleri.fi\/wp-content\/uploads\/2018\/05\/vestelli_logo-e1577697076704.png","contentUrl":"http:\/\/vestelli.kansleri.fi\/wp-content\/uploads\/2018\/05\/vestelli_logo-e1577697076704.png","width":200,"height":72,"caption":"Vestelli Oy"},"image":{"@id":"https:\/\/vestelli.kansleri.fi\/sv\/#\/schema\/logo\/image\/"}}]}},"_links":{"self":[{"href":"https:\/\/vestelli.kansleri.fi\/sv\/wp-json\/wp\/v2\/pages\/6133","targetHints":{"allow":["GET"]}}],"collection":[{"href":"https:\/\/vestelli.kansleri.fi\/sv\/wp-json\/wp\/v2\/pages"}],"about":[{"href":"https:\/\/vestelli.kansleri.fi\/sv\/wp-json\/wp\/v2\/types\/page"}],"author":[{"embeddable":true,"href":"https:\/\/vestelli.kansleri.fi\/sv\/wp-json\/wp\/v2\/users\/5"}],"replies":[{"embeddable":true,"href":"https:\/\/vestelli.kansleri.fi\/sv\/wp-json\/wp\/v2\/comments?post=6133"}],"version-history":[{"count":19,"href":"https:\/\/vestelli.kansleri.fi\/sv\/wp-json\/wp\/v2\/pages\/6133\/revisions"}],"predecessor-version":[{"id":6294,"href":"https:\/\/vestelli.kansleri.fi\/sv\/wp-json\/wp\/v2\/pages\/6133\/revisions\/6294"}],"wp:featuredmedia":[{"embeddable":true,"href":"https:\/\/vestelli.kansleri.fi\/sv\/wp-json\/wp\/v2\/media\/1527"}],"wp:attachment":[{"href":"https:\/\/vestelli.kansleri.fi\/sv\/wp-json\/wp\/v2\/media?parent=6133"}],"curies":[{"name":"wp","href":"https:\/\/api.w.org\/{rel}","templated":true}]}}