{"id":709,"date":"2018-03-21T12:05:53","date_gmt":"2018-03-21T10:05:53","guid":{"rendered":"https:\/\/vestelli.kansleri.fi\/contact-us\/"},"modified":"2023-07-18T15:46:44","modified_gmt":"2023-07-18T12:46:44","slug":"contact-us","status":"publish","type":"page","link":"https:\/\/vestelli.kansleri.fi\/sv\/contact-us\/","title":{"rendered":"Kontakta oss"},"content":{"rendered":"<p>Vestelli \u00e4r k\u00e4nt f\u00f6r marknadens mest omfattande kompetens inom avloppsvatten och f\u00f6r utvecklingen av flera progressiva reningsmetoder.<\/p>\n<p>Vi \u00e4r antr\u00e4ffbara p\u00e5 kontoret kl. 9\u201317. Bes\u00f6k oss, ring, skicka e-post eller ta kontakt med hj\u00e4lp av formul\u00e4ret p\u00e5 webbsidan. Vi \u00e5terkommer s\u00e5 snart som m\u00f6jligt.<\/p>\n<p>&nbsp;<\/p>\n<div><strong>F\u00f6rfr\u00e5gningar fr\u00e5n Sverige direkt till:<\/strong><\/div>\n<div><\/div>\n<div>\n<div>Stefan Wasstr\u00f6m<\/div>\n<div>Landsansvarig f\u00f6r Vestelli AB i Sverige<br \/>\n+358 50572 8744<\/div>\n<div><a href=\"mailto:stefan@vestelli.kansleri.fi\" target=\"_blank\" rel=\"noopener noreferrer\">stefan@vestelli.kansleri.fi<\/a><\/div>\n<\/div>\n","protected":false},"excerpt":{"rendered":"<p>Vestelli \u00e4r k\u00e4nt f\u00f6r marknadens mest omfattande kompetens inom avloppsvatten och f\u00f6r utvecklingen av flera progressiva reningsmetoder. Vi \u00e4r antr\u00e4ffbara p\u00e5 kontoret kl. 9\u201317. Bes\u00f6k oss, ring, skicka e-post eller ta kontakt med hj\u00e4lp av formul\u00e4ret p\u00e5 webbsidan. Vi \u00e5terkommer s\u00e5 snart som m\u00f6jligt. &nbsp; F\u00f6rfr\u00e5gningar fr\u00e5n Sverige direkt till: Stefan Wasstr\u00f6m Landsansvarig f\u00f6r Vestelli&hellip;<\/p>\n","protected":false},"author":3,"featured_media":1181,"parent":0,"menu_order":5,"comment_status":"closed","ping_status":"closed","template":"templates\/contact.php","meta":{"_acf_changed":false,"footnotes":""},"class_list":["post-709","page","type-page","status-publish","has-post-thumbnail","hentry"],"acf":[],"yoast_head":"<!-- This site is optimized with the Yoast SEO plugin v27.2 - https:\/\/yoast.com\/product\/yoast-seo-wordpress\/ -->\n<title>Kontakta oss | Vestelli.fi<\/title>\n<meta name=\"robots\" content=\"noindex, follow, max-snippet:-1, max-image-preview:large, max-video-preview:-1\" \/>\n<meta property=\"og:locale\" content=\"sv_SE\" \/>\n<meta property=\"og:type\" content=\"article\" \/>\n<meta property=\"og:title\" content=\"Kontakta oss | Vestelli.fi\" \/>\n<meta property=\"og:description\" content=\"Vestelli \u00e4r k\u00e4nt f\u00f6r marknadens mest omfattande kompetens inom avloppsvatten och f\u00f6r utvecklingen av flera progressiva reningsmetoder. Vi \u00e4r antr\u00e4ffbara p\u00e5 kontoret kl. 9\u201317. Bes\u00f6k oss, ring, skicka e-post eller ta kontakt med hj\u00e4lp av formul\u00e4ret p\u00e5 webbsidan. Vi \u00e5terkommer s\u00e5 snart som m\u00f6jligt. &nbsp; F\u00f6rfr\u00e5gningar fr\u00e5n Sverige direkt till: Stefan Wasstr\u00f6m Landsansvarig f\u00f6r Vestelli&hellip;\" \/>\n<meta property=\"og:url\" content=\"https:\/\/vestelli.kansleri.fi\/sv\/contact-us\/\" \/>\n<meta property=\"og:site_name\" content=\"Vestelli.fi\" \/>\n<meta property=\"article:modified_time\" content=\"2023-07-18T12:46:44+00:00\" \/>\n<meta name=\"twitter:card\" content=\"summary_large_image\" \/>\n<meta name=\"twitter:label1\" content=\"Ber\u00e4knad l\u00e4stid\" \/>\n\t<meta name=\"twitter:data1\" content=\"1 minut\" \/>\n<script type=\"application\/ld+json\" class=\"yoast-schema-graph\">{\"@context\":\"https:\/\/schema.org\",\"@graph\":[{\"@type\":\"WebPage\",\"@id\":\"https:\/\/vestelli.kansleri.fi\/sv\/contact-us\/\",\"url\":\"https:\/\/vestelli.kansleri.fi\/sv\/contact-us\/\",\"name\":\"Kontakta oss | Vestelli.fi\",\"isPartOf\":{\"@id\":\"https:\/\/vestelli.kansleri.fi\/sv\/#website\"},\"primaryImageOfPage\":{\"@id\":\"https:\/\/vestelli.kansleri.fi\/sv\/contact-us\/#primaryimage\"},\"image\":{\"@id\":\"https:\/\/vestelli.kansleri.fi\/sv\/contact-us\/#primaryimage\"},\"thumbnailUrl\":\"https:\/\/vestelli.kansleri.fi\/wp-content\/uploads\/2018\/01\/IMG_5608-e1519206933563.jpg\",\"datePublished\":\"2018-03-21T10:05:53+00:00\",\"dateModified\":\"2023-07-18T12:46:44+00:00\",\"breadcrumb\":{\"@id\":\"https:\/\/vestelli.kansleri.fi\/sv\/contact-us\/#breadcrumb\"},\"inLanguage\":\"sv-SE\",\"potentialAction\":[{\"@type\":\"ReadAction\",\"target\":[\"https:\/\/vestelli.kansleri.fi\/sv\/contact-us\/\"]}]},{\"@type\":\"ImageObject\",\"inLanguage\":\"sv-SE\",\"@id\":\"https:\/\/vestelli.kansleri.fi\/sv\/contact-us\/#primaryimage\",\"url\":\"https:\/\/vestelli.kansleri.fi\/wp-content\/uploads\/2018\/01\/IMG_5608-e1519206933563.jpg\",\"contentUrl\":\"https:\/\/vestelli.kansleri.fi\/wp-content\/uploads\/2018\/01\/IMG_5608-e1519206933563.jpg\",\"width\":1920,\"height\":1280},{\"@type\":\"BreadcrumbList\",\"@id\":\"https:\/\/vestelli.kansleri.fi\/sv\/contact-us\/#breadcrumb\",\"itemListElement\":[{\"@type\":\"ListItem\",\"position\":1,\"name\":\"Home\",\"item\":\"https:\/\/vestelli.kansleri.fi\/sv\/ingangssida\/\"},{\"@type\":\"ListItem\",\"position\":2,\"name\":\"Kontakta oss\"}]},{\"@type\":\"WebSite\",\"@id\":\"https:\/\/vestelli.kansleri.fi\/sv\/#website\",\"url\":\"https:\/\/vestelli.kansleri.fi\/sv\/\",\"name\":\"Vestelli.fi\",\"description\":\"Puhtaiden vesien puolesta \u2013 tehokkaat j\u00e4tevesij\u00e4rjestelm\u00e4t\",\"publisher\":{\"@id\":\"https:\/\/vestelli.kansleri.fi\/sv\/#organization\"},\"potentialAction\":[{\"@type\":\"SearchAction\",\"target\":{\"@type\":\"EntryPoint\",\"urlTemplate\":\"https:\/\/vestelli.kansleri.fi\/sv\/?s={search_term_string}\"},\"query-input\":{\"@type\":\"PropertyValueSpecification\",\"valueRequired\":true,\"valueName\":\"search_term_string\"}}],\"inLanguage\":\"sv-SE\"},{\"@type\":\"Organization\",\"@id\":\"https:\/\/vestelli.kansleri.fi\/sv\/#organization\",\"name\":\"Vestelli Oy\",\"url\":\"https:\/\/vestelli.kansleri.fi\/sv\/\",\"logo\":{\"@type\":\"ImageObject\",\"inLanguage\":\"sv-SE\",\"@id\":\"https:\/\/vestelli.kansleri.fi\/sv\/#\/schema\/logo\/image\/\",\"url\":\"http:\/\/vestelli.kansleri.fi\/wp-content\/uploads\/2018\/05\/vestelli_logo-e1577697076704.png\",\"contentUrl\":\"http:\/\/vestelli.kansleri.fi\/wp-content\/uploads\/2018\/05\/vestelli_logo-e1577697076704.png\",\"width\":200,\"height\":72,\"caption\":\"Vestelli Oy\"},\"image\":{\"@id\":\"https:\/\/vestelli.kansleri.fi\/sv\/#\/schema\/logo\/image\/\"}}]}<\/script>\n<!-- \/ Yoast SEO plugin. -->","yoast_head_json":{"title":"Kontakta oss | Vestelli.fi","robots":{"index":"noindex","follow":"follow","max-snippet":"max-snippet:-1","max-image-preview":"max-image-preview:large","max-video-preview":"max-video-preview:-1"},"og_locale":"sv_SE","og_type":"article","og_title":"Kontakta oss | Vestelli.fi","og_description":"Vestelli \u00e4r k\u00e4nt f\u00f6r marknadens mest omfattande kompetens inom avloppsvatten och f\u00f6r utvecklingen av flera progressiva reningsmetoder. Vi \u00e4r antr\u00e4ffbara p\u00e5 kontoret kl. 9\u201317. Bes\u00f6k oss, ring, skicka e-post eller ta kontakt med hj\u00e4lp av formul\u00e4ret p\u00e5 webbsidan. Vi \u00e5terkommer s\u00e5 snart som m\u00f6jligt. &nbsp; F\u00f6rfr\u00e5gningar fr\u00e5n Sverige direkt till: Stefan Wasstr\u00f6m Landsansvarig f\u00f6r Vestelli&hellip;","og_url":"https:\/\/vestelli.kansleri.fi\/sv\/contact-us\/","og_site_name":"Vestelli.fi","article_modified_time":"2023-07-18T12:46:44+00:00","twitter_card":"summary_large_image","twitter_misc":{"Ber\u00e4knad l\u00e4stid":"1 minut"},"schema":{"@context":"https:\/\/schema.org","@graph":[{"@type":"WebPage","@id":"https:\/\/vestelli.kansleri.fi\/sv\/contact-us\/","url":"https:\/\/vestelli.kansleri.fi\/sv\/contact-us\/","name":"Kontakta oss | Vestelli.fi","isPartOf":{"@id":"https:\/\/vestelli.kansleri.fi\/sv\/#website"},"primaryImageOfPage":{"@id":"https:\/\/vestelli.kansleri.fi\/sv\/contact-us\/#primaryimage"},"image":{"@id":"https:\/\/vestelli.kansleri.fi\/sv\/contact-us\/#primaryimage"},"thumbnailUrl":"https:\/\/vestelli.kansleri.fi\/wp-content\/uploads\/2018\/01\/IMG_5608-e1519206933563.jpg","datePublished":"2018-03-21T10:05:53+00:00","dateModified":"2023-07-18T12:46:44+00:00","breadcrumb":{"@id":"https:\/\/vestelli.kansleri.fi\/sv\/contact-us\/#breadcrumb"},"inLanguage":"sv-SE","potentialAction":[{"@type":"ReadAction","target":["https:\/\/vestelli.kansleri.fi\/sv\/contact-us\/"]}]},{"@type":"ImageObject","inLanguage":"sv-SE","@id":"https:\/\/vestelli.kansleri.fi\/sv\/contact-us\/#primaryimage","url":"https:\/\/vestelli.kansleri.fi\/wp-content\/uploads\/2018\/01\/IMG_5608-e1519206933563.jpg","contentUrl":"https:\/\/vestelli.kansleri.fi\/wp-content\/uploads\/2018\/01\/IMG_5608-e1519206933563.jpg","width":1920,"height":1280},{"@type":"BreadcrumbList","@id":"https:\/\/vestelli.kansleri.fi\/sv\/contact-us\/#breadcrumb","itemListElement":[{"@type":"ListItem","position":1,"name":"Home","item":"https:\/\/vestelli.kansleri.fi\/sv\/ingangssida\/"},{"@type":"ListItem","position":2,"name":"Kontakta oss"}]},{"@type":"WebSite","@id":"https:\/\/vestelli.kansleri.fi\/sv\/#website","url":"https:\/\/vestelli.kansleri.fi\/sv\/","name":"Vestelli.fi","description":"Puhtaiden vesien puolesta \u2013 tehokkaat j\u00e4tevesij\u00e4rjestelm\u00e4t","publisher":{"@id":"https:\/\/vestelli.kansleri.fi\/sv\/#organization"},"potentialAction":[{"@type":"SearchAction","target":{"@type":"EntryPoint","urlTemplate":"https:\/\/vestelli.kansleri.fi\/sv\/?s={search_term_string}"},"query-input":{"@type":"PropertyValueSpecification","valueRequired":true,"valueName":"search_term_string"}}],"inLanguage":"sv-SE"},{"@type":"Organization","@id":"https:\/\/vestelli.kansleri.fi\/sv\/#organization","name":"Vestelli Oy","url":"https:\/\/vestelli.kansleri.fi\/sv\/","logo":{"@type":"ImageObject","inLanguage":"sv-SE","@id":"https:\/\/vestelli.kansleri.fi\/sv\/#\/schema\/logo\/image\/","url":"http:\/\/vestelli.kansleri.fi\/wp-content\/uploads\/2018\/05\/vestelli_logo-e1577697076704.png","contentUrl":"http:\/\/vestelli.kansleri.fi\/wp-content\/uploads\/2018\/05\/vestelli_logo-e1577697076704.png","width":200,"height":72,"caption":"Vestelli Oy"},"image":{"@id":"https:\/\/vestelli.kansleri.fi\/sv\/#\/schema\/logo\/image\/"}}]}},"_links":{"self":[{"href":"https:\/\/vestelli.kansleri.fi\/sv\/wp-json\/wp\/v2\/pages\/709","targetHints":{"allow":["GET"]}}],"collection":[{"href":"https:\/\/vestelli.kansleri.fi\/sv\/wp-json\/wp\/v2\/pages"}],"about":[{"href":"https:\/\/vestelli.kansleri.fi\/sv\/wp-json\/wp\/v2\/types\/page"}],"author":[{"embeddable":true,"href":"https:\/\/vestelli.kansleri.fi\/sv\/wp-json\/wp\/v2\/users\/3"}],"replies":[{"embeddable":true,"href":"https:\/\/vestelli.kansleri.fi\/sv\/wp-json\/wp\/v2\/comments?post=709"}],"version-history":[{"count":22,"href":"https:\/\/vestelli.kansleri.fi\/sv\/wp-json\/wp\/v2\/pages\/709\/revisions"}],"predecessor-version":[{"id":7300,"href":"https:\/\/vestelli.kansleri.fi\/sv\/wp-json\/wp\/v2\/pages\/709\/revisions\/7300"}],"wp:featuredmedia":[{"embeddable":true,"href":"https:\/\/vestelli.kansleri.fi\/sv\/wp-json\/wp\/v2\/media\/1181"}],"wp:attachment":[{"href":"https:\/\/vestelli.kansleri.fi\/sv\/wp-json\/wp\/v2\/media?parent=709"}],"curies":[{"name":"wp","href":"https:\/\/api.w.org\/{rel}","templated":true}]}}