{"id":724,"date":"2018-03-21T14:07:39","date_gmt":"2018-03-21T12:07:39","guid":{"rendered":"https:\/\/vestelli.kansleri.fi\/?page_id=724"},"modified":"2018-11-22T13:15:02","modified_gmt":"2018-11-22T11:15:02","slug":"ingangssida","status":"publish","type":"page","link":"https:\/\/vestelli.kansleri.fi\/sv\/","title":{"rendered":"Ing\u00e5ngssida"},"content":{"rendered":"","protected":false},"excerpt":{"rendered":"","protected":false},"author":3,"featured_media":0,"parent":0,"menu_order":0,"comment_status":"closed","ping_status":"closed","template":"","meta":{"_acf_changed":false,"footnotes":""},"class_list":["post-724","page","type-page","status-publish","hentry"],"acf":[],"yoast_head":"<!-- This site is optimized with the Yoast SEO plugin v27.2 - https:\/\/yoast.com\/product\/yoast-seo-wordpress\/ -->\n<title>Ing\u00e5ngssida | Vestelli.fi<\/title>\n<meta name=\"robots\" content=\"noindex, follow, max-snippet:-1, max-image-preview:large, max-video-preview:-1\" \/>\n<meta property=\"og:locale\" content=\"sv_SE\" \/>\n<meta property=\"og:type\" content=\"article\" \/>\n<meta property=\"og:title\" content=\"Ing\u00e5ngssida | Vestelli.fi\" \/>\n<meta property=\"og:url\" content=\"https:\/\/vestelli.kansleri.fi\/sv\/\" \/>\n<meta property=\"og:site_name\" content=\"Vestelli.fi\" \/>\n<meta property=\"article:modified_time\" content=\"2018-11-22T11:15:02+00:00\" \/>\n<meta name=\"twitter:card\" content=\"summary_large_image\" \/>\n<script type=\"application\/ld+json\" class=\"yoast-schema-graph\">{\"@context\":\"https:\/\/schema.org\",\"@graph\":[{\"@type\":\"WebPage\",\"@id\":\"https:\/\/vestelli.kansleri.fi\/sv\/\",\"url\":\"https:\/\/vestelli.kansleri.fi\/sv\/\",\"name\":\"Ing\u00e5ngssida | Vestelli.fi\",\"isPartOf\":{\"@id\":\"https:\/\/vestelli.kansleri.fi\/sv\/#website\"},\"datePublished\":\"2018-03-21T12:07:39+00:00\",\"dateModified\":\"2018-11-22T11:15:02+00:00\",\"breadcrumb\":{\"@id\":\"https:\/\/vestelli.kansleri.fi\/sv\/#breadcrumb\"},\"inLanguage\":\"sv-SE\",\"potentialAction\":[{\"@type\":\"ReadAction\",\"target\":[\"https:\/\/vestelli.kansleri.fi\/sv\/\"]}]},{\"@type\":\"BreadcrumbList\",\"@id\":\"https:\/\/vestelli.kansleri.fi\/sv\/#breadcrumb\",\"itemListElement\":[{\"@type\":\"ListItem\",\"position\":1,\"name\":\"Home\",\"item\":\"https:\/\/vestelli.kansleri.fi\/sv\/ingangssida\/\"},{\"@type\":\"ListItem\",\"position\":2,\"name\":\"Ing\u00e5ngssida\"}]},{\"@type\":\"WebSite\",\"@id\":\"https:\/\/vestelli.kansleri.fi\/sv\/#website\",\"url\":\"https:\/\/vestelli.kansleri.fi\/sv\/\",\"name\":\"Vestelli.fi\",\"description\":\"Puhtaiden vesien puolesta \u2013 tehokkaat j\u00e4tevesij\u00e4rjestelm\u00e4t\",\"publisher\":{\"@id\":\"https:\/\/vestelli.kansleri.fi\/sv\/#organization\"},\"potentialAction\":[{\"@type\":\"SearchAction\",\"target\":{\"@type\":\"EntryPoint\",\"urlTemplate\":\"https:\/\/vestelli.kansleri.fi\/sv\/?s={search_term_string}\"},\"query-input\":{\"@type\":\"PropertyValueSpecification\",\"valueRequired\":true,\"valueName\":\"search_term_string\"}}],\"inLanguage\":\"sv-SE\"},{\"@type\":\"Organization\",\"@id\":\"https:\/\/vestelli.kansleri.fi\/sv\/#organization\",\"name\":\"Vestelli Oy\",\"url\":\"https:\/\/vestelli.kansleri.fi\/sv\/\",\"logo\":{\"@type\":\"ImageObject\",\"inLanguage\":\"sv-SE\",\"@id\":\"https:\/\/vestelli.kansleri.fi\/sv\/#\/schema\/logo\/image\/\",\"url\":\"http:\/\/vestelli.kansleri.fi\/wp-content\/uploads\/2018\/05\/vestelli_logo-e1577697076704.png\",\"contentUrl\":\"http:\/\/vestelli.kansleri.fi\/wp-content\/uploads\/2018\/05\/vestelli_logo-e1577697076704.png\",\"width\":200,\"height\":72,\"caption\":\"Vestelli Oy\"},\"image\":{\"@id\":\"https:\/\/vestelli.kansleri.fi\/sv\/#\/schema\/logo\/image\/\"}}]}<\/script>\n<!-- \/ Yoast SEO plugin. -->","yoast_head_json":{"title":"Ing\u00e5ngssida | Vestelli.fi","robots":{"index":"noindex","follow":"follow","max-snippet":"max-snippet:-1","max-image-preview":"max-image-preview:large","max-video-preview":"max-video-preview:-1"},"og_locale":"sv_SE","og_type":"article","og_title":"Ing\u00e5ngssida | Vestelli.fi","og_url":"https:\/\/vestelli.kansleri.fi\/sv\/","og_site_name":"Vestelli.fi","article_modified_time":"2018-11-22T11:15:02+00:00","twitter_card":"summary_large_image","schema":{"@context":"https:\/\/schema.org","@graph":[{"@type":"WebPage","@id":"https:\/\/vestelli.kansleri.fi\/sv\/","url":"https:\/\/vestelli.kansleri.fi\/sv\/","name":"Ing\u00e5ngssida | Vestelli.fi","isPartOf":{"@id":"https:\/\/vestelli.kansleri.fi\/sv\/#website"},"datePublished":"2018-03-21T12:07:39+00:00","dateModified":"2018-11-22T11:15:02+00:00","breadcrumb":{"@id":"https:\/\/vestelli.kansleri.fi\/sv\/#breadcrumb"},"inLanguage":"sv-SE","potentialAction":[{"@type":"ReadAction","target":["https:\/\/vestelli.kansleri.fi\/sv\/"]}]},{"@type":"BreadcrumbList","@id":"https:\/\/vestelli.kansleri.fi\/sv\/#breadcrumb","itemListElement":[{"@type":"ListItem","position":1,"name":"Home","item":"https:\/\/vestelli.kansleri.fi\/sv\/ingangssida\/"},{"@type":"ListItem","position":2,"name":"Ing\u00e5ngssida"}]},{"@type":"WebSite","@id":"https:\/\/vestelli.kansleri.fi\/sv\/#website","url":"https:\/\/vestelli.kansleri.fi\/sv\/","name":"Vestelli.fi","description":"Puhtaiden vesien puolesta \u2013 tehokkaat j\u00e4tevesij\u00e4rjestelm\u00e4t","publisher":{"@id":"https:\/\/vestelli.kansleri.fi\/sv\/#organization"},"potentialAction":[{"@type":"SearchAction","target":{"@type":"EntryPoint","urlTemplate":"https:\/\/vestelli.kansleri.fi\/sv\/?s={search_term_string}"},"query-input":{"@type":"PropertyValueSpecification","valueRequired":true,"valueName":"search_term_string"}}],"inLanguage":"sv-SE"},{"@type":"Organization","@id":"https:\/\/vestelli.kansleri.fi\/sv\/#organization","name":"Vestelli Oy","url":"https:\/\/vestelli.kansleri.fi\/sv\/","logo":{"@type":"ImageObject","inLanguage":"sv-SE","@id":"https:\/\/vestelli.kansleri.fi\/sv\/#\/schema\/logo\/image\/","url":"http:\/\/vestelli.kansleri.fi\/wp-content\/uploads\/2018\/05\/vestelli_logo-e1577697076704.png","contentUrl":"http:\/\/vestelli.kansleri.fi\/wp-content\/uploads\/2018\/05\/vestelli_logo-e1577697076704.png","width":200,"height":72,"caption":"Vestelli Oy"},"image":{"@id":"https:\/\/vestelli.kansleri.fi\/sv\/#\/schema\/logo\/image\/"}}]}},"_links":{"self":[{"href":"https:\/\/vestelli.kansleri.fi\/sv\/wp-json\/wp\/v2\/pages\/724","targetHints":{"allow":["GET"]}}],"collection":[{"href":"https:\/\/vestelli.kansleri.fi\/sv\/wp-json\/wp\/v2\/pages"}],"about":[{"href":"https:\/\/vestelli.kansleri.fi\/sv\/wp-json\/wp\/v2\/types\/page"}],"author":[{"embeddable":true,"href":"https:\/\/vestelli.kansleri.fi\/sv\/wp-json\/wp\/v2\/users\/3"}],"replies":[{"embeddable":true,"href":"https:\/\/vestelli.kansleri.fi\/sv\/wp-json\/wp\/v2\/comments?post=724"}],"version-history":[{"count":5,"href":"https:\/\/vestelli.kansleri.fi\/sv\/wp-json\/wp\/v2\/pages\/724\/revisions"}],"predecessor-version":[{"id":1596,"href":"https:\/\/vestelli.kansleri.fi\/sv\/wp-json\/wp\/v2\/pages\/724\/revisions\/1596"}],"wp:attachment":[{"href":"https:\/\/vestelli.kansleri.fi\/sv\/wp-json\/wp\/v2\/media?parent=724"}],"curies":[{"name":"wp","href":"https:\/\/api.w.org\/{rel}","templated":true}]}}