{"id":732,"date":"2017-12-11T15:17:42","date_gmt":"2017-12-11T13:17:42","guid":{"rendered":"https:\/\/vestelli.kansleri.fi\/?page_id=732"},"modified":"2021-05-05T15:27:03","modified_gmt":"2021-05-05T12:27:03","slug":"planerare","status":"publish","type":"page","link":"https:\/\/vestelli.kansleri.fi\/sv\/planerare\/","title":{"rendered":"Planerare"},"content":{"rendered":"<p>Ladda ned v\u00e5r produktdokumentation h\u00e4r.<\/p>\n<p>Som bilaga till avloppsvattenplanen beh\u00f6ver du en typritning, en sammanst\u00e4llning av unders\u00f6kningsresultaten och installations-, bruks- och underh\u00e5llsanvisningar. Du finner dem nedan. De fullst\u00e4ndiga rapporterna hittar du nere p\u00e5 sidan.<\/p>\n","protected":false},"excerpt":{"rendered":"<p>Ladda ned v\u00e5r produktdokumentation h\u00e4r. Som bilaga till avloppsvattenplanen beh\u00f6ver du en typritning, en sammanst\u00e4llning av unders\u00f6kningsresultaten och installations-, bruks- och underh\u00e5llsanvisningar. Du finner dem nedan. De fullst\u00e4ndiga rapporterna hittar du nere p\u00e5 sidan.<\/p>\n","protected":false},"author":3,"featured_media":265,"parent":0,"menu_order":3,"comment_status":"closed","ping_status":"closed","template":"","meta":{"_acf_changed":false,"footnotes":""},"class_list":["post-732","page","type-page","status-publish","has-post-thumbnail","hentry"],"acf":[],"yoast_head":"<!-- This site is optimized with the Yoast SEO plugin v27.2 - https:\/\/yoast.com\/product\/yoast-seo-wordpress\/ -->\n<title>Planerare | Vestelli.fi<\/title>\n<meta name=\"robots\" content=\"noindex, follow, max-snippet:-1, max-image-preview:large, max-video-preview:-1\" \/>\n<meta property=\"og:locale\" content=\"sv_SE\" \/>\n<meta property=\"og:type\" content=\"article\" \/>\n<meta property=\"og:title\" content=\"Planerare | Vestelli.fi\" \/>\n<meta property=\"og:description\" content=\"Ladda ned v\u00e5r produktdokumentation h\u00e4r. Som bilaga till avloppsvattenplanen beh\u00f6ver du en typritning, en sammanst\u00e4llning av unders\u00f6kningsresultaten och installations-, bruks- och underh\u00e5llsanvisningar. Du finner dem nedan. De fullst\u00e4ndiga rapporterna hittar du nere p\u00e5 sidan.\" \/>\n<meta property=\"og:url\" content=\"https:\/\/vestelli.kansleri.fi\/sv\/planerare\/\" \/>\n<meta property=\"og:site_name\" content=\"Vestelli.fi\" \/>\n<meta property=\"article:modified_time\" content=\"2021-05-05T12:27:03+00:00\" \/>\n<meta property=\"og:image\" content=\"https:\/\/vestelli.kansleri.fi\/wp-content\/uploads\/2018\/01\/suunnittelijoille-e1519206908186.jpg\" \/>\n\t<meta property=\"og:image:width\" content=\"1920\" \/>\n\t<meta property=\"og:image:height\" content=\"1080\" \/>\n\t<meta property=\"og:image:type\" content=\"image\/jpeg\" \/>\n<meta name=\"twitter:card\" content=\"summary_large_image\" \/>\n<script type=\"application\/ld+json\" class=\"yoast-schema-graph\">{\"@context\":\"https:\/\/schema.org\",\"@graph\":[{\"@type\":\"WebPage\",\"@id\":\"https:\/\/vestelli.kansleri.fi\/sv\/planerare\/\",\"url\":\"https:\/\/vestelli.kansleri.fi\/sv\/planerare\/\",\"name\":\"Planerare | Vestelli.fi\",\"isPartOf\":{\"@id\":\"https:\/\/vestelli.kansleri.fi\/sv\/#website\"},\"primaryImageOfPage\":{\"@id\":\"https:\/\/vestelli.kansleri.fi\/sv\/planerare\/#primaryimage\"},\"image\":{\"@id\":\"https:\/\/vestelli.kansleri.fi\/sv\/planerare\/#primaryimage\"},\"thumbnailUrl\":\"https:\/\/vestelli.kansleri.fi\/wp-content\/uploads\/2018\/01\/suunnittelijoille-e1519206908186.jpg\",\"datePublished\":\"2017-12-11T13:17:42+00:00\",\"dateModified\":\"2021-05-05T12:27:03+00:00\",\"breadcrumb\":{\"@id\":\"https:\/\/vestelli.kansleri.fi\/sv\/planerare\/#breadcrumb\"},\"inLanguage\":\"sv-SE\",\"potentialAction\":[{\"@type\":\"ReadAction\",\"target\":[\"https:\/\/vestelli.kansleri.fi\/sv\/planerare\/\"]}]},{\"@type\":\"ImageObject\",\"inLanguage\":\"sv-SE\",\"@id\":\"https:\/\/vestelli.kansleri.fi\/sv\/planerare\/#primaryimage\",\"url\":\"https:\/\/vestelli.kansleri.fi\/wp-content\/uploads\/2018\/01\/suunnittelijoille-e1519206908186.jpg\",\"contentUrl\":\"https:\/\/vestelli.kansleri.fi\/wp-content\/uploads\/2018\/01\/suunnittelijoille-e1519206908186.jpg\",\"width\":1920,\"height\":1080},{\"@type\":\"BreadcrumbList\",\"@id\":\"https:\/\/vestelli.kansleri.fi\/sv\/planerare\/#breadcrumb\",\"itemListElement\":[{\"@type\":\"ListItem\",\"position\":1,\"name\":\"Home\",\"item\":\"https:\/\/vestelli.kansleri.fi\/sv\/ingangssida\/\"},{\"@type\":\"ListItem\",\"position\":2,\"name\":\"Planerare\"}]},{\"@type\":\"WebSite\",\"@id\":\"https:\/\/vestelli.kansleri.fi\/sv\/#website\",\"url\":\"https:\/\/vestelli.kansleri.fi\/sv\/\",\"name\":\"Vestelli.fi\",\"description\":\"Puhtaiden vesien puolesta \u2013 tehokkaat j\u00e4tevesij\u00e4rjestelm\u00e4t\",\"publisher\":{\"@id\":\"https:\/\/vestelli.kansleri.fi\/sv\/#organization\"},\"potentialAction\":[{\"@type\":\"SearchAction\",\"target\":{\"@type\":\"EntryPoint\",\"urlTemplate\":\"https:\/\/vestelli.kansleri.fi\/sv\/?s={search_term_string}\"},\"query-input\":{\"@type\":\"PropertyValueSpecification\",\"valueRequired\":true,\"valueName\":\"search_term_string\"}}],\"inLanguage\":\"sv-SE\"},{\"@type\":\"Organization\",\"@id\":\"https:\/\/vestelli.kansleri.fi\/sv\/#organization\",\"name\":\"Vestelli Oy\",\"url\":\"https:\/\/vestelli.kansleri.fi\/sv\/\",\"logo\":{\"@type\":\"ImageObject\",\"inLanguage\":\"sv-SE\",\"@id\":\"https:\/\/vestelli.kansleri.fi\/sv\/#\/schema\/logo\/image\/\",\"url\":\"http:\/\/vestelli.kansleri.fi\/wp-content\/uploads\/2018\/05\/vestelli_logo-e1577697076704.png\",\"contentUrl\":\"http:\/\/vestelli.kansleri.fi\/wp-content\/uploads\/2018\/05\/vestelli_logo-e1577697076704.png\",\"width\":200,\"height\":72,\"caption\":\"Vestelli Oy\"},\"image\":{\"@id\":\"https:\/\/vestelli.kansleri.fi\/sv\/#\/schema\/logo\/image\/\"}}]}<\/script>\n<!-- \/ Yoast SEO plugin. -->","yoast_head_json":{"title":"Planerare | Vestelli.fi","robots":{"index":"noindex","follow":"follow","max-snippet":"max-snippet:-1","max-image-preview":"max-image-preview:large","max-video-preview":"max-video-preview:-1"},"og_locale":"sv_SE","og_type":"article","og_title":"Planerare | Vestelli.fi","og_description":"Ladda ned v\u00e5r produktdokumentation h\u00e4r. Som bilaga till avloppsvattenplanen beh\u00f6ver du en typritning, en sammanst\u00e4llning av unders\u00f6kningsresultaten och installations-, bruks- och underh\u00e5llsanvisningar. Du finner dem nedan. De fullst\u00e4ndiga rapporterna hittar du nere p\u00e5 sidan.","og_url":"https:\/\/vestelli.kansleri.fi\/sv\/planerare\/","og_site_name":"Vestelli.fi","article_modified_time":"2021-05-05T12:27:03+00:00","og_image":[{"width":1920,"height":1080,"url":"https:\/\/vestelli.kansleri.fi\/wp-content\/uploads\/2018\/01\/suunnittelijoille-e1519206908186.jpg","type":"image\/jpeg"}],"twitter_card":"summary_large_image","schema":{"@context":"https:\/\/schema.org","@graph":[{"@type":"WebPage","@id":"https:\/\/vestelli.kansleri.fi\/sv\/planerare\/","url":"https:\/\/vestelli.kansleri.fi\/sv\/planerare\/","name":"Planerare | Vestelli.fi","isPartOf":{"@id":"https:\/\/vestelli.kansleri.fi\/sv\/#website"},"primaryImageOfPage":{"@id":"https:\/\/vestelli.kansleri.fi\/sv\/planerare\/#primaryimage"},"image":{"@id":"https:\/\/vestelli.kansleri.fi\/sv\/planerare\/#primaryimage"},"thumbnailUrl":"https:\/\/vestelli.kansleri.fi\/wp-content\/uploads\/2018\/01\/suunnittelijoille-e1519206908186.jpg","datePublished":"2017-12-11T13:17:42+00:00","dateModified":"2021-05-05T12:27:03+00:00","breadcrumb":{"@id":"https:\/\/vestelli.kansleri.fi\/sv\/planerare\/#breadcrumb"},"inLanguage":"sv-SE","potentialAction":[{"@type":"ReadAction","target":["https:\/\/vestelli.kansleri.fi\/sv\/planerare\/"]}]},{"@type":"ImageObject","inLanguage":"sv-SE","@id":"https:\/\/vestelli.kansleri.fi\/sv\/planerare\/#primaryimage","url":"https:\/\/vestelli.kansleri.fi\/wp-content\/uploads\/2018\/01\/suunnittelijoille-e1519206908186.jpg","contentUrl":"https:\/\/vestelli.kansleri.fi\/wp-content\/uploads\/2018\/01\/suunnittelijoille-e1519206908186.jpg","width":1920,"height":1080},{"@type":"BreadcrumbList","@id":"https:\/\/vestelli.kansleri.fi\/sv\/planerare\/#breadcrumb","itemListElement":[{"@type":"ListItem","position":1,"name":"Home","item":"https:\/\/vestelli.kansleri.fi\/sv\/ingangssida\/"},{"@type":"ListItem","position":2,"name":"Planerare"}]},{"@type":"WebSite","@id":"https:\/\/vestelli.kansleri.fi\/sv\/#website","url":"https:\/\/vestelli.kansleri.fi\/sv\/","name":"Vestelli.fi","description":"Puhtaiden vesien puolesta \u2013 tehokkaat j\u00e4tevesij\u00e4rjestelm\u00e4t","publisher":{"@id":"https:\/\/vestelli.kansleri.fi\/sv\/#organization"},"potentialAction":[{"@type":"SearchAction","target":{"@type":"EntryPoint","urlTemplate":"https:\/\/vestelli.kansleri.fi\/sv\/?s={search_term_string}"},"query-input":{"@type":"PropertyValueSpecification","valueRequired":true,"valueName":"search_term_string"}}],"inLanguage":"sv-SE"},{"@type":"Organization","@id":"https:\/\/vestelli.kansleri.fi\/sv\/#organization","name":"Vestelli Oy","url":"https:\/\/vestelli.kansleri.fi\/sv\/","logo":{"@type":"ImageObject","inLanguage":"sv-SE","@id":"https:\/\/vestelli.kansleri.fi\/sv\/#\/schema\/logo\/image\/","url":"http:\/\/vestelli.kansleri.fi\/wp-content\/uploads\/2018\/05\/vestelli_logo-e1577697076704.png","contentUrl":"http:\/\/vestelli.kansleri.fi\/wp-content\/uploads\/2018\/05\/vestelli_logo-e1577697076704.png","width":200,"height":72,"caption":"Vestelli Oy"},"image":{"@id":"https:\/\/vestelli.kansleri.fi\/sv\/#\/schema\/logo\/image\/"}}]}},"_links":{"self":[{"href":"https:\/\/vestelli.kansleri.fi\/sv\/wp-json\/wp\/v2\/pages\/732","targetHints":{"allow":["GET"]}}],"collection":[{"href":"https:\/\/vestelli.kansleri.fi\/sv\/wp-json\/wp\/v2\/pages"}],"about":[{"href":"https:\/\/vestelli.kansleri.fi\/sv\/wp-json\/wp\/v2\/types\/page"}],"author":[{"embeddable":true,"href":"https:\/\/vestelli.kansleri.fi\/sv\/wp-json\/wp\/v2\/users\/3"}],"replies":[{"embeddable":true,"href":"https:\/\/vestelli.kansleri.fi\/sv\/wp-json\/wp\/v2\/comments?post=732"}],"version-history":[{"count":17,"href":"https:\/\/vestelli.kansleri.fi\/sv\/wp-json\/wp\/v2\/pages\/732\/revisions"}],"predecessor-version":[{"id":5208,"href":"https:\/\/vestelli.kansleri.fi\/sv\/wp-json\/wp\/v2\/pages\/732\/revisions\/5208"}],"wp:featuredmedia":[{"embeddable":true,"href":"https:\/\/vestelli.kansleri.fi\/sv\/wp-json\/wp\/v2\/media\/265"}],"wp:attachment":[{"href":"https:\/\/vestelli.kansleri.fi\/sv\/wp-json\/wp\/v2\/media?parent=732"}],"curies":[{"name":"wp","href":"https:\/\/api.w.org\/{rel}","templated":true}]}}