{"id":8521,"date":"2026-03-19T14:28:46","date_gmt":"2026-03-19T12:28:46","guid":{"rendered":"https:\/\/vestelli.kansleri.fi\/varukorg\/"},"modified":"2026-03-19T14:28:47","modified_gmt":"2026-03-19T12:28:47","slug":"varukorg","status":"publish","type":"page","link":"https:\/\/vestelli.kansleri.fi\/sv\/varukorg\/","title":{"rendered":"Varukorg"},"content":{"rendered":"\n<div data-block-name=\"woocommerce\/cart\" class=\"wp-block-woocommerce-cart alignwide is-loading\">\n<div data-block-name=\"woocommerce\/filled-cart-block\" class=\"wp-block-woocommerce-filled-cart-block\">\n<div data-block-name=\"woocommerce\/cart-items-block\" class=\"wp-block-woocommerce-cart-items-block\">\n<div data-block-name=\"woocommerce\/cart-line-items-block\" class=\"wp-block-woocommerce-cart-line-items-block\"><\/div>\n\n\n<\/div>\n\n\n\n\n<div data-block-name=\"woocommerce\/cart-totals-block\" class=\"wp-block-woocommerce-cart-totals-block\">\n<div data-block-name=\"woocommerce\/cart-order-summary-block\" class=\"wp-block-woocommerce-cart-order-summary-block\">\n<div data-block-name=\"woocommerce\/cart-order-summary-heading-block\" class=\"wp-block-woocommerce-cart-order-summary-heading-block\"><\/div><div data-block-name=\"woocommerce\/cart-order-summary-coupon-form-block\" class=\"wp-block-woocommerce-cart-order-summary-coupon-form-block\"><\/div><div data-block-name=\"woocommerce\/cart-order-summary-totals-block\" class=\"wp-block-woocommerce-cart-order-summary-totals-block\">\n<div data-block-name=\"woocommerce\/cart-order-summary-subtotal-block\" class=\"wp-block-woocommerce-cart-order-summary-subtotal-block\"><\/div>\n<div data-block-name=\"woocommerce\/cart-order-summary-discount-block\" class=\"wp-block-woocommerce-cart-order-summary-discount-block\"><\/div>\n<div data-block-name=\"woocommerce\/cart-order-summary-fee-block\" class=\"wp-block-woocommerce-cart-order-summary-fee-block\"><\/div>\n<div data-block-name=\"woocommerce\/cart-order-summary-shipping-block\" class=\"wp-block-woocommerce-cart-order-summary-shipping-block\"><\/div>\n<div data-block-name=\"woocommerce\/cart-order-summary-taxes-block\" class=\"wp-block-woocommerce-cart-order-summary-taxes-block\"><\/div><\/div>\n<\/div>\n\n\n\n<div data-block-name=\"woocommerce\/cart-express-payment-block\" class=\"wp-block-woocommerce-cart-express-payment-block\"><\/div>\n\n\n\n<div data-block-name=\"woocommerce\/proceed-to-checkout-block\" class=\"wp-block-woocommerce-proceed-to-checkout-block\"><\/div>\n\n\n\n<div data-block-name=\"woocommerce\/cart-accepted-payment-methods-block\" class=\"wp-block-woocommerce-cart-accepted-payment-methods-block\"><\/div>\n<\/div>\n<\/div>\n\n\n\n<div data-block-name=\"woocommerce\/empty-cart-block\" class=\"wp-block-woocommerce-empty-cart-block\">\n<h2 class=\"wp-block-heading has-text-align-center with-empty-cart-icon wc-block-cart__empty-cart__title\">Din varukorg \u00e4r f\u00f6r n\u00e4rvarande tom!<\/h2>\n\n\n\n<hr class=\"wp-block-separator has-alpha-channel-opacity is-style-dots\"\/>\n\n\n\n<h2 class=\"wp-block-heading has-text-align-center\">Nytt i butik<\/h2>\n\n\n<div data-block-name=\"woocommerce\/product-new\" data-columns=\"4\" data-rows=\"1\" class=\"wc-block-grid wp-block-product-new wp-block-woocommerce-product-new wc-block-product-new has-4-columns\"><ul class=\"wc-block-grid__products\"><li class=\"wc-block-grid__product\">\n\t\t\t\t<a href=\"https:\/\/vestelli.kansleri.fi\/sv\/tuote\/iisi-h6-gravattenrenare\/\" class=\"wc-block-grid__product-link\">\n\t\t\t\t\t\n\t\t\t\t\t<div class=\"wc-block-grid__product-image\"><img loading=\"lazy\" decoding=\"async\" width=\"300\" height=\"300\" src=\"https:\/\/vestelli.kansleri.fi\/wp-content\/uploads\/2026\/03\/H6_-300x300.png\" class=\"attachment-woocommerce_thumbnail size-woocommerce_thumbnail\" alt=\"IISI H6 gr\u00e5vattenrenare\" srcset=\"https:\/\/vestelli.kansleri.fi\/wp-content\/uploads\/2026\/03\/H6_-300x300.png 300w, https:\/\/vestelli.kansleri.fi\/wp-content\/uploads\/2026\/03\/H6_-100x100.png 100w, https:\/\/vestelli.kansleri.fi\/wp-content\/uploads\/2026\/03\/H6_-600x600.png 600w, https:\/\/vestelli.kansleri.fi\/wp-content\/uploads\/2026\/03\/H6_.png 1348w\" sizes=\"auto, (max-width: 300px) 100vw, 300px\" \/><\/div>\n\t\t\t\t\t<div class=\"wc-block-grid__product-title\">IISI H6 gr\u00e5vattenrenare<\/div>\n\t\t\t\t<\/a>\n\t\t\t\t<div class=\"wc-block-grid__product-price price\"><\/div>\n\t\t\t\t\n\t\t\t\t<div class=\"wp-block-button wc-block-grid__product-add-to-cart\"><a href=\"\/sv\/wp-json\/wp\/v2\/pages\/8521?add-to-cart=9446\" aria-label=\"L\u00e4gg till i varukorgen: \u201dIISI H6 gr\u00e5vattenrenare\u201d\" data-quantity=\"1\" data-product_id=\"9446\" data-product_sku=\"\" data-price=\"0\" rel=\"nofollow\" class=\"wp-block-button__link  add_to_cart_button ajax_add_to_cart\">Pyyd\u00e4 tarjous<\/a><\/div>\n\t\t\t<\/li><li class=\"wc-block-grid__product\">\n\t\t\t\t<a href=\"https:\/\/vestelli.kansleri.fi\/sv\/tuote\/iisi-rock-saneringsreningsverk\/\" class=\"wc-block-grid__product-link\">\n\t\t\t\t\t\n\t\t\t\t\t<div class=\"wc-block-grid__product-image\"><img loading=\"lazy\" decoding=\"async\" width=\"300\" height=\"300\" src=\"https:\/\/vestelli.kansleri.fi\/wp-content\/uploads\/2026\/03\/ROCK.png\" class=\"attachment-woocommerce_thumbnail size-woocommerce_thumbnail\" alt=\"IISI ROCK saneringsreningsverk\" srcset=\"https:\/\/vestelli.kansleri.fi\/wp-content\/uploads\/2026\/03\/ROCK.png 300w, https:\/\/vestelli.kansleri.fi\/wp-content\/uploads\/2026\/03\/ROCK-100x100.png 100w\" sizes=\"auto, (max-width: 300px) 100vw, 300px\" \/><\/div>\n\t\t\t\t\t<div class=\"wc-block-grid__product-title\">IISI ROCK saneringsreningsverk<\/div>\n\t\t\t\t<\/a>\n\t\t\t\t<div class=\"wc-block-grid__product-price price\"><\/div>\n\t\t\t\t\n\t\t\t\t<div class=\"wp-block-button wc-block-grid__product-add-to-cart\"><a href=\"\/sv\/wp-json\/wp\/v2\/pages\/8521?add-to-cart=9445\" aria-label=\"L\u00e4gg till i varukorgen: \u201dIISI ROCK saneringsreningsverk\u201d\" data-quantity=\"1\" data-product_id=\"9445\" data-product_sku=\"\" data-price=\"0\" rel=\"nofollow\" class=\"wp-block-button__link  add_to_cart_button ajax_add_to_cart\">Pyyd\u00e4 tarjous<\/a><\/div>\n\t\t\t<\/li><li class=\"wc-block-grid__product\">\n\t\t\t\t<a href=\"https:\/\/vestelli.kansleri.fi\/sv\/tuote\/iisi-kemikaliedoseringspump\/\" class=\"wc-block-grid__product-link\">\n\t\t\t\t\t\n\t\t\t\t\t<div class=\"wc-block-grid__product-image\"><img loading=\"lazy\" decoding=\"async\" width=\"300\" height=\"300\" src=\"https:\/\/vestelli.kansleri.fi\/wp-content\/uploads\/2026\/03\/IISI_Kemikaaliannostelija-300x300.png\" class=\"attachment-woocommerce_thumbnail size-woocommerce_thumbnail\" alt=\"IISI Kemikaliedoseringspump\" srcset=\"https:\/\/vestelli.kansleri.fi\/wp-content\/uploads\/2026\/03\/IISI_Kemikaaliannostelija-300x300.png 300w, https:\/\/vestelli.kansleri.fi\/wp-content\/uploads\/2026\/03\/IISI_Kemikaaliannostelija-100x100.png 100w, https:\/\/vestelli.kansleri.fi\/wp-content\/uploads\/2026\/03\/IISI_Kemikaaliannostelija.png 459w\" sizes=\"auto, (max-width: 300px) 100vw, 300px\" \/><\/div>\n\t\t\t\t\t<div class=\"wc-block-grid__product-title\">IISI Kemikaliedoseringspump<\/div>\n\t\t\t\t<\/a>\n\t\t\t\t<div class=\"wc-block-grid__product-price price\"><\/div>\n\t\t\t\t\n\t\t\t\t<div class=\"wp-block-button wc-block-grid__product-add-to-cart\"><a href=\"\/sv\/wp-json\/wp\/v2\/pages\/8521?add-to-cart=9444\" aria-label=\"L\u00e4gg till i varukorgen: \u201dIISI Kemikaliedoseringspump\u201d\" data-quantity=\"1\" data-product_id=\"9444\" data-product_sku=\"\" data-price=\"0\" rel=\"nofollow\" class=\"wp-block-button__link  add_to_cart_button ajax_add_to_cart\">Pyyd\u00e4 tarjous<\/a><\/div>\n\t\t\t<\/li><li class=\"wc-block-grid__product\">\n\t\t\t\t<a href=\"https:\/\/vestelli.kansleri.fi\/sv\/tuote\/iisi-tradlost-nivaalarm\/\" class=\"wc-block-grid__product-link\">\n\t\t\t\t\t\n\t\t\t\t\t<div class=\"wc-block-grid__product-image\"><img loading=\"lazy\" decoding=\"async\" width=\"300\" height=\"300\" src=\"https:\/\/vestelli.kansleri.fi\/wp-content\/uploads\/2026\/03\/Langaton-tayttymishalytin_Tank-Check-RF-431-1-300x300.jpg\" class=\"attachment-woocommerce_thumbnail size-woocommerce_thumbnail\" alt=\"Tr\u00e5dl\u00f6st niv\u00e5alarm\" srcset=\"https:\/\/vestelli.kansleri.fi\/wp-content\/uploads\/2026\/03\/Langaton-tayttymishalytin_Tank-Check-RF-431-1-300x300.jpg 300w, https:\/\/vestelli.kansleri.fi\/wp-content\/uploads\/2026\/03\/Langaton-tayttymishalytin_Tank-Check-RF-431-1-100x100.jpg 100w, https:\/\/vestelli.kansleri.fi\/wp-content\/uploads\/2026\/03\/Langaton-tayttymishalytin_Tank-Check-RF-431-1-600x600.jpg 600w\" sizes=\"auto, (max-width: 300px) 100vw, 300px\" \/><\/div>\n\t\t\t\t\t<div class=\"wc-block-grid__product-title\">Tr\u00e5dl\u00f6st niv\u00e5alarm<\/div>\n\t\t\t\t<\/a>\n\t\t\t\t<div class=\"wc-block-grid__product-price price\"><\/div>\n\t\t\t\t\n\t\t\t\t<div class=\"wp-block-button wc-block-grid__product-add-to-cart\"><a href=\"\/sv\/wp-json\/wp\/v2\/pages\/8521?add-to-cart=9443\" aria-label=\"L\u00e4gg till i varukorgen: \u201dTr\u00e5dl\u00f6st niv\u00e5alarm\u201d\" data-quantity=\"1\" data-product_id=\"9443\" data-product_sku=\"\" data-price=\"0\" rel=\"nofollow\" class=\"wp-block-button__link  add_to_cart_button ajax_add_to_cart\">Pyyd\u00e4 tarjous<\/a><\/div>\n\t\t\t<\/li><\/ul><\/div><\/div>\n<\/div>\n","protected":false},"excerpt":{"rendered":"","protected":false},"author":37,"featured_media":0,"parent":0,"menu_order":0,"comment_status":"closed","ping_status":"closed","template":"","meta":{"_acf_changed":false,"footnotes":""},"class_list":["post-8521","page","type-page","status-publish","hentry"],"acf":[],"yoast_head":"<!-- This site is optimized with the Yoast SEO plugin v27.2 - https:\/\/yoast.com\/product\/yoast-seo-wordpress\/ -->\n<title>Varukorg | Vestelli.fi<\/title>\n<meta name=\"robots\" content=\"noindex, follow, max-snippet:-1, max-image-preview:large, max-video-preview:-1\" \/>\n<meta property=\"og:locale\" content=\"sv_SE\" \/>\n<meta property=\"og:type\" content=\"article\" \/>\n<meta property=\"og:title\" content=\"Varukorg | Vestelli.fi\" \/>\n<meta property=\"og:url\" content=\"https:\/\/vestelli.kansleri.fi\/sv\/varukorg\/\" \/>\n<meta property=\"og:site_name\" content=\"Vestelli.fi\" \/>\n<meta property=\"article:modified_time\" content=\"2026-03-19T12:28:47+00:00\" \/>\n<meta name=\"twitter:card\" content=\"summary_large_image\" \/>\n<script type=\"application\/ld+json\" class=\"yoast-schema-graph\">{\"@context\":\"https:\/\/schema.org\",\"@graph\":[{\"@type\":\"WebPage\",\"@id\":\"https:\/\/vestelli.kansleri.fi\/sv\/varukorg\/\",\"url\":\"https:\/\/vestelli.kansleri.fi\/sv\/varukorg\/\",\"name\":\"Varukorg | Vestelli.fi\",\"isPartOf\":{\"@id\":\"https:\/\/vestelli.kansleri.fi\/sv\/#website\"},\"datePublished\":\"2026-03-19T12:28:46+00:00\",\"dateModified\":\"2026-03-19T12:28:47+00:00\",\"breadcrumb\":{\"@id\":\"https:\/\/vestelli.kansleri.fi\/sv\/varukorg\/#breadcrumb\"},\"inLanguage\":\"sv-SE\",\"potentialAction\":[{\"@type\":\"ReadAction\",\"target\":[\"https:\/\/vestelli.kansleri.fi\/sv\/varukorg\/\"]}]},{\"@type\":\"BreadcrumbList\",\"@id\":\"https:\/\/vestelli.kansleri.fi\/sv\/varukorg\/#breadcrumb\",\"itemListElement\":[{\"@type\":\"ListItem\",\"position\":1,\"name\":\"Home\",\"item\":\"https:\/\/vestelli.kansleri.fi\/sv\/ingangssida\/\"},{\"@type\":\"ListItem\",\"position\":2,\"name\":\"Varukorg\"}]},{\"@type\":\"WebSite\",\"@id\":\"https:\/\/vestelli.kansleri.fi\/sv\/#website\",\"url\":\"https:\/\/vestelli.kansleri.fi\/sv\/\",\"name\":\"Vestelli.fi\",\"description\":\"Puhtaiden vesien puolesta \u2013 tehokkaat j\u00e4tevesij\u00e4rjestelm\u00e4t\",\"publisher\":{\"@id\":\"https:\/\/vestelli.kansleri.fi\/sv\/#organization\"},\"potentialAction\":[{\"@type\":\"SearchAction\",\"target\":{\"@type\":\"EntryPoint\",\"urlTemplate\":\"https:\/\/vestelli.kansleri.fi\/sv\/?s={search_term_string}\"},\"query-input\":{\"@type\":\"PropertyValueSpecification\",\"valueRequired\":true,\"valueName\":\"search_term_string\"}}],\"inLanguage\":\"sv-SE\"},{\"@type\":\"Organization\",\"@id\":\"https:\/\/vestelli.kansleri.fi\/sv\/#organization\",\"name\":\"Vestelli Oy\",\"url\":\"https:\/\/vestelli.kansleri.fi\/sv\/\",\"logo\":{\"@type\":\"ImageObject\",\"inLanguage\":\"sv-SE\",\"@id\":\"https:\/\/vestelli.kansleri.fi\/sv\/#\/schema\/logo\/image\/\",\"url\":\"http:\/\/vestelli.kansleri.fi\/wp-content\/uploads\/2018\/05\/vestelli_logo-e1577697076704.png\",\"contentUrl\":\"http:\/\/vestelli.kansleri.fi\/wp-content\/uploads\/2018\/05\/vestelli_logo-e1577697076704.png\",\"width\":200,\"height\":72,\"caption\":\"Vestelli Oy\"},\"image\":{\"@id\":\"https:\/\/vestelli.kansleri.fi\/sv\/#\/schema\/logo\/image\/\"}}]}<\/script>\n<!-- \/ Yoast SEO plugin. -->","yoast_head_json":{"title":"Varukorg | Vestelli.fi","robots":{"index":"noindex","follow":"follow","max-snippet":"max-snippet:-1","max-image-preview":"max-image-preview:large","max-video-preview":"max-video-preview:-1"},"og_locale":"sv_SE","og_type":"article","og_title":"Varukorg | Vestelli.fi","og_url":"https:\/\/vestelli.kansleri.fi\/sv\/varukorg\/","og_site_name":"Vestelli.fi","article_modified_time":"2026-03-19T12:28:47+00:00","twitter_card":"summary_large_image","schema":{"@context":"https:\/\/schema.org","@graph":[{"@type":"WebPage","@id":"https:\/\/vestelli.kansleri.fi\/sv\/varukorg\/","url":"https:\/\/vestelli.kansleri.fi\/sv\/varukorg\/","name":"Varukorg | Vestelli.fi","isPartOf":{"@id":"https:\/\/vestelli.kansleri.fi\/sv\/#website"},"datePublished":"2026-03-19T12:28:46+00:00","dateModified":"2026-03-19T12:28:47+00:00","breadcrumb":{"@id":"https:\/\/vestelli.kansleri.fi\/sv\/varukorg\/#breadcrumb"},"inLanguage":"sv-SE","potentialAction":[{"@type":"ReadAction","target":["https:\/\/vestelli.kansleri.fi\/sv\/varukorg\/"]}]},{"@type":"BreadcrumbList","@id":"https:\/\/vestelli.kansleri.fi\/sv\/varukorg\/#breadcrumb","itemListElement":[{"@type":"ListItem","position":1,"name":"Home","item":"https:\/\/vestelli.kansleri.fi\/sv\/ingangssida\/"},{"@type":"ListItem","position":2,"name":"Varukorg"}]},{"@type":"WebSite","@id":"https:\/\/vestelli.kansleri.fi\/sv\/#website","url":"https:\/\/vestelli.kansleri.fi\/sv\/","name":"Vestelli.fi","description":"Puhtaiden vesien puolesta \u2013 tehokkaat j\u00e4tevesij\u00e4rjestelm\u00e4t","publisher":{"@id":"https:\/\/vestelli.kansleri.fi\/sv\/#organization"},"potentialAction":[{"@type":"SearchAction","target":{"@type":"EntryPoint","urlTemplate":"https:\/\/vestelli.kansleri.fi\/sv\/?s={search_term_string}"},"query-input":{"@type":"PropertyValueSpecification","valueRequired":true,"valueName":"search_term_string"}}],"inLanguage":"sv-SE"},{"@type":"Organization","@id":"https:\/\/vestelli.kansleri.fi\/sv\/#organization","name":"Vestelli Oy","url":"https:\/\/vestelli.kansleri.fi\/sv\/","logo":{"@type":"ImageObject","inLanguage":"sv-SE","@id":"https:\/\/vestelli.kansleri.fi\/sv\/#\/schema\/logo\/image\/","url":"http:\/\/vestelli.kansleri.fi\/wp-content\/uploads\/2018\/05\/vestelli_logo-e1577697076704.png","contentUrl":"http:\/\/vestelli.kansleri.fi\/wp-content\/uploads\/2018\/05\/vestelli_logo-e1577697076704.png","width":200,"height":72,"caption":"Vestelli Oy"},"image":{"@id":"https:\/\/vestelli.kansleri.fi\/sv\/#\/schema\/logo\/image\/"}}]}},"_links":{"self":[{"href":"https:\/\/vestelli.kansleri.fi\/sv\/wp-json\/wp\/v2\/pages\/8521","targetHints":{"allow":["GET"]}}],"collection":[{"href":"https:\/\/vestelli.kansleri.fi\/sv\/wp-json\/wp\/v2\/pages"}],"about":[{"href":"https:\/\/vestelli.kansleri.fi\/sv\/wp-json\/wp\/v2\/types\/page"}],"author":[{"embeddable":true,"href":"https:\/\/vestelli.kansleri.fi\/sv\/wp-json\/wp\/v2\/users\/37"}],"replies":[{"embeddable":true,"href":"https:\/\/vestelli.kansleri.fi\/sv\/wp-json\/wp\/v2\/comments?post=8521"}],"version-history":[{"count":1,"href":"https:\/\/vestelli.kansleri.fi\/sv\/wp-json\/wp\/v2\/pages\/8521\/revisions"}],"predecessor-version":[{"id":8525,"href":"https:\/\/vestelli.kansleri.fi\/sv\/wp-json\/wp\/v2\/pages\/8521\/revisions\/8525"}],"wp:attachment":[{"href":"https:\/\/vestelli.kansleri.fi\/sv\/wp-json\/wp\/v2\/media?parent=8521"}],"curies":[{"name":"wp","href":"https:\/\/api.w.org\/{rel}","templated":true}]}}